{"id":192928,"date":"2026-04-16T07:08:35","date_gmt":"2026-04-16T06:08:35","guid":{"rendered":"https:\/\/bigbuy.tupique.com\/produto\/pompe-a-eau-karcher-bp7-6000-l-h\/"},"modified":"2026-04-16T15:05:37","modified_gmt":"2026-04-16T14:05:37","slug":"pompe-a-eau-karcher-bp7-6000-l-h","status":"publish","type":"product","link":"https:\/\/bigbuy.tupique.com\/en\/produto\/pompe-a-eau-karcher-bp7-6000-l-h\/","title":{"rendered":"Pompe \u00e0 eau K\u00e4rcher BP7 6000 l\/h"},"content":{"rendered":"<p>Si vous aimez prendre soin de chaque d\u00e9tail de votre maison et d&#8217;\u00eatre \u00e0 la derni\u00e8re mode en mati\u00e8re de produits qui vous rendront la vie plus facile, achetez <b>Pompe \u00e0 eau K\u00e4rcher BP7 6000 l\/h<\/b> au meilleur prix.<\/p>\n<ul>\n<li>puissance: 1000 W<\/li>\n<li>Performance: 6000 l\/h<\/li>\n<li>Caract\u00e9ristiques:\n<ul>\n<li>Anse de transport<\/li>\n<li>Arr\u00eat Automatique<\/li>\n<li>Isolation thermique<\/li>\n<\/ul>\n<\/li>\n<\/ul>","protected":false},"excerpt":{"rendered":"<p>Si vous aimez prendre soin de chaque d\u00e9tail de votre maison et d&#8217;\u00eatre \u00e0 la derni\u00e8re mode en mati\u00e8re de produits qui vous rendront la vie plus facile, achetez Pompe \u00e0 eau K\u00e4rcher BP7 6000 l\/h au meilleur prix. puissance: 1000 W Performance: 6000 l\/h Caract\u00e9ristiques: Anse de transport Arr\u00eat Automatique Isolation thermique<\/p>","protected":false},"featured_media":192924,"comment_status":"open","ping_status":"closed","template":"","meta":[],"product_brand":[828],"product_cat":[759,239,1049],"product_tag":[59,210],"class_list":{"0":"post-192928","1":"product","2":"type-product","3":"status-publish","4":"has-post-thumbnail","6":"product_brand-brandp_1299","7":"product_cat-jardin-et-terrasse","8":"product_cat-maison-jardin","9":"product_cat-tuyaux-d-arrosage-et-accessoires","10":"product_tag-tag_1304","11":"product_tag-tag_25","13":"first","14":"instock","15":"taxable","16":"shipping-taxable","17":"purchasable","18":"product-type-simple"},"_links":{"self":[{"href":"https:\/\/bigbuy.tupique.com\/en\/wp-json\/wp\/v2\/product\/192928","targetHints":{"allow":["GET"]}}],"collection":[{"href":"https:\/\/bigbuy.tupique.com\/en\/wp-json\/wp\/v2\/product"}],"about":[{"href":"https:\/\/bigbuy.tupique.com\/en\/wp-json\/wp\/v2\/types\/product"}],"replies":[{"embeddable":true,"href":"https:\/\/bigbuy.tupique.com\/en\/wp-json\/wp\/v2\/comments?post=192928"}],"wp:featuredmedia":[{"embeddable":true,"href":"https:\/\/bigbuy.tupique.com\/en\/wp-json\/wp\/v2\/media\/192924"}],"wp:attachment":[{"href":"https:\/\/bigbuy.tupique.com\/en\/wp-json\/wp\/v2\/media?parent=192928"}],"wp:term":[{"taxonomy":"product_brand","embeddable":true,"href":"https:\/\/bigbuy.tupique.com\/en\/wp-json\/wp\/v2\/product_brand?post=192928"},{"taxonomy":"product_cat","embeddable":true,"href":"https:\/\/bigbuy.tupique.com\/en\/wp-json\/wp\/v2\/product_cat?post=192928"},{"taxonomy":"product_tag","embeddable":true,"href":"https:\/\/bigbuy.tupique.com\/en\/wp-json\/wp\/v2\/product_tag?post=192928"}],"curies":[{"name":"wp","href":"https:\/\/api.w.org\/{rel}","templated":true}]}}