{"id":192906,"date":"2026-04-16T06:58:42","date_gmt":"2026-04-16T05:58:42","guid":{"rendered":"https:\/\/bigbuy.tupique.com\/produto\/navigateur-gps-tom-tom-1yf6-002-10\/"},"modified":"2026-04-16T22:01:18","modified_gmt":"2026-04-16T21:01:18","slug":"navigateur-gps-tom-tom-1yf6-002-10","status":"publish","type":"product","link":"https:\/\/bigbuy.tupique.com\/en\/produto\/navigateur-gps-tom-tom-1yf6-002-10\/","title":{"rendered":"Navigateur GPS TOM TOM 1YF6.002.10"},"content":{"rendered":"<p>\u00c9quipez votre v\u00e9hicule avec les derni\u00e8res nouveaut\u00e9s du secteur ! Achetez <b>Navigateur GPS TOM TOM 1YF6.002.10<\/b> et aucun d\u00e9tail ne vous \u00e9chappera!<\/p>\n<p>Le <b>GPS navigateur<\/b> <b>TomTom 1YF6.002.10<\/b> offre une exp\u00e9rience de navigation avanc\u00e9e, sp\u00e9cialement con\u00e7ue pour les professionnels et les particuliers recherchant fiabilit\u00e9 et pr\u00e9cision lors de leurs d\u00e9placements routiers. Cet appareil se distingue par son <b>\u00e9cran tactile de 5 pouces (12,7 cm)<\/b> avec une r\u00e9solution de <b>1280 x 720 pixels<\/b>, garantissant une visualisation claire des cartes et itin\u00e9raires \u00e0 tout moment, pour une lecture et une utilisation facilit\u00e9es pendant la conduite. Il int\u00e8gre des <b>cartes de toute l\u2019Europe<\/b> pr\u00e9install\u00e9es, permettant un acc\u00e8s complet et actualis\u00e9 aux principales routes et destinations du continent, en faisant un outil indispensable pour les voyages internationaux comme pour les trajets nationaux. Sa <b>connectivit\u00e9 Bluetooth et Wi-Fi<\/b> permet la mise \u00e0 jour automatique des cartes et du logiciel, ainsi que la synchronisation avec smartphones et autres appareils, optimisant la gestion des itin\u00e9raires et la r\u00e9ception d\u2019informations en temps r\u00e9el telles que les alertes trafic ou conditions d\u00e9favorables. Dot\u00e9 de <b>32 Go de stockage interne flash<\/b>, il offre suffisamment d\u2019espace pour stocker des cartes suppl\u00e9mentaires et des donn\u00e9es personnalis\u00e9es. Le <b>design noir<\/b> apporte une allure professionnelle et discr\u00e8te, s\u2019adaptant \u00e0 tout int\u00e9rieur de v\u00e9hicule, tandis que son <b>format fixe<\/b> et la polyvalence d\u2019alimentation par batterie ou secteur assurent une utilisation continue et s\u00e9curis\u00e9e. Faisant partie de la gamme reconnue TomTom GO Professional, ce GPS est con\u00e7u pour g\u00e9rer les itin\u00e9raires de v\u00e9hicules professionnels n\u00e9cessitant des informations sur les restrictions de circulation, points d\u2019int\u00e9r\u00eat sp\u00e9cifiques et assistance multilingue. Avec toutes ces fonctionnalit\u00e9s, le TomTom 1YF6.002.10 s\u2019impose comme une solution fiable, avanc\u00e9e et compl\u00e8te pour ceux qui exigent pr\u00e9cision et mises \u00e0 jour constantes dans leur syst\u00e8me de navigation.<\/p>\n<ul>\n<li>Produit \u00e0 brancher: Oui<\/li>\n<li>Type de prise: Prise EU<\/li>\n<li>Bloc d\u2019Alimentation: r\u00e9seau \u00e9lectrique<\/li>\n<li>Couleur: Noir<\/li>\n<\/ul>","protected":false},"excerpt":{"rendered":"<p>\u00c9quipez votre v\u00e9hicule avec les derni\u00e8res nouveaut\u00e9s du secteur ! Achetez Navigateur GPS TOM TOM 1YF6.002.10 et aucun d\u00e9tail ne vous \u00e9chappera! Le GPS navigateur TomTom 1YF6.002.10 offre une exp\u00e9rience de navigation avanc\u00e9e, sp\u00e9cialement con\u00e7ue pour les professionnels et les particuliers recherchant fiabilit\u00e9 et pr\u00e9cision lors de leurs d\u00e9placements routiers. Cet appareil se distingue par [&hellip;]<\/p>\n","protected":false},"featured_media":192900,"comment_status":"open","ping_status":"closed","template":"","meta":[],"product_brand":[1098],"product_cat":[623,65,624],"product_tag":[59,164],"class_list":{"0":"post-192906","1":"product","2":"type-product","3":"status-publish","4":"has-post-thumbnail","6":"product_brand-brandp_9327","7":"product_cat-electronique-gps-et-automobile","8":"product_cat-informatique-electronique","9":"product_cat-navigateurs-gps","10":"product_tag-tag_1304","11":"product_tag-tag_152","13":"first","14":"instock","15":"taxable","16":"shipping-taxable","17":"purchasable","18":"product-type-simple"},"_links":{"self":[{"href":"https:\/\/bigbuy.tupique.com\/en\/wp-json\/wp\/v2\/product\/192906","targetHints":{"allow":["GET"]}}],"collection":[{"href":"https:\/\/bigbuy.tupique.com\/en\/wp-json\/wp\/v2\/product"}],"about":[{"href":"https:\/\/bigbuy.tupique.com\/en\/wp-json\/wp\/v2\/types\/product"}],"replies":[{"embeddable":true,"href":"https:\/\/bigbuy.tupique.com\/en\/wp-json\/wp\/v2\/comments?post=192906"}],"wp:featuredmedia":[{"embeddable":true,"href":"https:\/\/bigbuy.tupique.com\/en\/wp-json\/wp\/v2\/media\/192900"}],"wp:attachment":[{"href":"https:\/\/bigbuy.tupique.com\/en\/wp-json\/wp\/v2\/media?parent=192906"}],"wp:term":[{"taxonomy":"product_brand","embeddable":true,"href":"https:\/\/bigbuy.tupique.com\/en\/wp-json\/wp\/v2\/product_brand?post=192906"},{"taxonomy":"product_cat","embeddable":true,"href":"https:\/\/bigbuy.tupique.com\/en\/wp-json\/wp\/v2\/product_cat?post=192906"},{"taxonomy":"product_tag","embeddable":true,"href":"https:\/\/bigbuy.tupique.com\/en\/wp-json\/wp\/v2\/product_tag?post=192906"}],"curies":[{"name":"wp","href":"https:\/\/api.w.org\/{rel}","templated":true}]}}