{"id":19290,"date":"2026-03-29T16:02:36","date_gmt":"2026-03-29T15:02:36","guid":{"rendered":"https:\/\/bigbuy.tupique.com\/produto\/speakers-pioneer-dj-dm-50d-w\/"},"modified":"2026-05-11T20:02:51","modified_gmt":"2026-05-11T18:02:51","slug":"speakers-pioneer-dj-dm-50d-w","status":"publish","type":"product","link":"https:\/\/bigbuy.tupique.com\/en\/produto\/speakers-pioneer-dj-dm-50d-w\/","title":{"rendered":"Haut-parleurs Pioneer DJ DM-50D-W"},"content":{"rendered":"<p>Si vous \u00eates passionn\u00e9 d&#8217;<b>informatique et d&#8217;\u00e9lectronique<\/b>, si vous \u00eates \u00e0 la pointe de la technologie et qu&#8217;aucun d\u00e9tail ne vous \u00e9chappe, achetez <b>Haut-parleurs Pioneer DJ DM-50D-W<\/b> au meilleur prix.<\/p>\n<p>Le <b>paire d\u2019enceintes Pioneer DJ DM-50D-W<\/b> est un syst\u00e8me de monitoring de bureau sp\u00e9cialement con\u00e7u pour les professionnels et passionn\u00e9s du son qui exigent une reproduction audio pr\u00e9cise et d\u00e9taill\u00e9e dans des environnements DJ ou de production musicale. Ces enceintes de type <b>de bureau<\/b> pr\u00e9sentent un design compact en <b>blanc<\/b> facilitant leur int\u00e9gration esth\u00e9tique dans les studios et espaces de travail modernes. Elles int\u00e8grent la technologie <b>Bass Reflex<\/b>, am\u00e9liorant la r\u00e9ponse dans les basses fr\u00e9quences pour des graves plus profonds et d\u00e9finis, tandis que leur puissance totale atteint <b>50 W<\/b> r\u00e9partis en deux unit\u00e9s de 25 W, offrant un volume adapt\u00e9 \u00e0 un monitoring clair sans distorsion. Dot\u00e9es d\u2019une connectivit\u00e9 polyvalente, elles disposent d\u2019entr\u00e9es <b>Jack 3,5 mm<\/b> et de connexions <b>RCA<\/b>, assurant leur compatibilit\u00e9 avec une large gamme d\u2019appareils, des contr\u00f4leurs DJ aux interfaces audio et lecteurs multim\u00e9dias. Gr\u00e2ce \u00e0 leur mode double pour <b>DJ ou production<\/b>, le DM-50D-W s\u2019adapte au type d\u2019audio \u00e0 privil\u00e9gier, optimisant l\u2019\u00e9quilibre tonal selon l\u2019usage, que ce soit pour des mixages en direct ou un travail pr\u00e9cis en studio. Le pack inclut \u00e9galement un guide d\u2019installation facilitant un montage rapide et efficace. La r\u00e9putation de Pioneer dans les produits audio professionnels garantit la qualit\u00e9 sonore de ces enceintes, qui allient design, fonctionnalit\u00e9 et robustesse dans un produit destin\u00e9 \u00e0 ceux qui recherchent une pr\u00e9cision auditive sans n\u00e9cessiter de grandes surfaces. En r\u00e9sum\u00e9, le Pioneer DJ DM-50D-W est un syst\u00e8me d\u2019enceintes de bureau aux caract\u00e9ristiques techniques orient\u00e9es vers un usage professionnel, assurant une \u00e9coute fid\u00e8le et adaptable en production et performance musicale.<\/p>\n<ul>\n<li>Type:\n<ul>\n<li>Bureau<\/li>\n<li>D<\/li>\n<\/ul>\n<\/li>\n<li>Couleur: Blanc<\/li>\n<li>Caract\u00e9ristiques:\n<ul>\n<li>Haut-parleur<\/li>\n<li>Garantie<\/li>\n<li>Guide d&#8217;installation inclus<\/li>\n<\/ul>\n<\/li>\n<li>Bloc d\u2019Alimentation: Avec fil<\/li>\n<li>Connexions:\n<ul>\n<li>Jack 3.5 mm<\/li>\n<li>RCA<\/li>\n<\/ul>\n<\/li>\n<li>Fr\u00e9quence: 50 &#8211; 60 Hz<\/li>\n<li>Tension: 100 &#8211; 240 V<\/li>\n<li>consommation d&#8217;\u00e9nergie: 25 kWh<\/li>\n<li>Mati\u00e8re: Bois MDF<\/li>\n<li>puissance: 50 W<\/li>\n<li>Non inclut: Bluetooth<\/li>\n<li>Haut-parleurs: Tweeter<\/li>\n<\/ul>","protected":false},"excerpt":{"rendered":"<p>Si vous \u00eates passionn\u00e9 d&#8217;informatique et d&#8217;\u00e9lectronique, si vous \u00eates \u00e0 la pointe de la technologie et qu&#8217;aucun d\u00e9tail ne vous \u00e9chappe, achetez Haut-parleurs Pioneer DJ DM-50D-W au meilleur prix. Le paire d\u2019enceintes Pioneer DJ DM-50D-W est un syst\u00e8me de monitoring de bureau sp\u00e9cialement con\u00e7u pour les professionnels et passionn\u00e9s du son qui exigent une [&hellip;]<\/p>\n","protected":false},"featured_media":19287,"comment_status":"open","ping_status":"closed","template":"","meta":[],"product_brand":[849],"product_cat":[755,763,65],"product_tag":[59],"class_list":{"0":"post-19290","1":"product","2":"type-product","3":"status-publish","4":"has-post-thumbnail","6":"product_brand-brandp_2836","7":"product_cat-electronique-son","8":"product_cat-haut-parleurs","9":"product_cat-informatique-electronique","10":"product_tag-tag_1304","12":"first","13":"instock","14":"taxable","15":"shipping-taxable","16":"purchasable","17":"product-type-simple"},"_links":{"self":[{"href":"https:\/\/bigbuy.tupique.com\/en\/wp-json\/wp\/v2\/product\/19290","targetHints":{"allow":["GET"]}}],"collection":[{"href":"https:\/\/bigbuy.tupique.com\/en\/wp-json\/wp\/v2\/product"}],"about":[{"href":"https:\/\/bigbuy.tupique.com\/en\/wp-json\/wp\/v2\/types\/product"}],"replies":[{"embeddable":true,"href":"https:\/\/bigbuy.tupique.com\/en\/wp-json\/wp\/v2\/comments?post=19290"}],"wp:featuredmedia":[{"embeddable":true,"href":"https:\/\/bigbuy.tupique.com\/en\/wp-json\/wp\/v2\/media\/19287"}],"wp:attachment":[{"href":"https:\/\/bigbuy.tupique.com\/en\/wp-json\/wp\/v2\/media?parent=19290"}],"wp:term":[{"taxonomy":"product_brand","embeddable":true,"href":"https:\/\/bigbuy.tupique.com\/en\/wp-json\/wp\/v2\/product_brand?post=19290"},{"taxonomy":"product_cat","embeddable":true,"href":"https:\/\/bigbuy.tupique.com\/en\/wp-json\/wp\/v2\/product_cat?post=19290"},{"taxonomy":"product_tag","embeddable":true,"href":"https:\/\/bigbuy.tupique.com\/en\/wp-json\/wp\/v2\/product_tag?post=19290"}],"curies":[{"name":"wp","href":"https:\/\/api.w.org\/{rel}","templated":true}]}}