{"id":192703,"date":"2026-04-16T06:08:32","date_gmt":"2026-04-16T05:08:32","guid":{"rendered":"https:\/\/bigbuy.tupique.com\/produto\/poubelle-kitchen-move-acier-40-l\/"},"modified":"2026-04-16T18:50:43","modified_gmt":"2026-04-16T17:50:43","slug":"poubelle-kitchen-move-acier-40-l","status":"publish","type":"product","link":"https:\/\/bigbuy.tupique.com\/en\/produto\/poubelle-kitchen-move-acier-40-l\/","title":{"rendered":"Poubelle Kitchen Move Acier 40 L"},"content":{"rendered":"<p>Si vous aimez prendre soin de chaque d\u00e9tail de votre maison et d&#8217;\u00eatre \u00e0 la derni\u00e8re mode en mati\u00e8re de produits qui vous rendront la vie plus facile, achetez <b>Poubelle Kitchen Move Acier 40 L<\/b> au meilleur prix.<\/p>\n<p>Le <b>poubelle<\/b> de la marque <b>Kitchen Move<\/b> se distingue par son aspect fonctionnel et esth\u00e9tique, id\u00e9al pour tout espace, sp\u00e9cialement con\u00e7u pour optimiser l\u2019organisation dans les cuisines, salles de bains, bureaux ou chambres. Fabriqu\u00e9 en <b>acier inoxydable bross\u00e9 de 0,4 mm<\/b>, il pr\u00e9sente une finition <b>grise<\/b> \u00e9l\u00e9gante et r\u00e9sistante, facilitant le nettoyage et l\u2019entretien, tout en \u00e9tant r\u00e9sistant \u00e0 la corrosion et aux traces de doigts. Son design rectangulaire <b>\u00e9troit<\/b> de <b>48x29x64 cm<\/b> permet de gagner de la place sans sacrifier la capacit\u00e9, offrant un volume de stockage de <b>40 litres<\/b>, id\u00e9al pour un usage domestique ou professionnel. Ce mod\u00e8le int\u00e8gre un <b>m\u00e9canisme \u00e0 p\u00e9dale manuel<\/b> robuste et simple d\u2019utilisation, permettant d\u2019ouvrir sans toucher le couvercle, pour une utilisation plus hygi\u00e9nique et confortable. Il dispose \u00e9galement d\u2019un syst\u00e8me de <b>fermeture lente et silencieuse<\/b> gr\u00e2ce \u00e0 un amortisseur int\u00e9gr\u00e9, \u00e9vitant les bruits g\u00eanants et les odeurs, assurant une gestion discr\u00e8te des d\u00e9chets. L\u2019int\u00e9rieur comprend un seau en plastique amovible facilitant le vidage et le nettoyage, avec un support con\u00e7u pour maintenir le sac-poubelle, ainsi qu\u2019un bord protecteur en plastique qui pr\u00e9serve les sols fragiles des rayures ou dommages. Sa base est \u00e9quip\u00e9e d\u2019une surface antid\u00e9rapante pour assurer la stabilit\u00e9 et \u00e9viter tout d\u00e9placement accidentel lors de l\u2019utilisation. Une poign\u00e9e r\u00e9sistante facilite le transport si n\u00e9cessaire. Ce poubelle allie fonctionnalit\u00e9, durabilit\u00e9 et finition professionnelle, s\u2019int\u00e9grant parfaitement \u00e0 la d\u00e9coration tout en restant un \u00e9l\u00e9ment utile et durable dans la maison ou au travail. Son design ergonomique \u00e9vite de se pencher pour d\u00e9poser les d\u00e9chets, offrant confort et efficacit\u00e9 au quotidien. En r\u00e9sum\u00e9, le poubelle Kitchen Move est une solution pratique et bien con\u00e7ue pour ceux qui recherchent un produit de haute qualit\u00e9 au style moderne et discret.<\/p>\n<ul>\n<li>Type: Seau \u00e0 d\u00e9chets avec p\u00e9dale<\/li>\n<li>Mat\u00e9riel: Acier<\/li>\n<li>Caract\u00e9ristiques:\n<ul>\n<li>Base antid\u00e9rapante<\/li>\n<li>Facilit\u00e9 d&#8217;utilisation<\/li>\n<\/ul>\n<\/li>\n<li>Capacit\u00e9: 40 L<\/li>\n<\/ul>","protected":false},"excerpt":{"rendered":"<p><span class=\"unit-info\">2.9248 &euro; \/ 1 l<\/span><\/p>","protected":false},"featured_media":192701,"comment_status":"open","ping_status":"closed","template":"","meta":[],"product_brand":[1446],"product_cat":[241,239,240],"product_tag":[59],"class_list":{"0":"post-192703","1":"product","2":"type-product","3":"status-publish","4":"has-post-thumbnail","6":"product_brand-brandp_6140","7":"product_cat-autres-produits-menagers","8":"product_cat-maison-jardin","9":"product_cat-nettoyage-aspirateur-et-repassage","10":"product_tag-tag_1304","12":"first","13":"instock","14":"taxable","15":"shipping-taxable","16":"purchasable","17":"product-type-simple"},"_links":{"self":[{"href":"https:\/\/bigbuy.tupique.com\/en\/wp-json\/wp\/v2\/product\/192703","targetHints":{"allow":["GET"]}}],"collection":[{"href":"https:\/\/bigbuy.tupique.com\/en\/wp-json\/wp\/v2\/product"}],"about":[{"href":"https:\/\/bigbuy.tupique.com\/en\/wp-json\/wp\/v2\/types\/product"}],"replies":[{"embeddable":true,"href":"https:\/\/bigbuy.tupique.com\/en\/wp-json\/wp\/v2\/comments?post=192703"}],"wp:featuredmedia":[{"embeddable":true,"href":"https:\/\/bigbuy.tupique.com\/en\/wp-json\/wp\/v2\/media\/192701"}],"wp:attachment":[{"href":"https:\/\/bigbuy.tupique.com\/en\/wp-json\/wp\/v2\/media?parent=192703"}],"wp:term":[{"taxonomy":"product_brand","embeddable":true,"href":"https:\/\/bigbuy.tupique.com\/en\/wp-json\/wp\/v2\/product_brand?post=192703"},{"taxonomy":"product_cat","embeddable":true,"href":"https:\/\/bigbuy.tupique.com\/en\/wp-json\/wp\/v2\/product_cat?post=192703"},{"taxonomy":"product_tag","embeddable":true,"href":"https:\/\/bigbuy.tupique.com\/en\/wp-json\/wp\/v2\/product_tag?post=192703"}],"curies":[{"name":"wp","href":"https:\/\/api.w.org\/{rel}","templated":true}]}}