{"id":192432,"date":"2026-04-16T02:16:22","date_gmt":"2026-04-16T01:16:22","guid":{"rendered":"https:\/\/bigbuy.tupique.com\/produto\/antivirus-qnap-ls-q2lite-frankfurt\/"},"modified":"2026-04-16T05:30:12","modified_gmt":"2026-04-16T04:30:12","slug":"antivirus-qnap-ls-q2lite-frankfurt","status":"publish","type":"product","link":"https:\/\/bigbuy.tupique.com\/en\/produto\/antivirus-qnap-ls-q2lite-frankfurt\/","title":{"rendered":"Antivirus Qnap LS-Q2LITE-FRANKFURT-"},"content":{"rendered":"<p>Si vous \u00eates \u00e0 la recherche de nouvelles tendances sur le march\u00e9, nous vous pr\u00e9sentons <b>Antivirus Qnap LS-Q2LITE-FRANKFURT-<\/b> !<\/p>","protected":false},"excerpt":{"rendered":"<p>Si vous \u00eates \u00e0 la recherche de nouvelles tendances sur le march\u00e9, nous vous pr\u00e9sentons Antivirus Qnap LS-Q2LITE-FRANKFURT- !<\/p>","protected":false},"featured_media":192431,"comment_status":"open","ping_status":"closed","template":"","meta":[],"product_brand":[646],"product_cat":[783,65,581],"product_tag":[567,106],"class_list":{"0":"post-192432","1":"product","2":"type-product","3":"status-publish","4":"has-post-thumbnail","6":"product_brand-brandp_4747","7":"product_cat-accessoires-d-informatique","8":"product_cat-informatique-electronique","9":"product_cat-informatique-peripheriques-et-consommables","10":"product_tag-tag_556","11":"product_tag-tag_1295","13":"first","14":"instock","15":"taxable","16":"shipping-taxable","17":"purchasable","18":"product-type-simple"},"_links":{"self":[{"href":"https:\/\/bigbuy.tupique.com\/en\/wp-json\/wp\/v2\/product\/192432","targetHints":{"allow":["GET"]}}],"collection":[{"href":"https:\/\/bigbuy.tupique.com\/en\/wp-json\/wp\/v2\/product"}],"about":[{"href":"https:\/\/bigbuy.tupique.com\/en\/wp-json\/wp\/v2\/types\/product"}],"replies":[{"embeddable":true,"href":"https:\/\/bigbuy.tupique.com\/en\/wp-json\/wp\/v2\/comments?post=192432"}],"wp:featuredmedia":[{"embeddable":true,"href":"https:\/\/bigbuy.tupique.com\/en\/wp-json\/wp\/v2\/media\/192431"}],"wp:attachment":[{"href":"https:\/\/bigbuy.tupique.com\/en\/wp-json\/wp\/v2\/media?parent=192432"}],"wp:term":[{"taxonomy":"product_brand","embeddable":true,"href":"https:\/\/bigbuy.tupique.com\/en\/wp-json\/wp\/v2\/product_brand?post=192432"},{"taxonomy":"product_cat","embeddable":true,"href":"https:\/\/bigbuy.tupique.com\/en\/wp-json\/wp\/v2\/product_cat?post=192432"},{"taxonomy":"product_tag","embeddable":true,"href":"https:\/\/bigbuy.tupique.com\/en\/wp-json\/wp\/v2\/product_tag?post=192432"}],"curies":[{"name":"wp","href":"https:\/\/api.w.org\/{rel}","templated":true}]}}