{"id":192337,"date":"2026-04-16T02:07:05","date_gmt":"2026-04-16T01:07:05","guid":{"rendered":"https:\/\/bigbuy.tupique.com\/produto\/kit-de-fraises-multiusages-bosch-2607017475-30-pieces\/"},"modified":"2026-04-16T16:25:08","modified_gmt":"2026-04-16T15:25:08","slug":"kit-de-fraises-multiusages-bosch-2607017475-30-pieces","status":"publish","type":"product","link":"https:\/\/bigbuy.tupique.com\/en\/produto\/kit-de-fraises-multiusages-bosch-2607017475-30-pieces\/","title":{"rendered":"Kit de fraises multiusages BOSCH 2607017475 30 Pi\u00e8ces"},"content":{"rendered":"<p>Si vous aimez prendre soin de chaque d\u00e9tail de votre maison et d&#8217;\u00eatre \u00e0 la derni\u00e8re mode en mati\u00e8re de produits qui vous rendront la vie plus facile, achetez <b>Kit de fraises multiusages BOSCH 2607017475 30 Pi\u00e8ces<\/b> au meilleur prix.<\/p>\n<p>Le <b>Set de fraises multi-usages BOSCH 2607017475<\/b> est une solution compl\u00e8te con\u00e7ue pour les professionnels et les amateurs exigeant pr\u00e9cision et polyvalence dans les travaux d\u2019usinage et de menuiserie. Cet <b>ensemble de 30 pi\u00e8ces<\/b> est enti\u00e8rement fabriqu\u00e9 en <b>m\u00e9tal chrom\u00e9<\/b>, garantissant une grande r\u00e9sistance \u00e0 l\u2019usure et une longue dur\u00e9e de vie m\u00eame en usage intensif. Chaque fraise poss\u00e8de une conception robuste offrant des coupes nettes et ma\u00eetris\u00e9es sur diff\u00e9rents mat\u00e9riaux, optimisant ainsi le travail aussi bien sur bois tendres que sur bois durs et panneaux composites. Son <b>diam\u00e8tre de queue de 8 mm<\/b> assure une compatibilit\u00e9 avec la plupart des d\u00e9fonceuses standards, permettant un montage s\u00fbr et stable. L\u2019ensemble, d\u2019un poids total de <b>2,1 kg<\/b>, est pr\u00e9sent\u00e9 dans un coffret organis\u00e9 facilitant le transport et l\u2019identification rapide de chaque type de fraise, couvrant des profils droits, coniques, en V et divers finis d\u00e9coratifs. Fabriqu\u00e9 selon les normes de qualit\u00e9 strictes de Bosch et provenant de Chine, ce set constitue une option fiable et efficace pour r\u00e9aliser des coupes, rainurages et moulures pr\u00e9cis dans de nombreuses applications. En somme, c\u2019est le choix id\u00e9al pour ceux qui recherchent un kit complet et durable pour divers travaux de fraisage.<\/p>\n<ul>\n<li>Mati\u00e8re: M\u00e9tal<\/li>\n<li>Finition: Chrome<\/li>\n<li>Nombre de pi\u00e8ces: 30 Pi\u00e8ces<\/li>\n<li>Poids: 2,1 Kg<\/li>\n<\/ul>","protected":false},"excerpt":{"rendered":"<p>Si vous aimez prendre soin de chaque d\u00e9tail de votre maison et d&#8217;\u00eatre \u00e0 la derni\u00e8re mode en mati\u00e8re de produits qui vous rendront la vie plus facile, achetez Kit de fraises multiusages BOSCH 2607017475 30 Pi\u00e8ces au meilleur prix. Le Set de fraises multi-usages BOSCH 2607017475 est une solution compl\u00e8te con\u00e7ue pour les professionnels [&hellip;]<\/p>\n","protected":false},"featured_media":192324,"comment_status":"open","ping_status":"closed","template":"","meta":[],"product_brand":[162],"product_cat":[613,239],"product_tag":[59,210],"class_list":{"0":"post-192337","1":"product","2":"type-product","3":"status-publish","4":"has-post-thumbnail","6":"product_brand-brandp_959","7":"product_cat-bricolage-et-materiel","8":"product_cat-maison-jardin","9":"product_tag-tag_1304","10":"product_tag-tag_25","12":"first","13":"instock","14":"taxable","15":"shipping-taxable","16":"purchasable","17":"product-type-simple"},"_links":{"self":[{"href":"https:\/\/bigbuy.tupique.com\/en\/wp-json\/wp\/v2\/product\/192337","targetHints":{"allow":["GET"]}}],"collection":[{"href":"https:\/\/bigbuy.tupique.com\/en\/wp-json\/wp\/v2\/product"}],"about":[{"href":"https:\/\/bigbuy.tupique.com\/en\/wp-json\/wp\/v2\/types\/product"}],"replies":[{"embeddable":true,"href":"https:\/\/bigbuy.tupique.com\/en\/wp-json\/wp\/v2\/comments?post=192337"}],"wp:featuredmedia":[{"embeddable":true,"href":"https:\/\/bigbuy.tupique.com\/en\/wp-json\/wp\/v2\/media\/192324"}],"wp:attachment":[{"href":"https:\/\/bigbuy.tupique.com\/en\/wp-json\/wp\/v2\/media?parent=192337"}],"wp:term":[{"taxonomy":"product_brand","embeddable":true,"href":"https:\/\/bigbuy.tupique.com\/en\/wp-json\/wp\/v2\/product_brand?post=192337"},{"taxonomy":"product_cat","embeddable":true,"href":"https:\/\/bigbuy.tupique.com\/en\/wp-json\/wp\/v2\/product_cat?post=192337"},{"taxonomy":"product_tag","embeddable":true,"href":"https:\/\/bigbuy.tupique.com\/en\/wp-json\/wp\/v2\/product_tag?post=192337"}],"curies":[{"name":"wp","href":"https:\/\/api.w.org\/{rel}","templated":true}]}}