{"id":192252,"date":"2026-04-16T02:03:33","date_gmt":"2026-04-16T01:03:33","guid":{"rendered":"https:\/\/bigbuy.tupique.com\/produto\/jeu-de-societe-ravensburger-phosphorescent-cockroach-panic\/"},"modified":"2026-04-16T20:31:26","modified_gmt":"2026-04-16T19:31:26","slug":"jeu-de-societe-ravensburger-phosphorescent-cockroach-panic","status":"publish","type":"product","link":"https:\/\/bigbuy.tupique.com\/en\/produto\/jeu-de-societe-ravensburger-phosphorescent-cockroach-panic\/","title":{"rendered":"Jeu de soci\u00e9t\u00e9 Ravensburger Phosphorescent Cockroach Panic"},"content":{"rendered":"<p>Les enfants m\u00e9ritent ce qu\u2019il y a de mieux, nous vous pr\u00e9sentons donc <b>Jeu de soci\u00e9t\u00e9 Ravensburger Phosphorescent Cockroach Panic<\/b>, id\u00e9al pour ceux qui cherchent des produits de qualit\u00e9 pour les plus petits ! Procurez-vous <b>Ravensburger<\/b> aux meilleurs prix !<\/p>\n<p>Le <b>Phosphorescent Cockroach Panic<\/b> de la c\u00e9l\u00e8bre marque Ravensburger est un <b>jeu de soci\u00e9t\u00e9<\/b> con\u00e7u pour enfants et parents, id\u00e9al d\u00e8s <b>5 ans<\/b>. Cette \u00e9dition sp\u00e9ciale, qui c\u00e9l\u00e8bre le dixi\u00e8me anniversaire, offre une exp\u00e9rience ludique et dynamique bas\u00e9e sur la rapidit\u00e9 et l\u2019agilit\u00e9 mentale, parfaite pour des groupes de <b>2 \u00e0 4 joueurs<\/b>. Fabriqu\u00e9 en <b>carton r\u00e9sistant<\/b>, il garantit durabilit\u00e9 et confort pendant les parties. Sa langue principale est le <b>fran\u00e7ais<\/b>, ce qui ajoute une valeur pour ceux qui souhaitent pratiquer ou d\u00e9couvrir la langue dans un contexte ludique. Le jeu se distingue par son th\u00e8me original et amusant, mettant en avant son \u00e9l\u00e9ment phosphorescent qui apporte une touche visuelle unique durant la partie, renfor\u00e7ant l\u2019interaction et le divertissement entre les participants. La m\u00e9canique repose sur la rapidit\u00e9 et l\u2019attention, d\u00e9veloppant des comp\u00e9tences cognitives et de r\u00e9action, id\u00e9al pour des moments de loisir en famille ou entre amis. Ravensburger, reconnue pour la qualit\u00e9 et la fiabilit\u00e9 de ses jeux de soci\u00e9t\u00e9, garantit avec ce produit une exp\u00e9rience agr\u00e9able, \u00e9ducative et un design pens\u00e9 pour stimuler la participation active des plus jeunes sans exclure les adultes. En r\u00e9sum\u00e9, ce titre est une option recommand\u00e9e pour ceux qui recherchent un jeu de soci\u00e9t\u00e9 divertissant, accessible, avec des composants sp\u00e9cialement con\u00e7us pour favoriser l\u2019interaction et le plaisir en famille.<\/p>\n<ul>\n<li>Langue: Fran\u00e7ais<\/li>\n<li>Type: Jeu de soci\u00e9t\u00e9<\/li>\n<li>Mati\u00e8re: Carton<\/li>\n<li>\u00c2ge recommand\u00e9: + 5 Ans<\/li>\n<li>Piles incluses: Oui<\/li>\n<li>Nombre de joueurs: 2 &#8211; 4<\/li>\n<\/ul>","protected":false},"excerpt":{"rendered":"<p>Les enfants m\u00e9ritent ce qu\u2019il y a de mieux, nous vous pr\u00e9sentons donc Jeu de soci\u00e9t\u00e9 Ravensburger Phosphorescent Cockroach Panic, id\u00e9al pour ceux qui cherchent des produits de qualit\u00e9 pour les plus petits ! Procurez-vous Ravensburger aux meilleurs prix ! Le Phosphorescent Cockroach Panic de la c\u00e9l\u00e8bre marque Ravensburger est un jeu de soci\u00e9t\u00e9 con\u00e7u [&hellip;]<\/p>\n","protected":false},"featured_media":192248,"comment_status":"open","ping_status":"closed","template":"","meta":[],"product_brand":[815],"product_cat":[620,157,158],"product_tag":[57,59],"class_list":{"0":"post-192252","1":"product","2":"type-product","3":"status-publish","4":"has-post-thumbnail","6":"product_brand-brandp_1926","7":"product_cat-jeux-de-societe-pour-enfants","8":"product_cat-jouets-deguisements","9":"product_cat-jouets-et-jeux","10":"product_tag-tag_1275","11":"product_tag-tag_1304","13":"first","14":"instock","15":"taxable","16":"shipping-taxable","17":"purchasable","18":"product-type-simple"},"_links":{"self":[{"href":"https:\/\/bigbuy.tupique.com\/en\/wp-json\/wp\/v2\/product\/192252","targetHints":{"allow":["GET"]}}],"collection":[{"href":"https:\/\/bigbuy.tupique.com\/en\/wp-json\/wp\/v2\/product"}],"about":[{"href":"https:\/\/bigbuy.tupique.com\/en\/wp-json\/wp\/v2\/types\/product"}],"replies":[{"embeddable":true,"href":"https:\/\/bigbuy.tupique.com\/en\/wp-json\/wp\/v2\/comments?post=192252"}],"wp:featuredmedia":[{"embeddable":true,"href":"https:\/\/bigbuy.tupique.com\/en\/wp-json\/wp\/v2\/media\/192248"}],"wp:attachment":[{"href":"https:\/\/bigbuy.tupique.com\/en\/wp-json\/wp\/v2\/media?parent=192252"}],"wp:term":[{"taxonomy":"product_brand","embeddable":true,"href":"https:\/\/bigbuy.tupique.com\/en\/wp-json\/wp\/v2\/product_brand?post=192252"},{"taxonomy":"product_cat","embeddable":true,"href":"https:\/\/bigbuy.tupique.com\/en\/wp-json\/wp\/v2\/product_cat?post=192252"},{"taxonomy":"product_tag","embeddable":true,"href":"https:\/\/bigbuy.tupique.com\/en\/wp-json\/wp\/v2\/product_tag?post=192252"}],"curies":[{"name":"wp","href":"https:\/\/api.w.org\/{rel}","templated":true}]}}