{"id":192243,"date":"2026-04-16T01:53:12","date_gmt":"2026-04-16T00:53:12","guid":{"rendered":"https:\/\/bigbuy.tupique.com\/produto\/set-de-construction-lego-star-wars-75345-fighting-pack-of-the-troopers-clone-of-the-501st-legion\/"},"modified":"2026-04-16T19:35:35","modified_gmt":"2026-04-16T18:35:35","slug":"set-de-construction-lego-star-wars-75345-fighting-pack-of-the-troopers-clone-of-the-501st-legion","status":"publish","type":"product","link":"https:\/\/bigbuy.tupique.com\/en\/produto\/set-de-construction-lego-star-wars-75345-fighting-pack-of-the-troopers-clone-of-the-501st-legion\/","title":{"rendered":"Set de construction Lego Star Wars 75345 Fighting Pack of the Troopers Clone of the 501st Legion"},"content":{"rendered":"<p>Les enfants m\u00e9ritent ce qu\u2019il y a de mieux, nous vous pr\u00e9sentons donc <b>Set de construction Lego Star Wars 75345 Fighting Pack of the Troopers Clone of the 501st Legion<\/b>, id\u00e9al pour ceux qui cherchent des produits de qualit\u00e9 pour les plus petits ! Procurez-vous <b>Lego<\/b> aux meilleurs prix !<\/p>\n<ul>\n<li>Couleur: Multicouleur<\/li>\n<li>\u00c2ge recommand\u00e9: + 6 Ans<\/li>\n<li>Nombre de pi\u00e8ces: 119 Pi\u00e8ces<\/li>\n<li>Type: Set de construction<\/li>\n<\/ul>","protected":false},"excerpt":{"rendered":"<p>Les enfants m\u00e9ritent ce qu\u2019il y a de mieux, nous vous pr\u00e9sentons donc Set de construction Lego Star Wars 75345 Fighting Pack of the Troopers Clone of the 501st Legion, id\u00e9al pour ceux qui cherchent des produits de qualit\u00e9 pour les plus petits ! Procurez-vous Lego aux meilleurs prix ! Couleur: Multicouleur \u00c2ge recommand\u00e9: + [&hellip;]<\/p>\n","protected":false},"featured_media":192229,"comment_status":"open","ping_status":"closed","template":"","meta":[],"product_brand":[819],"product_cat":[157,158,761],"product_tag":[57,59],"class_list":{"0":"post-192243","1":"product","2":"type-product","3":"status-publish","4":"has-post-thumbnail","6":"product_brand-brandp_2854","7":"product_cat-jouets-deguisements","8":"product_cat-jouets-et-jeux","9":"product_cat-puzzles-et-constructions","10":"product_tag-tag_1275","11":"product_tag-tag_1304","13":"first","14":"instock","15":"taxable","16":"shipping-taxable","17":"purchasable","18":"product-type-simple"},"_links":{"self":[{"href":"https:\/\/bigbuy.tupique.com\/en\/wp-json\/wp\/v2\/product\/192243","targetHints":{"allow":["GET"]}}],"collection":[{"href":"https:\/\/bigbuy.tupique.com\/en\/wp-json\/wp\/v2\/product"}],"about":[{"href":"https:\/\/bigbuy.tupique.com\/en\/wp-json\/wp\/v2\/types\/product"}],"replies":[{"embeddable":true,"href":"https:\/\/bigbuy.tupique.com\/en\/wp-json\/wp\/v2\/comments?post=192243"}],"wp:featuredmedia":[{"embeddable":true,"href":"https:\/\/bigbuy.tupique.com\/en\/wp-json\/wp\/v2\/media\/192229"}],"wp:attachment":[{"href":"https:\/\/bigbuy.tupique.com\/en\/wp-json\/wp\/v2\/media?parent=192243"}],"wp:term":[{"taxonomy":"product_brand","embeddable":true,"href":"https:\/\/bigbuy.tupique.com\/en\/wp-json\/wp\/v2\/product_brand?post=192243"},{"taxonomy":"product_cat","embeddable":true,"href":"https:\/\/bigbuy.tupique.com\/en\/wp-json\/wp\/v2\/product_cat?post=192243"},{"taxonomy":"product_tag","embeddable":true,"href":"https:\/\/bigbuy.tupique.com\/en\/wp-json\/wp\/v2\/product_tag?post=192243"}],"curies":[{"name":"wp","href":"https:\/\/api.w.org\/{rel}","templated":true}]}}