{"id":19224,"date":"2026-03-29T16:00:52","date_gmt":"2026-03-29T15:00:52","guid":{"rendered":"https:\/\/bigbuy.tupique.com\/produto\/multifunction-printer-brother-mfcl8340cdwre1\/"},"modified":"2026-04-16T16:41:15","modified_gmt":"2026-04-16T15:41:15","slug":"multifunction-printer-brother-mfcl8340cdwre1","status":"publish","type":"product","link":"https:\/\/bigbuy.tupique.com\/en\/produto\/multifunction-printer-brother-mfcl8340cdwre1\/","title":{"rendered":"Imprimante Multifonction Brother MFCL8340CDWRE1"},"content":{"rendered":"<p>Si vous \u00eates passionn\u00e9 d&#8217;<b>informatique et d&#8217;\u00e9lectronique<\/b>, si vous \u00eates \u00e0 la pointe de la technologie et qu&#8217;aucun d\u00e9tail ne vous \u00e9chappe, achetez <b>Imprimante Multifonction Brother MFCL8340CDWRE1<\/b> au meilleur prix.<\/p>\n<p>La <b>Brother MFCL8340CDWRE1 imprimante laser multifonction<\/b> offre une solution professionnelle et polyvalente pour les environnements de bureau n\u00e9cessitant qualit\u00e9 et efficacit\u00e9 en impression couleur. Cet appareil combine la technologie laser avec un design en <b>blanc et gris<\/b> sophistiqu\u00e9, s\u2019adaptant facilement \u00e0 tout espace de travail moderne. Il se distingue par sa capacit\u00e9 \u00e0 imprimer jusqu\u2019\u00e0 <b>21 pages par minute<\/b>, garantissant rapidit\u00e9 sans sacrifier nettet\u00e9 ni pr\u00e9cision \u00e0 chaque document. Il int\u00e8gre un <b>\u00e9cran couleur<\/b> intuitif facilitant la navigation et la configuration directement depuis le panneau, acc\u00e9l\u00e9rant les t\u00e2ches quotidiennes. Ses fonctions multifonctions incluent impression, num\u00e9risation, copie et fax, offrant un appareil complet couvrant plusieurs besoins. C\u00f4t\u00e9 connectivit\u00e9, il propose des options avanc\u00e9es telles que le <b>Wi-Fi 4 (802.11n)<\/b> et le <b>NFC<\/b>, permettant une connexion simple et flexible avec divers appareils, ainsi que l\u2019impression sans fil depuis smartphones et tablettes, optimisant le flux de travail et supprimant les c\u00e2bles inutiles. Sa technologie laser LED assure une qualit\u00e9 constante, avec des couleurs vives et des textes nets, id\u00e9ale pour des pr\u00e9sentations professionnelles ou des documents exigeant une finition soign\u00e9e. La Brother MFCL8340CDWRE1 se positionne comme une imprimante robuste, con\u00e7ue pour des environnements o\u00f9 vitesse, connectivit\u00e9 et qualit\u00e9 d\u2019impression sont des priorit\u00e9s. C\u2019est le choix adapt\u00e9 pour les utilisateurs recherchant un appareil multifonction fiable et performant, avec un design fonctionnel et moderne facilitant son int\u00e9gration dans tout cadre professionnel.<\/p>\n<ul>\n<li>Type:\n<ul>\n<li>Couleur<\/li>\n<li>Imprimante laser couleur<\/li>\n<li>Imprimante laser<\/li>\n<li>Imprimante Multifonction<\/li>\n<\/ul>\n<\/li>\n<li>Largeur:\n<ul>\n<li>410 mm<\/li>\n<li>58,3 cm<\/li>\n<li>46,2 cm<\/li>\n<li>41 cm<\/li>\n<\/ul>\n<\/li>\n<li>Ethernet: Non<\/li>\n<li>Papier:\n<ul>\n<li>A4<\/li>\n<li>B5<\/li>\n<\/ul>\n<\/li>\n<li>Capacit\u00e9: 250 Volets<\/li>\n<li>Technologie:\n<ul>\n<li>Laser<\/li>\n<li>LED<\/li>\n<\/ul>\n<\/li>\n<li>R\u00e9solution d&#8217;image maximale:\n<ul>\n<li>1200 x 1200 dpi<\/li>\n<li>600 x 600 dpi<\/li>\n<li>2400 x 600 dpi<\/li>\n<\/ul>\n<\/li>\n<li>Couleur:\n<ul>\n<li>Blanc<\/li>\n<li>Gris<\/li>\n<\/ul>\n<\/li>\n<li>Caract\u00e9ristiques:\n<ul>\n<li>Fax<\/li>\n<li>\u00c9cran integr\u00e9<\/li>\n<li>\u00c9cran couleur<\/li>\n<li>Impression recto verso<\/li>\n<li>Commande tactile<\/li>\n<\/ul>\n<\/li>\n<li>Connexions:\n<ul>\n<li>USB<\/li>\n<li>USB 2.0<\/li>\n<\/ul>\n<\/li>\n<li>M\u00e9moire interne: 512 MB<\/li>\n<li>Produit \u00e0 brancher: Oui<\/li>\n<li>Type de prise: Prise EU<\/li>\n<li>Bloc d\u2019Alimentation: r\u00e9seau \u00e9lectrique<\/li>\n<li>Connectivit\u00e9:\n<ul>\n<li>Wi-Fi<\/li>\n<li>NFC<\/li>\n<li>Wi-Fi 4 (802.11n)<\/li>\n<\/ul>\n<\/li>\n<li>Langue: Anglais<\/li>\n<li>vitesse:\n<ul>\n<li>21 ppm<\/li>\n<li>30 ppm<\/li>\n<\/ul>\n<\/li>\n<li>Impression couleur: Oui<\/li>\n<li>Scanner: 1200 x 1200 dpi<\/li>\n<li>Impression recto verso: Automatique<\/li>\n<li>Plateau: 1<\/li>\n<li>Fonctions: Imprimer<\/li>\n<li>Utilisation recommand\u00e9e: Entreprise et commerce<\/li>\n<li>Inclut: Cartouche<\/li>\n<\/ul>","protected":false},"excerpt":{"rendered":"<p>Si vous \u00eates passionn\u00e9 d&#8217;informatique et d&#8217;\u00e9lectronique, si vous \u00eates \u00e0 la pointe de la technologie et qu&#8217;aucun d\u00e9tail ne vous \u00e9chappe, achetez Imprimante Multifonction Brother MFCL8340CDWRE1 au meilleur prix. La Brother MFCL8340CDWRE1 imprimante laser multifonction offre une solution professionnelle et polyvalente pour les environnements de bureau n\u00e9cessitant qualit\u00e9 et efficacit\u00e9 en impression couleur. Cet [&hellip;]<\/p>\n","protected":false},"featured_media":19220,"comment_status":"open","ping_status":"closed","template":"","meta":[],"product_brand":[669],"product_cat":[592,65,581],"product_tag":[213,59,106],"class_list":{"0":"post-19224","1":"product","2":"type-product","3":"status-publish","4":"has-post-thumbnail","6":"product_brand-brandp_538","7":"product_cat-imprimantes","8":"product_cat-informatique-electronique","9":"product_cat-informatique-peripheriques-et-consommables","10":"product_tag-tag_933","11":"product_tag-tag_1304","12":"product_tag-tag_1295","14":"first","15":"instock","16":"taxable","17":"shipping-taxable","18":"purchasable","19":"product-type-simple"},"_links":{"self":[{"href":"https:\/\/bigbuy.tupique.com\/en\/wp-json\/wp\/v2\/product\/19224","targetHints":{"allow":["GET"]}}],"collection":[{"href":"https:\/\/bigbuy.tupique.com\/en\/wp-json\/wp\/v2\/product"}],"about":[{"href":"https:\/\/bigbuy.tupique.com\/en\/wp-json\/wp\/v2\/types\/product"}],"replies":[{"embeddable":true,"href":"https:\/\/bigbuy.tupique.com\/en\/wp-json\/wp\/v2\/comments?post=19224"}],"wp:featuredmedia":[{"embeddable":true,"href":"https:\/\/bigbuy.tupique.com\/en\/wp-json\/wp\/v2\/media\/19220"}],"wp:attachment":[{"href":"https:\/\/bigbuy.tupique.com\/en\/wp-json\/wp\/v2\/media?parent=19224"}],"wp:term":[{"taxonomy":"product_brand","embeddable":true,"href":"https:\/\/bigbuy.tupique.com\/en\/wp-json\/wp\/v2\/product_brand?post=19224"},{"taxonomy":"product_cat","embeddable":true,"href":"https:\/\/bigbuy.tupique.com\/en\/wp-json\/wp\/v2\/product_cat?post=19224"},{"taxonomy":"product_tag","embeddable":true,"href":"https:\/\/bigbuy.tupique.com\/en\/wp-json\/wp\/v2\/product_tag?post=19224"}],"curies":[{"name":"wp","href":"https:\/\/api.w.org\/{rel}","templated":true}]}}