{"id":19219,"date":"2026-03-29T16:00:44","date_gmt":"2026-03-29T15:00:44","guid":{"rendered":"https:\/\/bigbuy.tupique.com\/produto\/motherboard-msi-mag-z790-tomahawk-wifi-lga-1700\/"},"modified":"2026-04-16T19:30:50","modified_gmt":"2026-04-16T18:30:50","slug":"motherboard-msi-mag-z790-tomahawk-wifi-lga-1700","status":"publish","type":"product","link":"https:\/\/bigbuy.tupique.com\/en\/produto\/motherboard-msi-mag-z790-tomahawk-wifi-lga-1700\/","title":{"rendered":"Carte M\u00e8re MSI MAG Z790 TOMAHAWK WIFI LGA 1700"},"content":{"rendered":"<p>Si vous \u00eates passionn\u00e9 d&#8217;<b>informatique et d&#8217;\u00e9lectronique<\/b>, si vous \u00eates \u00e0 la pointe de la technologie et qu&#8217;aucun d\u00e9tail ne vous \u00e9chappe, achetez <b>Carte M\u00e8re MSI MAG Z790 TOMAHAWK WIFI LGA 1700<\/b> au meilleur prix.<\/p>\n<p>La <b>MSI MAG Z790 TOMAHAWK<\/b> est une <b>carte m\u00e8re<\/b> haute performance con\u00e7ue pour les assemblages de PC de bureau compatibles avec les processeurs Intel utilisant le <b>socket LGA 1700<\/b>. Son <b>chipset Intel Z790 Express<\/b> permet d\u2019exploiter pleinement les capacit\u00e9s des derniers processeurs Intel, optimisant \u00e0 la fois la vitesse et l\u2019efficacit\u00e9 dans les t\u00e2ches intensives. Cette carte m\u00e8re pr\u00e9sente un <b>format ATX<\/b>, offrant un espace id\u00e9al pour int\u00e9grer des composants suppl\u00e9mentaires et assurer un bon refroidissement. Parmi ses connexions, on trouve un <b>port USB-C<\/b> facilitant des transferts rapides et une connectivit\u00e9 moderne avec les appareils actuels, ainsi qu\u2019un port <b>RJ45<\/b> garantissant une connexion stable et rapide aux r\u00e9seaux filaires. Elle prend en charge la m\u00e9moire RAM <b>DDR5 SDRAM<\/b>, une technologie qui am\u00e9liore nettement les vitesses de lecture et d\u2019\u00e9criture par rapport aux g\u00e9n\u00e9rations pr\u00e9c\u00e9dentes, b\u00e9n\u00e9fique notamment pour les jeux, le montage multim\u00e9dia et autres applications exigeantes. De plus, elle dispose de la <b>connectivit\u00e9 Bluetooth<\/b>, \u00e9largissant les options pour connecter sans fil des p\u00e9riph\u00e9riques comme claviers, souris et casques. Son design en <b>noir<\/b> et ses dimensions d\u2019environ <b>30 cm<\/b> s\u2019adaptent \u00e0 la plupart des bo\u00eetiers au standard ATX, assurant polyvalence et compatibilit\u00e9. Cette carte m\u00e8re s\u2019adresse aux utilisateurs cherchant une plateforme solide et avanc\u00e9e pour monter des PC gaming ou stations de travail avec des configurations modernes et performantes. En r\u00e9sum\u00e9, la <b>MSI MAG Z790 TOMAHAWK<\/b> repr\u00e9sente une option fiable et \u00e9quilibr\u00e9e dans le catalogue MSI, destin\u00e9e \u00e0 garantir performance et connectivit\u00e9 avanc\u00e9e sur les syst\u00e8mes PC actuels.<\/p>\n<ul>\n<li>Type: Carte M\u00e8re<\/li>\n<li>Connectivit\u00e9:\n<ul>\n<li>Wi-Fi 6 GHz<\/li>\n<li>Bluetooth<\/li>\n<li>Wi-Fi<\/li>\n<li>Bluetooth 5.3<\/li>\n<\/ul>\n<\/li>\n<li>Connexions:\n<ul>\n<li>M.2<\/li>\n<li>HDMI 2.1<\/li>\n<li>USB 3.2<\/li>\n<li>SATA<\/li>\n<li>DisplayPort<\/li>\n<li>RJ45<\/li>\n<li>USB-C<\/li>\n<li>HDMI x 1<\/li>\n<li>Ethernet LAN<\/li>\n<li>HDMI 2.1 x 1<\/li>\n<li>USB-C 3.2 x 1<\/li>\n<li>4 x USB 3.2 Gen 1 (3.1 Gen 1)<\/li>\n<li>DisplayPort x 1<\/li>\n<li>USB 3.2 x 1<\/li>\n<li>RJ45 x 1<\/li>\n<\/ul>\n<\/li>\n<li>Facteur de forme: ATX<\/li>\n<li>Chipset: Intel Z790 Express<\/li>\n<li>Couleur: Noir<\/li>\n<li>Largeur: 30 cm<\/li>\n<li>Interface: Gigabit Ethernet<\/li>\n<li>M\u00e9moire: 256 MB<\/li>\n<li>Nombre d&#8217;emplacements m\u00e9moire: 4<\/li>\n<li>Haut-parleurs: 7.1<\/li>\n<li>Compatible:\n<ul>\n<li>HDD\/SSD<\/li>\n<li>PC<\/li>\n<li>Ordinateurs<\/li>\n<\/ul>\n<\/li>\n<li>Inclut: SATA<\/li>\n<li>M\u00e9moire interne: 256 GB<\/li>\n<li>Socket: LGA 1700<\/li>\n<li>Type de m\u00e9moire: DDR5<\/li>\n<li>Famille de processeurs: Intel<\/li>\n<\/ul>","protected":false},"excerpt":{"rendered":"<p>Si vous \u00eates passionn\u00e9 d&#8217;informatique et d&#8217;\u00e9lectronique, si vous \u00eates \u00e0 la pointe de la technologie et qu&#8217;aucun d\u00e9tail ne vous \u00e9chappe, achetez Carte M\u00e8re MSI MAG Z790 TOMAHAWK WIFI LGA 1700 au meilleur prix. La MSI MAG Z790 TOMAHAWK est une carte m\u00e8re haute performance con\u00e7ue pour les assemblages de PC de bureau compatibles [&hellip;]<\/p>\n","protected":false},"featured_media":19217,"comment_status":"open","ping_status":"closed","template":"","meta":[],"product_brand":[975],"product_cat":[736,65,584],"product_tag":[59,106],"class_list":{"0":"post-19219","1":"product","2":"type-product","3":"status-publish","4":"has-post-thumbnail","6":"product_brand-brandp_565","7":"product_cat-cartes-meres","8":"product_cat-informatique-electronique","9":"product_cat-informatique-reseaux-et-composants","10":"product_tag-tag_1304","11":"product_tag-tag_1295","13":"first","14":"instock","15":"taxable","16":"shipping-taxable","17":"purchasable","18":"product-type-simple"},"_links":{"self":[{"href":"https:\/\/bigbuy.tupique.com\/en\/wp-json\/wp\/v2\/product\/19219","targetHints":{"allow":["GET"]}}],"collection":[{"href":"https:\/\/bigbuy.tupique.com\/en\/wp-json\/wp\/v2\/product"}],"about":[{"href":"https:\/\/bigbuy.tupique.com\/en\/wp-json\/wp\/v2\/types\/product"}],"replies":[{"embeddable":true,"href":"https:\/\/bigbuy.tupique.com\/en\/wp-json\/wp\/v2\/comments?post=19219"}],"wp:featuredmedia":[{"embeddable":true,"href":"https:\/\/bigbuy.tupique.com\/en\/wp-json\/wp\/v2\/media\/19217"}],"wp:attachment":[{"href":"https:\/\/bigbuy.tupique.com\/en\/wp-json\/wp\/v2\/media?parent=19219"}],"wp:term":[{"taxonomy":"product_brand","embeddable":true,"href":"https:\/\/bigbuy.tupique.com\/en\/wp-json\/wp\/v2\/product_brand?post=19219"},{"taxonomy":"product_cat","embeddable":true,"href":"https:\/\/bigbuy.tupique.com\/en\/wp-json\/wp\/v2\/product_cat?post=19219"},{"taxonomy":"product_tag","embeddable":true,"href":"https:\/\/bigbuy.tupique.com\/en\/wp-json\/wp\/v2\/product_tag?post=19219"}],"curies":[{"name":"wp","href":"https:\/\/api.w.org\/{rel}","templated":true}]}}