{"id":19216,"date":"2026-03-29T16:00:40","date_gmt":"2026-03-29T15:00:40","guid":{"rendered":"https:\/\/bigbuy.tupique.com\/produto\/stabiliser-for-support-axis-02347-002\/"},"modified":"2026-04-15T01:26:10","modified_gmt":"2026-04-15T00:26:10","slug":"stabiliser-for-support-axis-02347-002","status":"publish","type":"product","link":"https:\/\/bigbuy.tupique.com\/en\/produto\/stabiliser-for-support-axis-02347-002\/","title":{"rendered":"Stabilisateur de soutien Axis 02347-002"},"content":{"rendered":"<p>Si vous \u00eates passionn\u00e9 d&#8217;<b>informatique et d&#8217;\u00e9lectronique<\/b>, si vous \u00eates \u00e0 la pointe de la technologie et qu&#8217;aucun d\u00e9tail ne vous \u00e9chappe, achetez <b>Stabilisateur de soutien Axis 02347-002<\/b> au meilleur prix.<\/p>\n<ul>\n<li>Connexions: Ethernet LAN<\/li>\n<li>Fonctions: Vision nocturne<\/li>\n<li>Type:\n<ul>\n<li>Stabilisateur de soutien<\/li>\n<li>Sans fil<\/li>\n<li>Cam\u00e9ra de s\u00e9curit\u00e9 IP<\/li>\n<\/ul>\n<\/li>\n<li>Couleur:\n<ul>\n<li>Blanc<\/li>\n<li>Noir<\/li>\n<\/ul>\n<\/li>\n<li>Caract\u00e9ristiques:\n<ul>\n<li>Usage en int\u00e9rieur<\/li>\n<li>Contr\u00f4le de l&#8217;inclinaison<\/li>\n<li>Microphone int\u00e9gr\u00e9<\/li>\n<li>Plug and play<\/li>\n<\/ul>\n<\/li>\n<li>Montage: Plafond<\/li>\n<li>Nombre de cam\u00e9ras: 1<\/li>\n<li>Technologie: Sans fil<\/li>\n<li>R\u00e9solution (px): 1920 x 1080 px<\/li>\n<\/ul>","protected":false},"excerpt":{"rendered":"<p>Si vous \u00eates passionn\u00e9 d&#8217;informatique et d&#8217;\u00e9lectronique, si vous \u00eates \u00e0 la pointe de la technologie et qu&#8217;aucun d\u00e9tail ne vous \u00e9chappe, achetez Stabilisateur de soutien Axis 02347-002 au meilleur prix. Connexions: Ethernet LAN Fonctions: Vision nocturne Type: Stabilisateur de soutien Sans fil Cam\u00e9ra de s\u00e9curit\u00e9 IP Couleur: Blanc Noir Caract\u00e9ristiques: Usage en int\u00e9rieur Contr\u00f4le [&hellip;]<\/p>\n","protected":false},"featured_media":19215,"comment_status":"open","ping_status":"closed","template":"","meta":[],"product_brand":[645],"product_cat":[601,600,65],"product_tag":[571,210],"class_list":{"0":"post-19216","1":"product","2":"type-product","3":"status-publish","4":"has-post-thumbnail","6":"product_brand-brandp_4776","7":"product_cat-accessoires-pour-appareils-photo-et-camescopes","8":"product_cat-electronique-photo-et-video","9":"product_cat-informatique-electronique","10":"product_tag-tag_27","11":"product_tag-tag_25","13":"first","14":"instock","15":"taxable","16":"shipping-taxable","17":"purchasable","18":"product-type-simple"},"_links":{"self":[{"href":"https:\/\/bigbuy.tupique.com\/en\/wp-json\/wp\/v2\/product\/19216","targetHints":{"allow":["GET"]}}],"collection":[{"href":"https:\/\/bigbuy.tupique.com\/en\/wp-json\/wp\/v2\/product"}],"about":[{"href":"https:\/\/bigbuy.tupique.com\/en\/wp-json\/wp\/v2\/types\/product"}],"replies":[{"embeddable":true,"href":"https:\/\/bigbuy.tupique.com\/en\/wp-json\/wp\/v2\/comments?post=19216"}],"wp:featuredmedia":[{"embeddable":true,"href":"https:\/\/bigbuy.tupique.com\/en\/wp-json\/wp\/v2\/media\/19215"}],"wp:attachment":[{"href":"https:\/\/bigbuy.tupique.com\/en\/wp-json\/wp\/v2\/media?parent=19216"}],"wp:term":[{"taxonomy":"product_brand","embeddable":true,"href":"https:\/\/bigbuy.tupique.com\/en\/wp-json\/wp\/v2\/product_brand?post=19216"},{"taxonomy":"product_cat","embeddable":true,"href":"https:\/\/bigbuy.tupique.com\/en\/wp-json\/wp\/v2\/product_cat?post=19216"},{"taxonomy":"product_tag","embeddable":true,"href":"https:\/\/bigbuy.tupique.com\/en\/wp-json\/wp\/v2\/product_tag?post=19216"}],"curies":[{"name":"wp","href":"https:\/\/api.w.org\/{rel}","templated":true}]}}