{"id":19206,"date":"2026-03-29T16:00:26","date_gmt":"2026-03-29T15:00:26","guid":{"rendered":"https:\/\/bigbuy.tupique.com\/produto\/alarm-system-axis-02026-001\/"},"modified":"2026-04-15T01:26:11","modified_gmt":"2026-04-15T00:26:11","slug":"alarm-system-axis-02026-001","status":"publish","type":"product","link":"https:\/\/bigbuy.tupique.com\/en\/produto\/alarm-system-axis-02026-001\/","title":{"rendered":"Syst\u00e8me d\u00b4alarme Axis 02026-001"},"content":{"rendered":"<p>Si vous \u00eates passionn\u00e9 d&#8217;<b>informatique et d&#8217;\u00e9lectronique<\/b>, si vous \u00eates \u00e0 la pointe de la technologie et qu&#8217;aucun d\u00e9tail ne vous \u00e9chappe, achetez <b>Syst\u00e8me d\u00b4alarme Axis 02026-001<\/b> au meilleur prix.<\/p>\n<ul>\n<li>Type:\n<ul>\n<li>Avec fil<\/li>\n<li>Syst\u00e8me d\u00b4alarme<\/li>\n<\/ul>\n<\/li>\n<li>Couleur:\n<ul>\n<li>Gris<\/li>\n<li>Noir\/Gris<\/li>\n<\/ul>\n<\/li>\n<li>Caract\u00e9ristiques:\n<ul>\n<li>Appareil photo int\u00e9gr\u00e9<\/li>\n<li>Guide d&#8217;installation inclus<\/li>\n<li>Carte de lecture int\u00e9gr\u00e9e<\/li>\n<\/ul>\n<\/li>\n<li>Bloc d\u2019Alimentation:\n<ul>\n<li>DC<\/li>\n<li>Avec fil<\/li>\n<\/ul>\n<\/li>\n<li>Classification IP: IP66<\/li>\n<li>Capteur: CMOS<\/li>\n<\/ul>","protected":false},"excerpt":{"rendered":"<p>Si vous \u00eates passionn\u00e9 d&#8217;informatique et d&#8217;\u00e9lectronique, si vous \u00eates \u00e0 la pointe de la technologie et qu&#8217;aucun d\u00e9tail ne vous \u00e9chappe, achetez Syst\u00e8me d\u00b4alarme Axis 02026-001 au meilleur prix. Type: Avec fil Syst\u00e8me d\u00b4alarme Couleur: Gris Noir\/Gris Caract\u00e9ristiques: Appareil photo int\u00e9gr\u00e9 Guide d&#8217;installation inclus Carte de lecture int\u00e9gr\u00e9e Bloc d\u2019Alimentation: DC Avec fil Classification [&hellip;]<\/p>\n","protected":false},"featured_media":19205,"comment_status":"open","ping_status":"closed","template":"","meta":[],"product_brand":[645],"product_cat":[239,579,768],"product_tag":[567,210],"class_list":{"0":"post-19206","1":"product","2":"type-product","3":"status-publish","4":"has-post-thumbnail","6":"product_brand-brandp_4776","7":"product_cat-maison-jardin","8":"product_cat-securite-a-la-maison","9":"product_cat-systemes-de-securite","10":"product_tag-tag_556","11":"product_tag-tag_25","13":"first","14":"instock","15":"taxable","16":"shipping-taxable","17":"purchasable","18":"product-type-simple"},"_links":{"self":[{"href":"https:\/\/bigbuy.tupique.com\/en\/wp-json\/wp\/v2\/product\/19206","targetHints":{"allow":["GET"]}}],"collection":[{"href":"https:\/\/bigbuy.tupique.com\/en\/wp-json\/wp\/v2\/product"}],"about":[{"href":"https:\/\/bigbuy.tupique.com\/en\/wp-json\/wp\/v2\/types\/product"}],"replies":[{"embeddable":true,"href":"https:\/\/bigbuy.tupique.com\/en\/wp-json\/wp\/v2\/comments?post=19206"}],"wp:featuredmedia":[{"embeddable":true,"href":"https:\/\/bigbuy.tupique.com\/en\/wp-json\/wp\/v2\/media\/19205"}],"wp:attachment":[{"href":"https:\/\/bigbuy.tupique.com\/en\/wp-json\/wp\/v2\/media?parent=19206"}],"wp:term":[{"taxonomy":"product_brand","embeddable":true,"href":"https:\/\/bigbuy.tupique.com\/en\/wp-json\/wp\/v2\/product_brand?post=19206"},{"taxonomy":"product_cat","embeddable":true,"href":"https:\/\/bigbuy.tupique.com\/en\/wp-json\/wp\/v2\/product_cat?post=19206"},{"taxonomy":"product_tag","embeddable":true,"href":"https:\/\/bigbuy.tupique.com\/en\/wp-json\/wp\/v2\/product_tag?post=19206"}],"curies":[{"name":"wp","href":"https:\/\/api.w.org\/{rel}","templated":true}]}}