{"id":19192,"date":"2026-03-29T16:00:00","date_gmt":"2026-03-29T15:00:00","guid":{"rendered":"https:\/\/bigbuy.tupique.com\/produto\/router-zyxel-usgflex700h-eu0102f\/"},"modified":"2026-05-11T19:59:28","modified_gmt":"2026-05-11T17:59:28","slug":"router-zyxel-usgflex700h-eu0102f","status":"publish","type":"product","link":"https:\/\/bigbuy.tupique.com\/en\/produto\/router-zyxel-usgflex700h-eu0102f\/","title":{"rendered":"Router ZyXEL USGFLEX700H-EU0102F"},"content":{"rendered":"<p>Si vous \u00eates passionn\u00e9 d&#8217;<b>informatique et d&#8217;\u00e9lectronique<\/b>, si vous \u00eates \u00e0 la pointe de la technologie et qu&#8217;aucun d\u00e9tail ne vous \u00e9chappe, achetez <b>Router ZyXEL USGFLEX700H-EU0102F<\/b> au meilleur prix.<\/p>\n<p>Le <b>routeur ZyXEL USGFLEX700H-EU0102F<\/b> est un \u00e9quipement de connexion <b>filaire<\/b> con\u00e7u pour offrir des performances avanc\u00e9es dans les r\u00e9seaux d\u2019entreprise ou les environnements n\u00e9cessitant une haute s\u00e9curit\u00e9 et une grande vitesse de transmission. Cet appareil dispose d\u2019interfaces <b>USB 2.0<\/b> et de ports <b>RJ45<\/b> supportant des vitesses de transfert de <b>10, 100 et 1000 Mbit\/s<\/b>, assurant une connectivit\u00e9 stable et efficace via c\u00e2ble Ethernet. Il se distingue particuli\u00e8rement par sa capacit\u00e9 de traitement du pare-feu, avec un d\u00e9bit allant jusqu\u2019\u00e0 <b>15 Gbit\/s<\/b>, garantissant un filtrage rapide et s\u00e9curis\u00e9 m\u00eame dans les r\u00e9seaux \u00e0 trafic intense. De plus, il int\u00e8gre le support des protocoles de s\u00e9curit\u00e9 <b>SSL\/TLS<\/b>, qui assurent le chiffrement du trafic et la protection contre les menaces externes. La gestion de l\u2019appareil s\u2019effectue via la plateforme <b>uOS<\/b>, facilitant l\u2019administration et la configuration avanc\u00e9e du routeur. Son design est pr\u00e9vu pour une utilisation avec une prise de type <b>EU<\/b>, conforme aux normes \u00e9lectriques europ\u00e9ennes. En r\u00e9sum\u00e9, ce routeur ZyXEL combine une haute capacit\u00e9 de s\u00e9curit\u00e9, une connexion rapide et une compatibilit\u00e9 avec les technologies r\u00e9seau filaires standard, constituant une solution robuste pour les environnements exigeant contr\u00f4le et fiabilit\u00e9 de l\u2019infrastructure r\u00e9seau.<\/p>\n<ul>\n<li>Type:\n<ul>\n<li>Router<\/li>\n<li>Avec fil<\/li>\n<\/ul>\n<\/li>\n<li>Produit \u00e0 brancher: Oui<\/li>\n<li>Type de prise: Prise EU<\/li>\n<li>Bloc d\u2019Alimentation:\n<ul>\n<li>r\u00e9seau \u00e9lectrique<\/li>\n<li>Avec fil<\/li>\n<\/ul>\n<\/li>\n<li>Connexions:\n<ul>\n<li>USB 2.0<\/li>\n<li>RJ45<\/li>\n<\/ul>\n<\/li>\n<li>Non Inclus: Wi-Fi<\/li>\n<\/ul>","protected":false},"excerpt":{"rendered":"<p>Si vous \u00eates passionn\u00e9 d&#8217;informatique et d&#8217;\u00e9lectronique, si vous \u00eates \u00e0 la pointe de la technologie et qu&#8217;aucun d\u00e9tail ne vous \u00e9chappe, achetez Router ZyXEL USGFLEX700H-EU0102F au meilleur prix. Le routeur ZyXEL USGFLEX700H-EU0102F est un \u00e9quipement de connexion filaire con\u00e7u pour offrir des performances avanc\u00e9es dans les r\u00e9seaux d\u2019entreprise ou les environnements n\u00e9cessitant une haute [&hellip;]<\/p>\n","protected":false},"featured_media":19191,"comment_status":"open","ping_status":"closed","template":"","meta":[],"product_brand":[648],"product_cat":[65,584,612],"product_tag":[106],"class_list":{"0":"post-19192","1":"product","2":"type-product","3":"status-publish","4":"has-post-thumbnail","6":"product_brand-brandp_669","7":"product_cat-informatique-electronique","8":"product_cat-informatique-reseaux-et-composants","9":"product_cat-routeurs-et-modems","10":"product_tag-tag_1295","12":"first","13":"instock","14":"taxable","15":"shipping-taxable","16":"purchasable","17":"product-type-simple"},"_links":{"self":[{"href":"https:\/\/bigbuy.tupique.com\/en\/wp-json\/wp\/v2\/product\/19192","targetHints":{"allow":["GET"]}}],"collection":[{"href":"https:\/\/bigbuy.tupique.com\/en\/wp-json\/wp\/v2\/product"}],"about":[{"href":"https:\/\/bigbuy.tupique.com\/en\/wp-json\/wp\/v2\/types\/product"}],"replies":[{"embeddable":true,"href":"https:\/\/bigbuy.tupique.com\/en\/wp-json\/wp\/v2\/comments?post=19192"}],"wp:featuredmedia":[{"embeddable":true,"href":"https:\/\/bigbuy.tupique.com\/en\/wp-json\/wp\/v2\/media\/19191"}],"wp:attachment":[{"href":"https:\/\/bigbuy.tupique.com\/en\/wp-json\/wp\/v2\/media?parent=19192"}],"wp:term":[{"taxonomy":"product_brand","embeddable":true,"href":"https:\/\/bigbuy.tupique.com\/en\/wp-json\/wp\/v2\/product_brand?post=19192"},{"taxonomy":"product_cat","embeddable":true,"href":"https:\/\/bigbuy.tupique.com\/en\/wp-json\/wp\/v2\/product_cat?post=19192"},{"taxonomy":"product_tag","embeddable":true,"href":"https:\/\/bigbuy.tupique.com\/en\/wp-json\/wp\/v2\/product_tag?post=19192"}],"curies":[{"name":"wp","href":"https:\/\/api.w.org\/{rel}","templated":true}]}}