{"id":19184,"date":"2026-03-29T15:59:52","date_gmt":"2026-03-29T14:59:52","guid":{"rendered":"https:\/\/bigbuy.tupique.com\/produto\/switch-d-link-dxs-1210-12sc-e\/"},"modified":"2026-04-15T01:26:07","modified_gmt":"2026-04-15T00:26:07","slug":"switch-d-link-dxs-1210-12sc-e","status":"publish","type":"product","link":"https:\/\/bigbuy.tupique.com\/en\/produto\/switch-d-link-dxs-1210-12sc-e\/","title":{"rendered":"Switch D-Link DXS-1210-12SC\/E"},"content":{"rendered":"<p>Si vous \u00eates passionn\u00e9 d&#8217;<b>informatique et d&#8217;\u00e9lectronique<\/b>, si vous \u00eates \u00e0 la pointe de la technologie et qu&#8217;aucun d\u00e9tail ne vous \u00e9chappe, achetez <b>Switch D-Link DXS-1210-12SC\/E<\/b> au meilleur prix.<\/p>\n<p>Le <b>D-Link DXS-1210-12SC\/E<\/b> est un <b>switch manageable<\/b> haute performance con\u00e7u pour les r\u00e9seaux d\u2019entreprise exigeants, op\u00e9rant en <b>couche 2<\/b> du mod\u00e8le OSI, garantissant une commutation efficace et un contr\u00f4le avanc\u00e9 du trafic. Cet appareil offre une capacit\u00e9 de commutation allant jusqu\u2019\u00e0 <b>240 Gbit\/s<\/b>, supportant une table d\u2019adresses MAC de <b>16 000 entr\u00e9es<\/b>, permettant une gestion fluide de plusieurs dispositifs connect\u00e9s. Il comprend <b>deux ports RJ-45 Ethernet 10G<\/b> supportant des vitesses de 100\/1000\/10000 Mbps pour des connexions filaires rapides et fiables, ainsi que des ports <b>SFP+<\/b> pour des liaisons fibre optique assurant une port\u00e9e et une vitesse accrues dans l\u2019interconnexion r\u00e9seau. Compatible avec les normes r\u00e9seau <b>IEEE 802.3ab, 802.3ae, 802.3an, 802.3az, 802.3u et 802.3z<\/b>, il offre polyvalence et compatibilit\u00e9 avec la plupart des infrastructures actuelles, facilitant son d\u00e9ploiement dans divers environnements IT. Son design noir et argent\u00e9, avec un <b>format 1U pour montage en rack<\/b>, permet une installation simple et professionnelle dans les centres de donn\u00e9es ou salles r\u00e9seau. Il fonctionne sous une <b>tension de 100 \u00e0 240 V<\/b>, adapt\u00e9 \u00e0 diff\u00e9rentes configurations \u00e9lectriques, et int\u00e8gre des voyants LED facilitant la surveillance en temps r\u00e9el de son \u00e9tat op\u00e9rationnel. Ce mod\u00e8le offre un \u00e9quilibre entre robustesse, vitesse et fonctionnalit\u00e9s avanc\u00e9es de gestion, constituant une solution id\u00e9ale pour les entreprises n\u00e9cessitant un contr\u00f4le pr\u00e9cis du trafic r\u00e9seau et une infrastructure \u00e9volutive. En r\u00e9sum\u00e9, le D-Link DXS-1210-12SC\/E se distingue par sa grande capacit\u00e9 et sa flexibilit\u00e9, s\u2019imposant comme un \u00e9l\u00e9ment cl\u00e9 pour les r\u00e9seaux \u00e0 haute vitesse et performance en milieu professionnel.<\/p>\n<ul>\n<li>Produit \u00e0 brancher: Oui<\/li>\n<li>Type de prise: Prise EU<\/li>\n<li>Type: Switch<\/li>\n<li>Bloc d\u2019Alimentation: r\u00e9seau \u00e9lectrique<\/li>\n<li>Couleur:\n<ul>\n<li>Noir<\/li>\n<li>Argent\u00e9<\/li>\n<\/ul>\n<\/li>\n<li>Connexions:\n<ul>\n<li>RJ45<\/li>\n<li>SFP+<\/li>\n<\/ul>\n<\/li>\n<li>Tension:\n<ul>\n<li>100-240 V<\/li>\n<li>100 &#8211; 240 V<\/li>\n<\/ul>\n<\/li>\n<li>Caract\u00e9ristiques: T\u00e9moin de fonctionnement LED<\/li>\n<li>Facteur de forme: 1U<\/li>\n<li>Temp\u00e9rature approximative: -40\u00ba \/ 70\u00ba<\/li>\n<li>Certificat: Certification ENERGY STAR<\/li>\n<li>S\u00e9curit\u00e9: IGMP<\/li>\n<\/ul>","protected":false},"excerpt":{"rendered":"<p>Si vous \u00eates passionn\u00e9 d&#8217;informatique et d&#8217;\u00e9lectronique, si vous \u00eates \u00e0 la pointe de la technologie et qu&#8217;aucun d\u00e9tail ne vous \u00e9chappe, achetez Switch D-Link DXS-1210-12SC\/E au meilleur prix. Le D-Link DXS-1210-12SC\/E est un switch manageable haute performance con\u00e7u pour les r\u00e9seaux d\u2019entreprise exigeants, op\u00e9rant en couche 2 du mod\u00e8le OSI, garantissant une commutation efficace [&hellip;]<\/p>\n","protected":false},"featured_media":19183,"comment_status":"open","ping_status":"closed","template":"","meta":[],"product_brand":[640],"product_cat":[65,584,585],"product_tag":[106],"class_list":{"0":"post-19184","1":"product","2":"type-product","3":"status-publish","4":"has-post-thumbnail","6":"product_brand-brandp_543","7":"product_cat-informatique-electronique","8":"product_cat-informatique-reseaux-et-composants","9":"product_cat-switch","10":"product_tag-tag_1295","12":"first","13":"instock","14":"taxable","15":"shipping-taxable","16":"purchasable","17":"product-type-simple"},"_links":{"self":[{"href":"https:\/\/bigbuy.tupique.com\/en\/wp-json\/wp\/v2\/product\/19184","targetHints":{"allow":["GET"]}}],"collection":[{"href":"https:\/\/bigbuy.tupique.com\/en\/wp-json\/wp\/v2\/product"}],"about":[{"href":"https:\/\/bigbuy.tupique.com\/en\/wp-json\/wp\/v2\/types\/product"}],"replies":[{"embeddable":true,"href":"https:\/\/bigbuy.tupique.com\/en\/wp-json\/wp\/v2\/comments?post=19184"}],"wp:featuredmedia":[{"embeddable":true,"href":"https:\/\/bigbuy.tupique.com\/en\/wp-json\/wp\/v2\/media\/19183"}],"wp:attachment":[{"href":"https:\/\/bigbuy.tupique.com\/en\/wp-json\/wp\/v2\/media?parent=19184"}],"wp:term":[{"taxonomy":"product_brand","embeddable":true,"href":"https:\/\/bigbuy.tupique.com\/en\/wp-json\/wp\/v2\/product_brand?post=19184"},{"taxonomy":"product_cat","embeddable":true,"href":"https:\/\/bigbuy.tupique.com\/en\/wp-json\/wp\/v2\/product_cat?post=19184"},{"taxonomy":"product_tag","embeddable":true,"href":"https:\/\/bigbuy.tupique.com\/en\/wp-json\/wp\/v2\/product_tag?post=19184"}],"curies":[{"name":"wp","href":"https:\/\/api.w.org\/{rel}","templated":true}]}}