{"id":19182,"date":"2026-03-29T15:59:50","date_gmt":"2026-03-29T14:59:50","guid":{"rendered":"https:\/\/bigbuy.tupique.com\/produto\/wall-mounted-rack-cabinet-apc-ap4423a\/"},"modified":"2026-04-16T08:20:52","modified_gmt":"2026-04-16T07:20:52","slug":"wall-mounted-rack-cabinet-apc-ap4423a","status":"publish","type":"product","link":"https:\/\/bigbuy.tupique.com\/en\/produto\/wall-mounted-rack-cabinet-apc-ap4423a\/","title":{"rendered":"Armoire Murale Rack APC AP4423A"},"content":{"rendered":"<p>Si vous \u00eates passionn\u00e9 d&#8217;<b>informatique et d&#8217;\u00e9lectronique<\/b>, si vous \u00eates \u00e0 la pointe de la technologie et qu&#8217;aucun d\u00e9tail ne vous \u00e9chappe, achetez <b>Armoire Murale Rack APC AP4423A<\/b> au meilleur prix.<\/p>\n<ul>\n<li>Type:\n<ul>\n<li>Tour<\/li>\n<li>C13<\/li>\n<\/ul>\n<\/li>\n<li>Couleur: Noir<\/li>\n<li>Connexions: AC x 9<\/li>\n<li>Montage en rack: 1U<\/li>\n<li>Fr\u00e9quence d&#8217;entr\u00e9e AC: 50-60 Hz<\/li>\n<\/ul>","protected":false},"excerpt":{"rendered":"<p>Si vous \u00eates passionn\u00e9 d&#8217;informatique et d&#8217;\u00e9lectronique, si vous \u00eates \u00e0 la pointe de la technologie et qu&#8217;aucun d\u00e9tail ne vous \u00e9chappe, achetez Armoire Murale Rack APC AP4423A au meilleur prix. Type: Tour C13 Couleur: Noir Connexions: AC x 9 Montage en rack: 1U Fr\u00e9quence d&#8217;entr\u00e9e AC: 50-60 Hz<\/p>","protected":false},"featured_media":19181,"comment_status":"open","ping_status":"closed","template":"","meta":[],"product_brand":[649],"product_cat":[605,65,584],"product_tag":[106],"class_list":{"0":"post-19182","1":"product","2":"type-product","3":"status-publish","4":"has-post-thumbnail","6":"product_brand-brandp_532","7":"product_cat-armoires-rack","8":"product_cat-informatique-electronique","9":"product_cat-informatique-reseaux-et-composants","10":"product_tag-tag_1295","12":"first","13":"instock","14":"taxable","15":"shipping-taxable","16":"purchasable","17":"product-type-simple"},"_links":{"self":[{"href":"https:\/\/bigbuy.tupique.com\/en\/wp-json\/wp\/v2\/product\/19182","targetHints":{"allow":["GET"]}}],"collection":[{"href":"https:\/\/bigbuy.tupique.com\/en\/wp-json\/wp\/v2\/product"}],"about":[{"href":"https:\/\/bigbuy.tupique.com\/en\/wp-json\/wp\/v2\/types\/product"}],"replies":[{"embeddable":true,"href":"https:\/\/bigbuy.tupique.com\/en\/wp-json\/wp\/v2\/comments?post=19182"}],"wp:featuredmedia":[{"embeddable":true,"href":"https:\/\/bigbuy.tupique.com\/en\/wp-json\/wp\/v2\/media\/19181"}],"wp:attachment":[{"href":"https:\/\/bigbuy.tupique.com\/en\/wp-json\/wp\/v2\/media?parent=19182"}],"wp:term":[{"taxonomy":"product_brand","embeddable":true,"href":"https:\/\/bigbuy.tupique.com\/en\/wp-json\/wp\/v2\/product_brand?post=19182"},{"taxonomy":"product_cat","embeddable":true,"href":"https:\/\/bigbuy.tupique.com\/en\/wp-json\/wp\/v2\/product_cat?post=19182"},{"taxonomy":"product_tag","embeddable":true,"href":"https:\/\/bigbuy.tupique.com\/en\/wp-json\/wp\/v2\/product_tag?post=19182"}],"curies":[{"name":"wp","href":"https:\/\/api.w.org\/{rel}","templated":true}]}}