{"id":19172,"date":"2026-03-29T15:59:38","date_gmt":"2026-03-29T14:59:38","guid":{"rendered":"https:\/\/bigbuy.tupique.com\/produto\/ticket-printer-brother-tj4420tnz1\/"},"modified":"2026-04-15T01:26:04","modified_gmt":"2026-04-15T00:26:04","slug":"ticket-printer-brother-tj4420tnz1","status":"publish","type":"product","link":"https:\/\/bigbuy.tupique.com\/en\/produto\/ticket-printer-brother-tj4420tnz1\/","title":{"rendered":"Imprimante \u00e0 Billets Brother TJ4420TNZ1"},"content":{"rendered":"<p>Si vous \u00eates passionn\u00e9 d&#8217;<b>informatique et d&#8217;\u00e9lectronique<\/b>, si vous \u00eates \u00e0 la pointe de la technologie et qu&#8217;aucun d\u00e9tail ne vous \u00e9chappe, achetez <b>Imprimante \u00e0 Billets Brother TJ4420TNZ1<\/b> au meilleur prix.<\/p>\n<p>La <b>Brother TJ4420TNZ1<\/b> est une <b>imprimante de tickets<\/b> con\u00e7ue pour les environnements industriels et \u00e0 haute production, reconnue pour sa robustesse et sa polyvalence. Cette imprimante thermique \u00e0 ligne offre une r\u00e9solution maximale de <b>203 x 203 DPI<\/b> avec une vitesse d\u2019impression allant jusqu\u2019\u00e0 <b>356 mm\/s (14 ips)<\/b>, permettant une impression rapide et efficace, id\u00e9ale pour g\u00e9rer de gros volumes avec des pics d\u2019activit\u00e9. Sa structure m\u00e9tallique r\u00e9sistante assure une durabilit\u00e9 optimale en environnements exigeants, tandis que sa taille compacte et sa porte double pli facilitent son installation dans des espaces restreints. C\u00f4t\u00e9 connectivit\u00e9, la Brother TJ4420TNZ1 propose plusieurs options : elle inclut des <b>ports USB 2.0<\/b>, un double h\u00f4te USB pour connecter des accessoires externes tels que balances ou lecteurs de codes-barres, ainsi qu\u2019un support pour r\u00e9seaux filaires Ethernet ; en option, il est possible d\u2019ajouter la connectivit\u00e9 sans fil WiFi et Bluetooth. Sa compatibilit\u00e9 avec les langages d\u2019impression FBPL-EZD (EPL2, ZPL2, DPL) facilite son int\u00e9gration dans des syst\u00e8mes existants, offrant flexibilit\u00e9 pour travailler avec diff\u00e9rentes applications et appareils mobiles Android et iOS via le kit de d\u00e9veloppement Brother SDK, ainsi qu\u2019avec le logiciel BarTender, largement utilis\u00e9 dans les secteurs commerciaux et logistiques. L\u2019imprimante est \u00e9quip\u00e9e d\u2019un \u00e9cran LCD couleur int\u00e9gr\u00e9 de <b>3,5 pouces<\/b>, qui, associ\u00e9 au chargement lat\u00e9ral des consommables, r\u00e9duit les temps d\u2019intervention utilisateur. De plus, elle dispose d\u2019un ruban de <b>600 m\u00e8tres<\/b>, ce qui diminue significativement la fr\u00e9quence de remplacement lors de processus continus et contribue \u00e0 limiter les interruptions pour maintenance. En option, elle peut \u00eatre \u00e9quip\u00e9e d\u2019un coupeur, d\u2019un d\u00e9colleur et d\u2019un rembobineur, fonctions qui optimisent la gestion des tickets imprim\u00e9s. Elle comprend \u00e9galement un lecteur de cartes microSD et permet une extension de m\u00e9moire jusqu\u2019\u00e0 <b>32 Go<\/b>, facilitant la gestion de gros volumes de donn\u00e9es. La couleur noire de son design professionnel compl\u00e8te un \u00e9quipement d\u00e9velopp\u00e9 pour offrir fiabilit\u00e9 et haute performance dans des secteurs comme le retail, la logistique et la fabrication, o\u00f9 la pr\u00e9cision et la rapidit\u00e9 d\u2019impression des \u00e9tiquettes et tickets sont essentielles. Le tout est garanti trois ans, attestant la confiance de Brother dans la durabilit\u00e9 et la fonctionnalit\u00e9 de la TJ4420TNZ1. En r\u00e9sum\u00e9, cette imprimante allie efficacit\u00e9, robustesse et polyvalence pour r\u00e9pondre aux exigences les plus strictes d\u2019impression thermique en environnements industriels et commerciaux.<\/p>\n<ul>\n<li>Produit \u00e0 brancher: Oui<\/li>\n<li>Type de prise: Prise EU<\/li>\n<li>Connexions:\n<ul>\n<li>Ethernet LAN<\/li>\n<li>USB 2.0<\/li>\n<li>USB<\/li>\n<li>RJ45<\/li>\n<\/ul>\n<\/li>\n<li>Type:\n<ul>\n<li>Imprimante \u00e0 Billets<\/li>\n<li>Avec fil<\/li>\n<\/ul>\n<\/li>\n<li>Bloc d\u2019Alimentation:\n<ul>\n<li>r\u00e9seau \u00e9lectrique<\/li>\n<li>Avec fil<\/li>\n<\/ul>\n<\/li>\n<li>Couleur: Noir<\/li>\n<li>Caract\u00e9ristiques:\n<ul>\n<li>\u00c9cran integr\u00e9<\/li>\n<li>\u00c9cran couleur<\/li>\n<\/ul>\n<\/li>\n<li>R\u00e9solution d&#8217;image maximale: 203 x 203 dpi<\/li>\n<li>Ecran:\n<ul>\n<li>3,5&#8221;<\/li>\n<li>3,5&#8243;<\/li>\n<\/ul>\n<\/li>\n<li>M\u00e9moire interne: 256 MB<\/li>\n<li>Interface: Ethernet<\/li>\n<li>M\u00e9moire: 512 MB<\/li>\n<li>Impression couleur: Non<\/li>\n<li>Compatible: Mac OS<\/li>\n<li>Tension: 100 &#8211; 240 V<\/li>\n<li>Fr\u00e9quence d&#8217;entr\u00e9e AC: 50-60 Hz<\/li>\n<li>Amp\u00e9rage: 2 A<\/li>\n<li>Certificat: Certification ENERGY STAR<\/li>\n<\/ul>","protected":false},"excerpt":{"rendered":"<p>Si vous \u00eates passionn\u00e9 d&#8217;informatique et d&#8217;\u00e9lectronique, si vous \u00eates \u00e0 la pointe de la technologie et qu&#8217;aucun d\u00e9tail ne vous \u00e9chappe, achetez Imprimante \u00e0 Billets Brother TJ4420TNZ1 au meilleur prix. La Brother TJ4420TNZ1 est une imprimante de tickets con\u00e7ue pour les environnements industriels et \u00e0 haute production, reconnue pour sa robustesse et sa polyvalence. [&hellip;]<\/p>\n","protected":false},"featured_media":19169,"comment_status":"open","ping_status":"closed","template":"","meta":[],"product_brand":[669],"product_cat":[592,65,581],"product_tag":[210],"class_list":{"0":"post-19172","1":"product","2":"type-product","3":"status-publish","4":"has-post-thumbnail","6":"product_brand-brandp_538","7":"product_cat-imprimantes","8":"product_cat-informatique-electronique","9":"product_cat-informatique-peripheriques-et-consommables","10":"product_tag-tag_25","12":"first","13":"instock","14":"taxable","15":"shipping-taxable","16":"purchasable","17":"product-type-simple"},"_links":{"self":[{"href":"https:\/\/bigbuy.tupique.com\/en\/wp-json\/wp\/v2\/product\/19172","targetHints":{"allow":["GET"]}}],"collection":[{"href":"https:\/\/bigbuy.tupique.com\/en\/wp-json\/wp\/v2\/product"}],"about":[{"href":"https:\/\/bigbuy.tupique.com\/en\/wp-json\/wp\/v2\/types\/product"}],"replies":[{"embeddable":true,"href":"https:\/\/bigbuy.tupique.com\/en\/wp-json\/wp\/v2\/comments?post=19172"}],"wp:featuredmedia":[{"embeddable":true,"href":"https:\/\/bigbuy.tupique.com\/en\/wp-json\/wp\/v2\/media\/19169"}],"wp:attachment":[{"href":"https:\/\/bigbuy.tupique.com\/en\/wp-json\/wp\/v2\/media?parent=19172"}],"wp:term":[{"taxonomy":"product_brand","embeddable":true,"href":"https:\/\/bigbuy.tupique.com\/en\/wp-json\/wp\/v2\/product_brand?post=19172"},{"taxonomy":"product_cat","embeddable":true,"href":"https:\/\/bigbuy.tupique.com\/en\/wp-json\/wp\/v2\/product_cat?post=19172"},{"taxonomy":"product_tag","embeddable":true,"href":"https:\/\/bigbuy.tupique.com\/en\/wp-json\/wp\/v2\/product_tag?post=19172"}],"curies":[{"name":"wp","href":"https:\/\/api.w.org\/{rel}","templated":true}]}}