{"id":19166,"date":"2026-03-29T15:59:31","date_gmt":"2026-03-29T14:59:31","guid":{"rendered":"https:\/\/bigbuy.tupique.com\/produto\/monitor-samsung-qb75c-4k-ultra-hd-75\/"},"modified":"2026-05-11T19:59:37","modified_gmt":"2026-05-11T17:59:37","slug":"monitor-samsung-qb75c-4k-ultra-hd-75","status":"publish","type":"product","link":"https:\/\/bigbuy.tupique.com\/en\/produto\/monitor-samsung-qb75c-4k-ultra-hd-75\/","title":{"rendered":"\u00c9cran Samsung QB75C 4K Ultra HD 75&#8243;"},"content":{"rendered":"<p>Si vous \u00eates passionn\u00e9 d&#8217;<b>informatique et d&#8217;\u00e9lectronique<\/b>, si vous \u00eates \u00e0 la pointe de la technologie et qu&#8217;aucun d\u00e9tail ne vous \u00e9chappe, achetez <b>\u00c9cran Samsung QB75C 4K Ultra HD 75&#8243;<\/b> au meilleur prix.<\/p>\n<ul>\n<li>Diagonale de l&#8217;\u00e9cran (cm): 190,5 cm<\/li>\n<li>Ecran: 75&#8243;<\/li>\n<li>Produit \u00e0 brancher: Oui<\/li>\n<li>Type de prise: Prise EU<\/li>\n<li>Connexions:\n<ul>\n<li>USB x 2<\/li>\n<li>USB<\/li>\n<li>RJ45<\/li>\n<li>RS-232<\/li>\n<li>HDMI 2.0<\/li>\n<li>Ethernet LAN<\/li>\n<li>HDMI x 3<\/li>\n<li>HDCP<\/li>\n<li>HDMI 1.4<\/li>\n<\/ul>\n<\/li>\n<li>Couleur: Noir<\/li>\n<li>R\u00e9solution: 4K Ultra HD<\/li>\n<li>VESA: 40 x 40 cm<\/li>\n<li>Temps de r\u00e9ponse: 8 ms<\/li>\n<li>R\u00e9solution (px): 3840 x 2160 px<\/li>\n<li>Caract\u00e9ristiques:\n<ul>\n<li>Universel<\/li>\n<li>Avec stand<\/li>\n<\/ul>\n<\/li>\n<li>Connectivit\u00e9: Wi-Fi<\/li>\n<li>Langue: Anglais<\/li>\n<li>Rapport de contraste: 4000:1<\/li>\n<li>Interface: Ethernet<\/li>\n<li>Standard: NTSC<\/li>\n<li>Technologie: VA<\/li>\n<li>Flux lumineux: 350 lm<\/li>\n<li>Angle: 178\u00ba<\/li>\n<li>Tension d&#8217;entr\u00e9e AC: 100 &#8211; 240 V<\/li>\n<li>Montage: VESA<\/li>\n<li>Compatible: VESA 400 x 400 mm<\/li>\n<\/ul>","protected":false},"excerpt":{"rendered":"<p>Si vous \u00eates passionn\u00e9 d&#8217;informatique et d&#8217;\u00e9lectronique, si vous \u00eates \u00e0 la pointe de la technologie et qu&#8217;aucun d\u00e9tail ne vous \u00e9chappe, achetez \u00c9cran Samsung QB75C 4K Ultra HD 75&#8243; au meilleur prix. Diagonale de l&#8217;\u00e9cran (cm): 190,5 cm Ecran: 75&#8243; Produit \u00e0 brancher: Oui Type de prise: Prise EU Connexions: USB x 2 USB [&hellip;]<\/p>\n","protected":false},"featured_media":19158,"comment_status":"open","ping_status":"closed","template":"","meta":[],"product_brand":[183],"product_cat":[65,581,616],"product_tag":[213,106],"class_list":{"0":"post-19166","1":"product","2":"type-product","3":"status-publish","4":"has-post-thumbnail","6":"product_brand-brandp_576","7":"product_cat-informatique-electronique","8":"product_cat-informatique-peripheriques-et-consommables","9":"product_cat-moniteurs","10":"product_tag-tag_933","11":"product_tag-tag_1295","13":"first","14":"instock","15":"taxable","16":"shipping-taxable","17":"purchasable","18":"product-type-simple"},"_links":{"self":[{"href":"https:\/\/bigbuy.tupique.com\/en\/wp-json\/wp\/v2\/product\/19166","targetHints":{"allow":["GET"]}}],"collection":[{"href":"https:\/\/bigbuy.tupique.com\/en\/wp-json\/wp\/v2\/product"}],"about":[{"href":"https:\/\/bigbuy.tupique.com\/en\/wp-json\/wp\/v2\/types\/product"}],"replies":[{"embeddable":true,"href":"https:\/\/bigbuy.tupique.com\/en\/wp-json\/wp\/v2\/comments?post=19166"}],"wp:featuredmedia":[{"embeddable":true,"href":"https:\/\/bigbuy.tupique.com\/en\/wp-json\/wp\/v2\/media\/19158"}],"wp:attachment":[{"href":"https:\/\/bigbuy.tupique.com\/en\/wp-json\/wp\/v2\/media?parent=19166"}],"wp:term":[{"taxonomy":"product_brand","embeddable":true,"href":"https:\/\/bigbuy.tupique.com\/en\/wp-json\/wp\/v2\/product_brand?post=19166"},{"taxonomy":"product_cat","embeddable":true,"href":"https:\/\/bigbuy.tupique.com\/en\/wp-json\/wp\/v2\/product_cat?post=19166"},{"taxonomy":"product_tag","embeddable":true,"href":"https:\/\/bigbuy.tupique.com\/en\/wp-json\/wp\/v2\/product_tag?post=19166"}],"curies":[{"name":"wp","href":"https:\/\/api.w.org\/{rel}","templated":true}]}}