{"id":19112,"date":"2026-03-29T15:58:09","date_gmt":"2026-03-29T14:58:09","guid":{"rendered":"https:\/\/bigbuy.tupique.com\/produto\/wall-bracket-neomounts-ds70s-950wh2-white\/"},"modified":"2026-05-11T19:59:33","modified_gmt":"2026-05-11T17:59:33","slug":"wall-bracket-neomounts-ds70s-950wh2-white","status":"publish","type":"product","link":"https:\/\/bigbuy.tupique.com\/en\/produto\/wall-bracket-neomounts-ds70s-950wh2-white\/","title":{"rendered":"Support mural Neomounts DS70S-950WH2 Blanc"},"content":{"rendered":"<p>Si vous \u00eates passionn\u00e9 d&#8217;<b>informatique et d&#8217;\u00e9lectronique<\/b>, si vous \u00eates \u00e0 la pointe de la technologie et qu&#8217;aucun d\u00e9tail ne vous \u00e9chappe, achetez <b>Support mural Neomounts DS70S-950WH2 Blanc<\/b> au meilleur prix.<\/p>\n<ul>\n<li>Type:\n<ul>\n<li>Support mural<\/li>\n<li>Support<\/li>\n<\/ul>\n<\/li>\n<li>Couleur: Blanc<\/li>\n<li>Caract\u00e9ristiques:\n<ul>\n<li>Hauteur r\u00e9glable<\/li>\n<li>R\u00e9glable<\/li>\n<li>Plaque Tournante<\/li>\n<li>Collecteur de c\u00e2bles<\/li>\n<li>Inclinaison r\u00e9glable<\/li>\n<\/ul>\n<\/li>\n<li>Type d&#8217;installation: Bureau<\/li>\n<li>Ecran:\n<ul>\n<li>17&#8243;<\/li>\n<li>35&#8243;<\/li>\n<\/ul>\n<\/li>\n<li>VESA:\n<ul>\n<li>10 x 10 cm<\/li>\n<li>7,5 x 7,5 cm<\/li>\n<\/ul>\n<\/li>\n<li>Poids Max. support\u00e9: 18 kg<\/li>\n<li>Pays \/ r\u00e9gion de fabrication: Chine<\/li>\n<li>Mati\u00e8re: Aluminium<\/li>\n<li>Langue: Fran\u00e7ais<\/li>\n<li>Rotation:\n<ul>\n<li>-90 \/ 90\u00b0<\/li>\n<li>180\u00ba<\/li>\n<\/ul>\n<\/li>\n<li>Compatible: VESA 75 x 75, 100 x 100<\/li>\n<\/ul>","protected":false},"excerpt":{"rendered":"<p>Si vous \u00eates passionn\u00e9 d&#8217;informatique et d&#8217;\u00e9lectronique, si vous \u00eates \u00e0 la pointe de la technologie et qu&#8217;aucun d\u00e9tail ne vous \u00e9chappe, achetez Support mural Neomounts DS70S-950WH2 Blanc au meilleur prix. Type: Support mural Support Couleur: Blanc Caract\u00e9ristiques: Hauteur r\u00e9glable R\u00e9glable Plaque Tournante Collecteur de c\u00e2bles Inclinaison r\u00e9glable Type d&#8217;installation: Bureau Ecran: 17&#8243; 35&#8243; VESA: [&hellip;]<\/p>\n","protected":false},"featured_media":19108,"comment_status":"open","ping_status":"closed","template":"","meta":[],"product_brand":[639],"product_cat":[65,581,586],"product_tag":[106],"class_list":{"0":"post-19112","1":"product","2":"type-product","3":"status-publish","4":"has-post-thumbnail","6":"product_brand-brandp_4772","7":"product_cat-informatique-electronique","8":"product_cat-informatique-peripheriques-et-consommables","9":"product_cat-supports-pour-ecrans","10":"product_tag-tag_1295","12":"first","13":"instock","14":"taxable","15":"shipping-taxable","16":"purchasable","17":"product-type-simple"},"_links":{"self":[{"href":"https:\/\/bigbuy.tupique.com\/en\/wp-json\/wp\/v2\/product\/19112","targetHints":{"allow":["GET"]}}],"collection":[{"href":"https:\/\/bigbuy.tupique.com\/en\/wp-json\/wp\/v2\/product"}],"about":[{"href":"https:\/\/bigbuy.tupique.com\/en\/wp-json\/wp\/v2\/types\/product"}],"replies":[{"embeddable":true,"href":"https:\/\/bigbuy.tupique.com\/en\/wp-json\/wp\/v2\/comments?post=19112"}],"wp:featuredmedia":[{"embeddable":true,"href":"https:\/\/bigbuy.tupique.com\/en\/wp-json\/wp\/v2\/media\/19108"}],"wp:attachment":[{"href":"https:\/\/bigbuy.tupique.com\/en\/wp-json\/wp\/v2\/media?parent=19112"}],"wp:term":[{"taxonomy":"product_brand","embeddable":true,"href":"https:\/\/bigbuy.tupique.com\/en\/wp-json\/wp\/v2\/product_brand?post=19112"},{"taxonomy":"product_cat","embeddable":true,"href":"https:\/\/bigbuy.tupique.com\/en\/wp-json\/wp\/v2\/product_cat?post=19112"},{"taxonomy":"product_tag","embeddable":true,"href":"https:\/\/bigbuy.tupique.com\/en\/wp-json\/wp\/v2\/product_tag?post=19112"}],"curies":[{"name":"wp","href":"https:\/\/api.w.org\/{rel}","templated":true}]}}