{"id":190904,"date":"2026-04-15T19:44:02","date_gmt":"2026-04-15T18:44:02","guid":{"rendered":"https:\/\/bigbuy.tupique.com\/produto\/evier-simple-teka-radea-r10-50-40-noir\/"},"modified":"2026-04-15T19:44:02","modified_gmt":"2026-04-15T18:44:02","slug":"evier-simple-teka-radea-r10-50-40-noir","status":"publish","type":"product","link":"https:\/\/bigbuy.tupique.com\/en\/produto\/evier-simple-teka-radea-r10-50-40-noir\/","title":{"rendered":"\u00c9vier simple Teka RADEA R10 50.40 Noir"},"content":{"rendered":"<p>Si vous pensez r\u00e9nover votre cuisine, achetez <b>\u00c9vier simple Teka RADEA R10 50.40 Noir<\/b> et d\u00b4autres <b>produits Teka<\/b> !<\/p>\n<ul>\n<li>Inclut:\n<ul>\n<li>Kit de Montage<\/li>\n<li>Siphon<\/li>\n<\/ul>\n<\/li>\n<li>Couleur: Noir<\/li>\n<li>Largeur: 56 cm<\/li>\n<li>Forme: Rectangulaire<\/li>\n<li>Type d&#8217;installation: Sur le plan de travail<\/li>\n<\/ul>","protected":false},"excerpt":{"rendered":"<p>Si vous pensez r\u00e9nover votre cuisine, achetez \u00c9vier simple Teka RADEA R10 50.40 Noir et d\u00b4autres produits Teka ! Inclut: Kit de Montage Siphon Couleur: Noir Largeur: 56 cm Forme: Rectangulaire Type d&#8217;installation: Sur le plan de travail<\/p>","protected":false},"featured_media":190901,"comment_status":"open","ping_status":"closed","template":"","meta":[],"product_brand":[667],"product_cat":[60,61,779],"product_tag":[210],"class_list":{"0":"post-190904","1":"product","2":"type-product","3":"status-publish","4":"has-post-thumbnail","6":"product_brand-brandp_1172","7":"product_cat-cuisine-gourmet","8":"product_cat-equipement-de-cuisine","9":"product_cat-eviers","10":"product_tag-tag_25","12":"first","13":"instock","14":"taxable","15":"shipping-taxable","16":"purchasable","17":"product-type-simple"},"_links":{"self":[{"href":"https:\/\/bigbuy.tupique.com\/en\/wp-json\/wp\/v2\/product\/190904","targetHints":{"allow":["GET"]}}],"collection":[{"href":"https:\/\/bigbuy.tupique.com\/en\/wp-json\/wp\/v2\/product"}],"about":[{"href":"https:\/\/bigbuy.tupique.com\/en\/wp-json\/wp\/v2\/types\/product"}],"replies":[{"embeddable":true,"href":"https:\/\/bigbuy.tupique.com\/en\/wp-json\/wp\/v2\/comments?post=190904"}],"wp:featuredmedia":[{"embeddable":true,"href":"https:\/\/bigbuy.tupique.com\/en\/wp-json\/wp\/v2\/media\/190901"}],"wp:attachment":[{"href":"https:\/\/bigbuy.tupique.com\/en\/wp-json\/wp\/v2\/media?parent=190904"}],"wp:term":[{"taxonomy":"product_brand","embeddable":true,"href":"https:\/\/bigbuy.tupique.com\/en\/wp-json\/wp\/v2\/product_brand?post=190904"},{"taxonomy":"product_cat","embeddable":true,"href":"https:\/\/bigbuy.tupique.com\/en\/wp-json\/wp\/v2\/product_cat?post=190904"},{"taxonomy":"product_tag","embeddable":true,"href":"https:\/\/bigbuy.tupique.com\/en\/wp-json\/wp\/v2\/product_tag?post=190904"}],"curies":[{"name":"wp","href":"https:\/\/api.w.org\/{rel}","templated":true}]}}