{"id":19074,"date":"2026-03-29T15:57:11","date_gmt":"2026-03-29T14:57:11","guid":{"rendered":"https:\/\/bigbuy.tupique.com\/produto\/perforating-hammer-bosch-gbh-18v-26-d\/"},"modified":"2026-04-16T16:41:15","modified_gmt":"2026-04-16T15:41:15","slug":"perforating-hammer-bosch-gbh-18v-26-d","status":"publish","type":"product","link":"https:\/\/bigbuy.tupique.com\/en\/produto\/perforating-hammer-bosch-gbh-18v-26-d\/","title":{"rendered":"Marteau perforateur BOSCH GBH 18V-26 D"},"content":{"rendered":"<p>Si vous aimez prendre soin de chaque d\u00e9tail de votre maison et d&#8217;\u00eatre \u00e0 la derni\u00e8re mode en mati\u00e8re de produits qui vous rendront la vie plus facile, achetez <b>Marteau perforateur BOSCH GBH 18V-26 D<\/b> au meilleur prix.<\/p>\n<p>Le <b>marteau perforateur<\/b> <b>BOSCH GBH 18V-26 D<\/b> est un outil professionnel con\u00e7u pour les travaux exigeants en construction et bricolage n\u00e9cessitant un per\u00e7age \u00e0 percussion efficace et une mobilit\u00e9 sans contrainte de c\u00e2ble. Il fonctionne avec une <b>alimentation par batterie 18 V<\/b>, offrant autonomie et libert\u00e9 de mouvement, id\u00e9al pour les op\u00e9rations dans des lieux sans acc\u00e8s direct au r\u00e9seau \u00e9lectrique. Ce mod\u00e8le int\u00e8gre le syst\u00e8me de fixation <b>SDS plus<\/b>, permettant des changements rapides et s\u00fbrs de forets pour une meilleure productivit\u00e9. Sa <b>poign\u00e9e double<\/b> assure une prise ferme et un contr\u00f4le optimal lors de l\u2019utilisation, augmentant s\u00e9curit\u00e9 et pr\u00e9cision lors du per\u00e7age de mat\u00e9riaux durs comme le b\u00e9ton, la brique ou la pierre. Le marteau perforateur est livr\u00e9 \u00e0 l\u2019unit\u00e9, sans batterie ni chargeur, pr\u00e9sent\u00e9 dans une bo\u00eete en carton facilitant son stockage et transport. De couleur <b>bleue<\/b>, cet outil professionnel BOSCH allie robustesse et fiabilit\u00e9 caract\u00e9ristiques de la marque \u00e0 un design ergonomique favorisant une prise en main confortable et r\u00e9sistante \u00e0 l\u2019usage intensif. Le mod\u00e8le GBH 18V-26 D est particuli\u00e8rement adapt\u00e9 \u00e0 ceux qui recherchent un \u00e9quipement puissant et polyvalent, capable d\u2019effectuer des t\u00e2ches de per\u00e7age et percussion aussi bien sur chantier que pour des projets d\u2019installation \u00e9lectrique ou plomberie sans d\u00e9pendre du c\u00e2ble. Sa technologie enti\u00e8rement sans fil \u00e9largit les possibilit\u00e9s d\u2019utilisation, augmentant la productivit\u00e9 en environnements vari\u00e9s. En r\u00e9sum\u00e9, ce marteau perforateur repr\u00e9sente une solution efficace et durable pour professionnels et amateurs exigeant pr\u00e9cision et libert\u00e9 d\u2019action dans leur \u00e9quipement de travail.<\/p>\n<ul>\n<li>Bloc d\u2019Alimentation:\n<ul>\n<li>Batterie<\/li>\n<li>r\u00e9seau \u00e9lectrique<\/li>\n<\/ul>\n<\/li>\n<li>Non Inclus:\n<ul>\n<li>Batterie<\/li>\n<li>Chargeur de batterie<\/li>\n<\/ul>\n<\/li>\n<li>Caract\u00e9ristiques: Double poign\u00e9e<\/li>\n<li>Produit \u00e0 brancher: Oui<\/li>\n<li>Type de prise: Prise EU<\/li>\n<li>Couleur: Bleu<\/li>\n<li>Tension: 18 V<\/li>\n<\/ul>","protected":false},"excerpt":{"rendered":"<p>Si vous aimez prendre soin de chaque d\u00e9tail de votre maison et d&#8217;\u00eatre \u00e0 la derni\u00e8re mode en mati\u00e8re de produits qui vous rendront la vie plus facile, achetez Marteau perforateur BOSCH GBH 18V-26 D au meilleur prix. Le marteau perforateur BOSCH GBH 18V-26 D est un outil professionnel con\u00e7u pour les travaux exigeants en [&hellip;]<\/p>\n","protected":false},"featured_media":19070,"comment_status":"open","ping_status":"closed","template":"","meta":[],"product_brand":[162],"product_cat":[613,239],"product_tag":[59,210],"class_list":{"0":"post-19074","1":"product","2":"type-product","3":"status-publish","4":"has-post-thumbnail","6":"product_brand-brandp_959","7":"product_cat-bricolage-et-materiel","8":"product_cat-maison-jardin","9":"product_tag-tag_1304","10":"product_tag-tag_25","12":"first","13":"instock","14":"taxable","15":"shipping-taxable","16":"purchasable","17":"product-type-simple"},"_links":{"self":[{"href":"https:\/\/bigbuy.tupique.com\/en\/wp-json\/wp\/v2\/product\/19074","targetHints":{"allow":["GET"]}}],"collection":[{"href":"https:\/\/bigbuy.tupique.com\/en\/wp-json\/wp\/v2\/product"}],"about":[{"href":"https:\/\/bigbuy.tupique.com\/en\/wp-json\/wp\/v2\/types\/product"}],"replies":[{"embeddable":true,"href":"https:\/\/bigbuy.tupique.com\/en\/wp-json\/wp\/v2\/comments?post=19074"}],"wp:featuredmedia":[{"embeddable":true,"href":"https:\/\/bigbuy.tupique.com\/en\/wp-json\/wp\/v2\/media\/19070"}],"wp:attachment":[{"href":"https:\/\/bigbuy.tupique.com\/en\/wp-json\/wp\/v2\/media?parent=19074"}],"wp:term":[{"taxonomy":"product_brand","embeddable":true,"href":"https:\/\/bigbuy.tupique.com\/en\/wp-json\/wp\/v2\/product_brand?post=19074"},{"taxonomy":"product_cat","embeddable":true,"href":"https:\/\/bigbuy.tupique.com\/en\/wp-json\/wp\/v2\/product_cat?post=19074"},{"taxonomy":"product_tag","embeddable":true,"href":"https:\/\/bigbuy.tupique.com\/en\/wp-json\/wp\/v2\/product_tag?post=19074"}],"curies":[{"name":"wp","href":"https:\/\/api.w.org\/{rel}","templated":true}]}}