{"id":19030,"date":"2026-03-29T15:56:02","date_gmt":"2026-03-29T14:56:02","guid":{"rendered":"https:\/\/bigbuy.tupique.com\/produto\/power-supply-msi-meg-ai1300p-pcie5-1300-w-130-w-80-plus-gold\/"},"modified":"2026-04-16T19:30:49","modified_gmt":"2026-04-16T18:30:49","slug":"power-supply-msi-meg-ai1300p-pcie5-1300-w-130-w-80-plus-gold","status":"publish","type":"product","link":"https:\/\/bigbuy.tupique.com\/en\/produto\/power-supply-msi-meg-ai1300p-pcie5-1300-w-130-w-80-plus-gold\/","title":{"rendered":"Bloc d\u2019Alimentation MSI MEG AI1300P PCIE5 1300 W 130 W 80 Plus Gold"},"content":{"rendered":"<p>Si vous \u00eates passionn\u00e9 d&#8217;<b>informatique et d&#8217;\u00e9lectronique<\/b>, si vous \u00eates \u00e0 la pointe de la technologie et qu&#8217;aucun d\u00e9tail ne vous \u00e9chappe, achetez <b>Bloc d\u2019Alimentation MSI MEG AI1300P PCIE5 1300 W 130 W 80 Plus Gold<\/b> au meilleur prix.<\/p>\n<p>La <b>MSI MEG AI1300P PCIE5<\/b> est une <b>alimentation<\/b> con\u00e7ue pour fournir une alimentation \u00e9lectrique robuste et efficace aux syst\u00e8mes informatiques avanc\u00e9s. Avec une <b>puissance maximale de 1300 W<\/b>, elle supporte des configurations haute performance, incluant cartes graphiques et processeurs exigeants n\u00e9cessitant une alimentation stable et constante. Son design <b>modulaire<\/b> permet une gestion optimale des c\u00e2bles, facilitant l\u2019installation et am\u00e9liorant le flux d\u2019air dans le bo\u00eetier, tandis que sa finition <b>noire<\/b> offre une esth\u00e9tique sobre et professionnelle. Cette alimentation est certifi\u00e9e <b>80 Plus Gold et 80 Plus Platinum<\/b>, garantissant une consommation r\u00e9duite et une moindre production de chaleur, essentiels pour la stabilit\u00e9 et la durabilit\u00e9 du syst\u00e8me. Elle int\u00e8gre \u00e9galement un <b>interrupteur marche\/arr\u00eat<\/b> pour plus de confort et de contr\u00f4le sans d\u00e9brancher physiquement l\u2019appareil. Pesant environ <b>1,5 kg<\/b>, elle allie robustesse et maniabilit\u00e9 pour un montage facile dans la plupart des bo\u00eetiers standards. Sa technologie PCIe5 assure compatibilit\u00e9 et performance avec la derni\u00e8re g\u00e9n\u00e9ration de composants, faisant d\u2019elle une solution fiable et avanc\u00e9e pour les utilisateurs souhaitant optimiser leur syst\u00e8me avec une alimentation puissante, efficace et modulaire. En r\u00e9sum\u00e9, la MSI MEG AI1300P PCIE5 est un choix \u00e9quilibr\u00e9 pour les configurations gaming, stations de travail ou t\u00e2ches intensives n\u00e9cessitant une alimentation performante, efficace et modulaire.<\/p>\n<ul>\n<li>Type:\n<ul>\n<li>Bloc d\u2019Alimentation<\/li>\n<li>Modulaire<\/li>\n<\/ul>\n<\/li>\n<li>Connexions:\n<ul>\n<li>PCIE 6+2 PIN<\/li>\n<li>Molex 4-pin<\/li>\n<li>CPU 4+4 PIN<\/li>\n<li>SATA<\/li>\n<li>ATX 24-pin<\/li>\n<li>24 Pin ATX x 1<\/li>\n<li>24-pin ATX x 1<\/li>\n<\/ul>\n<\/li>\n<li>Certificat:\n<ul>\n<li>80 PLUS Platinum<\/li>\n<li>80 Plus Gold<\/li>\n<\/ul>\n<\/li>\n<li>puissance:\n<ul>\n<li>1300 W<\/li>\n<li>130 W<\/li>\n<\/ul>\n<\/li>\n<li>Produit \u00e0 brancher: Oui<\/li>\n<li>Type de prise: Prise EU<\/li>\n<li>Bloc d\u2019Alimentation: r\u00e9seau \u00e9lectrique<\/li>\n<li>Couleur: Noir<\/li>\n<li>Caract\u00e9ristiques:\n<ul>\n<li>Modulaire<\/li>\n<li>Interrupteur marche\/arr\u00eat<\/li>\n<\/ul>\n<\/li>\n<li>Poids: 1,5 Kg<\/li>\n<li>Ventillateur:\n<ul>\n<li>1<\/li>\n<li>12 cm<\/li>\n<\/ul>\n<\/li>\n<li>Connecteurs: Lecteur de disquettes<\/li>\n<li>Tension: 100 &#8211; 240 V<\/li>\n<li>Utilisation recommand\u00e9e: PC<\/li>\n<li>Amp\u00e9rage:\n<ul>\n<li>5 A<\/li>\n<li>10 A<\/li>\n<li>25 A<\/li>\n<\/ul>\n<\/li>\n<li>Fr\u00e9quence d&#8217;entr\u00e9e AC: 50-60 Hz<\/li>\n<li>Largeur: 15 cm<\/li>\n<li>Capacit\u00e9: 1,5 Kg<\/li>\n<\/ul>","protected":false},"excerpt":{"rendered":"<p>Si vous \u00eates passionn\u00e9 d&#8217;informatique et d&#8217;\u00e9lectronique, si vous \u00eates \u00e0 la pointe de la technologie et qu&#8217;aucun d\u00e9tail ne vous \u00e9chappe, achetez Bloc d\u2019Alimentation MSI MEG AI1300P PCIE5 1300 W 130 W 80 Plus Gold au meilleur prix. La MSI MEG AI1300P PCIE5 est une alimentation con\u00e7ue pour fournir une alimentation \u00e9lectrique robuste et [&hellip;]<\/p>\n","protected":false},"featured_media":19027,"comment_status":"open","ping_status":"closed","template":"","meta":[],"product_brand":[975],"product_cat":[65,584,618],"product_tag":[59,210,106],"class_list":{"0":"post-19030","1":"product","2":"type-product","3":"status-publish","4":"has-post-thumbnail","6":"product_brand-brandp_565","7":"product_cat-informatique-electronique","8":"product_cat-informatique-reseaux-et-composants","9":"product_cat-sources-d-alimentation","10":"product_tag-tag_1304","11":"product_tag-tag_25","12":"product_tag-tag_1295","14":"first","15":"instock","16":"taxable","17":"shipping-taxable","18":"purchasable","19":"product-type-simple"},"_links":{"self":[{"href":"https:\/\/bigbuy.tupique.com\/en\/wp-json\/wp\/v2\/product\/19030","targetHints":{"allow":["GET"]}}],"collection":[{"href":"https:\/\/bigbuy.tupique.com\/en\/wp-json\/wp\/v2\/product"}],"about":[{"href":"https:\/\/bigbuy.tupique.com\/en\/wp-json\/wp\/v2\/types\/product"}],"replies":[{"embeddable":true,"href":"https:\/\/bigbuy.tupique.com\/en\/wp-json\/wp\/v2\/comments?post=19030"}],"wp:featuredmedia":[{"embeddable":true,"href":"https:\/\/bigbuy.tupique.com\/en\/wp-json\/wp\/v2\/media\/19027"}],"wp:attachment":[{"href":"https:\/\/bigbuy.tupique.com\/en\/wp-json\/wp\/v2\/media?parent=19030"}],"wp:term":[{"taxonomy":"product_brand","embeddable":true,"href":"https:\/\/bigbuy.tupique.com\/en\/wp-json\/wp\/v2\/product_brand?post=19030"},{"taxonomy":"product_cat","embeddable":true,"href":"https:\/\/bigbuy.tupique.com\/en\/wp-json\/wp\/v2\/product_cat?post=19030"},{"taxonomy":"product_tag","embeddable":true,"href":"https:\/\/bigbuy.tupique.com\/en\/wp-json\/wp\/v2\/product_tag?post=19030"}],"curies":[{"name":"wp","href":"https:\/\/api.w.org\/{rel}","templated":true}]}}