{"id":18938,"date":"2026-03-29T15:43:55","date_gmt":"2026-03-29T14:43:55","guid":{"rendered":"https:\/\/bigbuy.tupique.com\/produto\/portable-game-console-nintendo-197059-blue\/"},"modified":"2026-05-11T20:02:34","modified_gmt":"2026-05-11T18:02:34","slug":"portable-game-console-nintendo-197059-blue","status":"publish","type":"product","link":"https:\/\/bigbuy.tupique.com\/en\/produto\/portable-game-console-nintendo-197059-blue\/","title":{"rendered":"Console de Jeu Portable Nintendo 197059 Bleu"},"content":{"rendered":"<p>Si vous \u00eates passionn\u00e9 d&#8217;<b>informatique et d&#8217;\u00e9lectronique<\/b>, si vous \u00eates \u00e0 la pointe de la technologie et qu&#8217;aucun d\u00e9tail ne vous \u00e9chappe, achetez <b>Console de Jeu Portable Nintendo 197059 Bleu<\/b> au meilleur prix.<\/p>\n<p>La <b>Nintendo Switch Lite<\/b> mod\u00e8le 197059 est une <b>console portable de couleur bleu turquoise<\/b> con\u00e7ue pour offrir une exp\u00e9rience de jeu compacte et d\u00e9di\u00e9e au mode portable. Avec un <b>\u00e9cran tactile LCD<\/b> int\u00e9gr\u00e9, elle permet une interaction directe et fluide avec les jeux, tandis que sa taille r\u00e9duite facilite le transport et l\u2019utilisation partout. Cette version Lite se distingue par l\u2019absence de commandes d\u00e9tachables et de support pour connexion TV, privil\u00e9giant la portabilit\u00e9. Parmi ses caract\u00e9ristiques techniques, on note la pr\u00e9sence de <b>connectivit\u00e9 Wi-Fi et Bluetooth<\/b>, permettant la communication sans fil pour t\u00e9l\u00e9charger des jeux, jouer en ligne et connecter des accessoires compatibles. Elle int\u00e8gre \u00e9galement un port <b>USB-C<\/b> pour une charge rapide et le transfert de donn\u00e9es. La console dispose d\u2019un <b>lecteur de cartes<\/b> compatible avec les cartouches physiques, \u00e9largissant l\u2019acc\u00e8s au catalogue Nintendo Switch sans d\u00e9pendre uniquement du stockage interne. Son design ergonomique et ses couleurs vives, notamment la combinaison bleu et turquoise de ce mod\u00e8le, offrent une finition attrayante et jeune tout en restant robuste. La Nintendo Switch Lite est l\u2019option id\u00e9ale pour les utilisateurs recherchant une console polyvalente, l\u00e9g\u00e8re et pratique, tout en conservant la qualit\u00e9 et la biblioth\u00e8que de jeux Nintendo dans un format exclusivement portable.<\/p>\n<ul>\n<li>R\u00e9solution (px): 1280 x 720 px<\/li>\n<li>Fonctions: Acc\u00e9l\u00e9rom\u00e8tre<\/li>\n<li>Autonomie approx.: 7 heures<\/li>\n<li>Couleur: Bleu<\/li>\n<li>Caract\u00e9ristiques:\n<ul>\n<li>\u00c9cran LCD<\/li>\n<li>Ecran tactile<\/li>\n<li>Lecteur de Cartes<\/li>\n<\/ul>\n<\/li>\n<li>Connexions:\n<ul>\n<li>USB<\/li>\n<li>USB-C<\/li>\n<li>Jack 3.5 mm<\/li>\n<li>C\u00e2ble jack 3,3 mm<\/li>\n<\/ul>\n<\/li>\n<li>Connectivit\u00e9:\n<ul>\n<li>Bluetooth<\/li>\n<li>Wi-Fi<\/li>\n<li>Bluetooth 4.1<\/li>\n<\/ul>\n<\/li>\n<li>Langue: Anglais<\/li>\n<li>\u00c2ge recommand\u00e9: + 16 Ans<\/li>\n<li>Temps de charge approx.: 3 heures<\/li>\n<li>Contr\u00f4le: Boutons<\/li>\n<li>Non inclut: Adaptateur AC<\/li>\n<li>Manuel d\u2019utilisation: Italien<\/li>\n<li>Taille maximale de la carte m\u00e9moire: 2 TB<\/li>\n<li>Technologie: Capacitive<\/li>\n<li>Pr\u00e9cision (humidit\u00e9 relative): 20 % &#8211; 80 %<\/li>\n<li>Type de batterie: Litio Ion<\/li>\n<li>Cartes M\u00e9moire Compatibles: MicroSD (TransFlash),MicroSDHC,MicroSDXC<\/li>\n<li>Diagonale de l&#8217;\u00e9cran (cm): 14 cm<\/li>\n<\/ul>","protected":false},"excerpt":{"rendered":"<p>Si vous \u00eates passionn\u00e9 d&#8217;informatique et d&#8217;\u00e9lectronique, si vous \u00eates \u00e0 la pointe de la technologie et qu&#8217;aucun d\u00e9tail ne vous \u00e9chappe, achetez Console de Jeu Portable Nintendo 197059 Bleu au meilleur prix. La Nintendo Switch Lite mod\u00e8le 197059 est une console portable de couleur bleu turquoise con\u00e7ue pour offrir une exp\u00e9rience de jeu compacte [&hellip;]<\/p>\n","protected":false},"featured_media":18937,"comment_status":"open","ping_status":"closed","template":"","meta":[],"product_brand":[805],"product_cat":[746,609,65],"product_tag":[59,572],"class_list":{"0":"post-18938","1":"product","2":"type-product","3":"status-publish","4":"has-post-thumbnail","6":"product_brand-brandp_1156","7":"product_cat-consoles","8":"product_cat-electronique-jouets-electroniques","9":"product_cat-informatique-electronique","10":"product_tag-tag_1304","11":"product_tag-tag_29","13":"first","14":"instock","15":"taxable","16":"shipping-taxable","17":"purchasable","18":"product-type-simple"},"_links":{"self":[{"href":"https:\/\/bigbuy.tupique.com\/en\/wp-json\/wp\/v2\/product\/18938","targetHints":{"allow":["GET"]}}],"collection":[{"href":"https:\/\/bigbuy.tupique.com\/en\/wp-json\/wp\/v2\/product"}],"about":[{"href":"https:\/\/bigbuy.tupique.com\/en\/wp-json\/wp\/v2\/types\/product"}],"replies":[{"embeddable":true,"href":"https:\/\/bigbuy.tupique.com\/en\/wp-json\/wp\/v2\/comments?post=18938"}],"wp:featuredmedia":[{"embeddable":true,"href":"https:\/\/bigbuy.tupique.com\/en\/wp-json\/wp\/v2\/media\/18937"}],"wp:attachment":[{"href":"https:\/\/bigbuy.tupique.com\/en\/wp-json\/wp\/v2\/media?parent=18938"}],"wp:term":[{"taxonomy":"product_brand","embeddable":true,"href":"https:\/\/bigbuy.tupique.com\/en\/wp-json\/wp\/v2\/product_brand?post=18938"},{"taxonomy":"product_cat","embeddable":true,"href":"https:\/\/bigbuy.tupique.com\/en\/wp-json\/wp\/v2\/product_cat?post=18938"},{"taxonomy":"product_tag","embeddable":true,"href":"https:\/\/bigbuy.tupique.com\/en\/wp-json\/wp\/v2\/product_tag?post=18938"}],"curies":[{"name":"wp","href":"https:\/\/api.w.org\/{rel}","templated":true}]}}