{"id":18927,"date":"2026-03-29T15:43:43","date_gmt":"2026-03-29T14:43:43","guid":{"rendered":"https:\/\/bigbuy.tupique.com\/produto\/mens-watch-lotus-18802-1\/"},"modified":"2026-04-15T01:25:44","modified_gmt":"2026-04-15T00:25:44","slug":"mens-watch-lotus-18802-1","status":"publish","type":"product","link":"https:\/\/bigbuy.tupique.com\/en\/produto\/mens-watch-lotus-18802-1\/","title":{"rendered":"Montre Homme Lotus 18802\/1"},"content":{"rendered":"<p>Si vous aimez suivre les derni\u00e8res tendances en mati\u00e8re de mode et accessoires, achetez <b>Montre Homme Lotus 18802\/1<\/b> au meilleur prix.<\/p>\n<ul>\n<li>Genre: Homme<\/li>\n<li>Liens suppl\u00e9mentaires: Non<\/li>\n<li>Type de montre: Montre-bracelet<\/li>\n<li>Pays \/ r\u00e9gion de fabrication: Chine<\/li>\n<li>Mat\u00e9riau du bracelet: Acier inoxydable<\/li>\n<li>Materiau du bo\u00eetier: Acier inoxydable<\/li>\n<li>Couleur du bracelet: Or<\/li>\n<li>Fonctionne \u00e0 piles: 1 LR44<\/li>\n<\/ul>","protected":false},"excerpt":{"rendered":"<p>Si vous aimez suivre les derni\u00e8res tendances en mati\u00e8re de mode et accessoires, achetez Montre Homme Lotus 18802\/1 au meilleur prix. Genre: Homme Liens suppl\u00e9mentaires: Non Type de montre: Montre-bracelet Pays \/ r\u00e9gion de fabrication: Chine Mat\u00e9riau du bracelet: Acier inoxydable Materiau du bo\u00eetier: Acier inoxydable Couleur du bracelet: Or Fonctionne \u00e0 piles: 1 LR44<\/p>","protected":false},"featured_media":18925,"comment_status":"open","ping_status":"closed","template":"","meta":[],"product_brand":[993],"product_cat":[544,744,545],"product_tag":[103,543],"class_list":{"0":"post-18927","1":"product","2":"type-product","3":"status-publish","4":"has-post-thumbnail","6":"product_brand-brandp_847","7":"product_cat-mode-accessoires","8":"product_cat-montres-unisexe","9":"product_cat-montres-bracelets","10":"product_tag-tag_1261","11":"product_tag-tag_61","13":"first","14":"instock","15":"taxable","16":"shipping-taxable","17":"purchasable","18":"product-type-simple"},"_links":{"self":[{"href":"https:\/\/bigbuy.tupique.com\/en\/wp-json\/wp\/v2\/product\/18927","targetHints":{"allow":["GET"]}}],"collection":[{"href":"https:\/\/bigbuy.tupique.com\/en\/wp-json\/wp\/v2\/product"}],"about":[{"href":"https:\/\/bigbuy.tupique.com\/en\/wp-json\/wp\/v2\/types\/product"}],"replies":[{"embeddable":true,"href":"https:\/\/bigbuy.tupique.com\/en\/wp-json\/wp\/v2\/comments?post=18927"}],"wp:featuredmedia":[{"embeddable":true,"href":"https:\/\/bigbuy.tupique.com\/en\/wp-json\/wp\/v2\/media\/18925"}],"wp:attachment":[{"href":"https:\/\/bigbuy.tupique.com\/en\/wp-json\/wp\/v2\/media?parent=18927"}],"wp:term":[{"taxonomy":"product_brand","embeddable":true,"href":"https:\/\/bigbuy.tupique.com\/en\/wp-json\/wp\/v2\/product_brand?post=18927"},{"taxonomy":"product_cat","embeddable":true,"href":"https:\/\/bigbuy.tupique.com\/en\/wp-json\/wp\/v2\/product_cat?post=18927"},{"taxonomy":"product_tag","embeddable":true,"href":"https:\/\/bigbuy.tupique.com\/en\/wp-json\/wp\/v2\/product_tag?post=18927"}],"curies":[{"name":"wp","href":"https:\/\/api.w.org\/{rel}","templated":true}]}}