{"id":189137,"date":"2026-04-15T13:07:38","date_gmt":"2026-04-15T12:07:38","guid":{"rendered":"https:\/\/bigbuy.tupique.com\/produto\/scanner-hp-20g07ab19-40-ppm\/"},"modified":"2026-04-15T13:07:38","modified_gmt":"2026-04-15T12:07:38","slug":"scanner-hp-20g07ab19-40-ppm","status":"publish","type":"product","link":"https:\/\/bigbuy.tupique.com\/en\/produto\/scanner-hp-20g07ab19-40-ppm\/","title":{"rendered":"Scanner HP 20G07A#B19 40 ppm"},"content":{"rendered":"<p>Si vous \u00eates passionn\u00e9 d&#8217;<b>informatique et d&#8217;\u00e9lectronique<\/b>, si vous \u00eates \u00e0 la pointe de la technologie et qu&#8217;aucun d\u00e9tail ne vous \u00e9chappe, achetez <b>Scanner HP 20G07A#B19 40 ppm<\/b> au meilleur prix.<\/p>\n<p>Le <b>scanner HP Scanjet Pro N4600 fnw1<\/b> est une solution avanc\u00e9e pour la num\u00e9risation professionnelle, alliant polyvalence et haute productivit\u00e9 dans un design compact et fonctionnel. Ce <b>scanner<\/b> blanc permet des num\u00e9risations couleur et monochromes, avec une zone maximale de num\u00e9risation de <b>216 x 356 mm<\/b>, id\u00e9ale pour des documents jusqu\u2019au format A4, ainsi que pour divers supports comme enveloppes, \u00e9tiquettes et papier photo. \u00c9quip\u00e9 d\u2019un chargeur automatique de documents (ADF) d\u2019une capacit\u00e9 de <b>100 feuilles<\/b>, il supporte un cycle de travail quotidien maximal de <b>6000 pages<\/b>, facilitant la gestion intensive des t\u00e2ches de num\u00e9risation. Gr\u00e2ce \u00e0 sa <b>r\u00e9solution optique de 1200 x 1200 DPI<\/b>, il offre des images nettes et d\u00e9taill\u00e9es, soutenues par un capteur CIS performant. Sa vitesse de num\u00e9risation est remarquable, atteignant jusqu\u2019\u00e0 <b>40 pages par minute (ppm)<\/b> en noir et blanc sur documents A4 via le chargeur automatique, optimisant le temps de traitement en bureaux et environnements professionnels. L\u2019appareil dispose d\u2019un \u00e9cran tactile de <b>2,8 pouces (7,11 cm)<\/b> facilitant la navigation et la configuration directe, acc\u00e9l\u00e9rant l\u2019acc\u00e8s aux fonctions cl\u00e9s sans ordinateur. C\u00f4t\u00e9 connectivit\u00e9, il int\u00e8gre le <b>Wi-Fi et l\u2019USB 3.2<\/b>, offrant des connexions rapides et polyvalentes pour l\u2019int\u00e9gration aux r\u00e9seaux et syst\u00e8mes informatiques vari\u00e9s. De plus, sa compatibilit\u00e9 avec Linux et le protocole TWAIN \u00e9largit ses possibilit\u00e9s d\u2019int\u00e9gration dans divers environnements et applications professionnelles. Il supporte la num\u00e9risation \u00e0 plat et par chargeur, permettant de g\u00e9rer facilement des documents isol\u00e9s comme de gros volumes. La capacit\u00e9 d\u2019envoyer directement les fichiers num\u00e9ris\u00e9s par e-mail, vers des dossiers r\u00e9seau ou sur PC am\u00e9liore l\u2019efficacit\u00e9 du flux documentaire. En r\u00e9sum\u00e9, le HP Scanjet Pro N4600 fnw1 est un outil fiable et complet, destin\u00e9 aux utilisateurs professionnels recherchant qualit\u00e9, rapidit\u00e9 et adaptabilit\u00e9 dans la gestion num\u00e9rique des documents.<\/p>\n<ul>\n<li>Produit \u00e0 brancher: Oui<\/li>\n<li>Type de prise: Prise EU<\/li>\n<li>Type: Scanner<\/li>\n<li>Bloc d\u2019Alimentation:\n<ul>\n<li>r\u00e9seau \u00e9lectrique<\/li>\n<li>CA<\/li>\n<\/ul>\n<\/li>\n<li>Couleur: Blanc<\/li>\n<li>Taille: A4<\/li>\n<li>Caract\u00e9ristiques:\n<ul>\n<li>Ecran tactile<\/li>\n<li>\u00c9cran integr\u00e9<\/li>\n<li>Scanner Double Face<\/li>\n<li>Tactile<\/li>\n<\/ul>\n<\/li>\n<li>Connexions:\n<ul>\n<li>USB 3.2<\/li>\n<li>USB<\/li>\n<\/ul>\n<\/li>\n<li>R\u00e9solution d&#8217;image maximale: 1200 x 1200 dpi<\/li>\n<li>Ecran:\n<ul>\n<li>2,8&#8221;<\/li>\n<li>2,8&#8243;<\/li>\n<\/ul>\n<\/li>\n<li>Capteur: CIS<\/li>\n<li>Tension d&#8217;entr\u00e9e AC: 100 &#8211; 240 V<\/li>\n<li>Connectivit\u00e9: Wi-Fi<\/li>\n<li>Scanner: 1200 x 1200 dpi<\/li>\n<li>Compatible:\n<ul>\n<li>Linux<\/li>\n<li>TWAIN<\/li>\n<\/ul>\n<\/li>\n<li>Entr\u00e9e AC: 100-240 V<\/li>\n<li>Papier:\n<ul>\n<li>A4<\/li>\n<li>B5<\/li>\n<\/ul>\n<\/li>\n<li>vitesse: 40 ppm<\/li>\n<\/ul>","protected":false},"excerpt":{"rendered":"<p>Si vous \u00eates passionn\u00e9 d&#8217;informatique et d&#8217;\u00e9lectronique, si vous \u00eates \u00e0 la pointe de la technologie et qu&#8217;aucun d\u00e9tail ne vous \u00e9chappe, achetez Scanner HP 20G07A#B19 40 ppm au meilleur prix. Le scanner HP Scanjet Pro N4600 fnw1 est une solution avanc\u00e9e pour la num\u00e9risation professionnelle, alliant polyvalence et haute productivit\u00e9 dans un design compact [&hellip;]<\/p>\n","protected":false},"featured_media":189136,"comment_status":"open","ping_status":"closed","template":"","meta":[],"product_brand":[630],"product_cat":[65,581,587],"product_tag":[213,106],"class_list":{"0":"post-189137","1":"product","2":"type-product","3":"status-publish","4":"has-post-thumbnail","6":"product_brand-brandp_909","7":"product_cat-informatique-electronique","8":"product_cat-informatique-peripheriques-et-consommables","9":"product_cat-scanners","10":"product_tag-tag_933","11":"product_tag-tag_1295","13":"first","14":"instock","15":"taxable","16":"shipping-taxable","17":"purchasable","18":"product-type-simple"},"_links":{"self":[{"href":"https:\/\/bigbuy.tupique.com\/en\/wp-json\/wp\/v2\/product\/189137","targetHints":{"allow":["GET"]}}],"collection":[{"href":"https:\/\/bigbuy.tupique.com\/en\/wp-json\/wp\/v2\/product"}],"about":[{"href":"https:\/\/bigbuy.tupique.com\/en\/wp-json\/wp\/v2\/types\/product"}],"replies":[{"embeddable":true,"href":"https:\/\/bigbuy.tupique.com\/en\/wp-json\/wp\/v2\/comments?post=189137"}],"wp:featuredmedia":[{"embeddable":true,"href":"https:\/\/bigbuy.tupique.com\/en\/wp-json\/wp\/v2\/media\/189136"}],"wp:attachment":[{"href":"https:\/\/bigbuy.tupique.com\/en\/wp-json\/wp\/v2\/media?parent=189137"}],"wp:term":[{"taxonomy":"product_brand","embeddable":true,"href":"https:\/\/bigbuy.tupique.com\/en\/wp-json\/wp\/v2\/product_brand?post=189137"},{"taxonomy":"product_cat","embeddable":true,"href":"https:\/\/bigbuy.tupique.com\/en\/wp-json\/wp\/v2\/product_cat?post=189137"},{"taxonomy":"product_tag","embeddable":true,"href":"https:\/\/bigbuy.tupique.com\/en\/wp-json\/wp\/v2\/product_tag?post=189137"}],"curies":[{"name":"wp","href":"https:\/\/api.w.org\/{rel}","templated":true}]}}