{"id":189096,"date":"2026-04-15T13:00:38","date_gmt":"2026-04-15T12:00:38","guid":{"rendered":"https:\/\/bigbuy.tupique.com\/produto\/montre-intelligente-amazfit-w2550gl2n-noir\/"},"modified":"2026-04-15T13:00:38","modified_gmt":"2026-04-15T12:00:38","slug":"montre-intelligente-amazfit-w2550gl2n-noir","status":"publish","type":"product","link":"https:\/\/bigbuy.tupique.com\/en\/produto\/montre-intelligente-amazfit-w2550gl2n-noir\/","title":{"rendered":"Montre intelligente Amazfit W2550GL2N Noir"},"content":{"rendered":"<p>Si vous \u00eates passionn\u00e9 d&#8217;<b>informatique et d&#8217;\u00e9lectronique<\/b>, si vous \u00eates \u00e0 la pointe de la technologie et qu&#8217;aucun d\u00e9tail ne vous \u00e9chappe, achetez <b>Montre intelligente Amazfit W2550GL2N Noir<\/b> au meilleur prix.<\/p>\n<ul>\n<li>Type de montre: Montre intelligente<\/li>\n<li>Produit \u00e0 brancher: Oui<\/li>\n<li>Alarme: Oui<\/li>\n<li>Caract\u00e9ristiques:\n<ul>\n<li>Ecran tactile<\/li>\n<li>R\u00e9sistant \u00e0 l&#8217;eau<\/li>\n<\/ul>\n<\/li>\n<li>Microphone int\u00e9gr\u00e9: Oui<\/li>\n<li>Acc\u00e9l\u00e9rom\u00e8tre: Oui<\/li>\n<li>Gyroscope: Oui<\/li>\n<li>Connectivit\u00e9:\n<ul>\n<li>Bluetooth 5.2<\/li>\n<li>Bluetooth<\/li>\n<\/ul>\n<\/li>\n<li>Chronom\u00e8tre: Oui<\/li>\n<li>Brille: 3000 cd \/ m\u00b2<\/li>\n<li>Type de prise: Prise EU<\/li>\n<li>Bloc d\u2019Alimentation: r\u00e9seau \u00e9lectrique<\/li>\n<li>Couleur du bracelet: Noir<\/li>\n<li>Couleur: Noir<\/li>\n<li>Mati\u00e8re:\n<ul>\n<li>Acier inoxydable<\/li>\n<li>Plastique<\/li>\n<\/ul>\n<\/li>\n<li>Caisse: 47 mm<\/li>\n<li>Mat\u00e9riau du bracelet: Silicone<\/li>\n<li>Couleur du bo\u00eetier de l&#8217;horloge: Noir<\/li>\n<li>Couleur du cadran: Noir<\/li>\n<li>Genre: Unisexe<\/li>\n<li>GPS: Oui<\/li>\n<li>Autonomie approx.:\n<ul>\n<li>20 Jours<\/li>\n<li>14 Jours<\/li>\n<\/ul>\n<\/li>\n<li>Compatible:\n<ul>\n<li>Android<\/li>\n<li>iOS<\/li>\n<\/ul>\n<\/li>\n<li>Technologie: AMOLED<\/li>\n<li>Syst\u00e8me d&#8217;exploitation: Amazfit OS<\/li>\n<li>Imperm\u00e9abilit\u00e9: 10 atm<\/li>\n<li>Bracelet \u00e0 montre: Silicone<\/li>\n<li>Ecran: 1,43&#8243;<\/li>\n<li>Forme: Ronde<\/li>\n<\/ul>","protected":false},"excerpt":{"rendered":"<p>Si vous \u00eates passionn\u00e9 d&#8217;informatique et d&#8217;\u00e9lectronique, si vous \u00eates \u00e0 la pointe de la technologie et qu&#8217;aucun d\u00e9tail ne vous \u00e9chappe, achetez Montre intelligente Amazfit W2550GL2N Noir au meilleur prix. Type de montre: Montre intelligente Produit \u00e0 brancher: Oui Alarme: Oui Caract\u00e9ristiques: Ecran tactile R\u00e9sistant \u00e0 l&#8217;eau Microphone int\u00e9gr\u00e9: Oui Acc\u00e9l\u00e9rom\u00e8tre: Oui Gyroscope: Oui [&hellip;]<\/p>\n","protected":false},"featured_media":189095,"comment_status":"open","ping_status":"closed","template":"","meta":[],"product_brand":[1161],"product_cat":[575,65,748],"product_tag":[103,566,106],"class_list":{"0":"post-189096","1":"product","2":"type-product","3":"status-publish","4":"has-post-thumbnail","6":"product_brand-brandp_2351","7":"product_cat-electronique-telephonie-et-tablettes","8":"product_cat-informatique-electronique","9":"product_cat-smartwatches","10":"product_tag-tag_1261","11":"product_tag-tag_547","12":"product_tag-tag_1295","14":"first","15":"instock","16":"taxable","17":"shipping-taxable","18":"purchasable","19":"product-type-simple"},"_links":{"self":[{"href":"https:\/\/bigbuy.tupique.com\/en\/wp-json\/wp\/v2\/product\/189096","targetHints":{"allow":["GET"]}}],"collection":[{"href":"https:\/\/bigbuy.tupique.com\/en\/wp-json\/wp\/v2\/product"}],"about":[{"href":"https:\/\/bigbuy.tupique.com\/en\/wp-json\/wp\/v2\/types\/product"}],"replies":[{"embeddable":true,"href":"https:\/\/bigbuy.tupique.com\/en\/wp-json\/wp\/v2\/comments?post=189096"}],"wp:featuredmedia":[{"embeddable":true,"href":"https:\/\/bigbuy.tupique.com\/en\/wp-json\/wp\/v2\/media\/189095"}],"wp:attachment":[{"href":"https:\/\/bigbuy.tupique.com\/en\/wp-json\/wp\/v2\/media?parent=189096"}],"wp:term":[{"taxonomy":"product_brand","embeddable":true,"href":"https:\/\/bigbuy.tupique.com\/en\/wp-json\/wp\/v2\/product_brand?post=189096"},{"taxonomy":"product_cat","embeddable":true,"href":"https:\/\/bigbuy.tupique.com\/en\/wp-json\/wp\/v2\/product_cat?post=189096"},{"taxonomy":"product_tag","embeddable":true,"href":"https:\/\/bigbuy.tupique.com\/en\/wp-json\/wp\/v2\/product_tag?post=189096"}],"curies":[{"name":"wp","href":"https:\/\/api.w.org\/{rel}","templated":true}]}}