{"id":188911,"date":"2026-04-15T12:16:32","date_gmt":"2026-04-15T11:16:32","guid":{"rendered":"https:\/\/bigbuy.tupique.com\/produto\/machine-a-laver-lg-f4wv7010s2w-blanc-1400-rpm-105-kg\/"},"modified":"2026-04-16T14:42:58","modified_gmt":"2026-04-16T13:42:58","slug":"machine-a-laver-lg-f4wv7010s2w-blanc-1400-rpm-105-kg","status":"publish","type":"product","link":"https:\/\/bigbuy.tupique.com\/en\/produto\/machine-a-laver-lg-f4wv7010s2w-blanc-1400-rpm-105-kg\/","title":{"rendered":"Machine \u00e0 laver LG F4WV7010S2W Blanc 1400 rpm 10,5 kg"},"content":{"rendered":"<p>Si vous \u00eates \u00e0 la recherche de nouvelles tendances sur le march\u00e9, nous vous pr\u00e9sentons <b>Machine \u00e0 laver LG F4WV7010S2W Blanc 1400 rpm 10,5 kg<\/b>!<\/p>\n<ul>\n<li>Type d&#8217;installation: Sous le plan de travail<\/li>\n<li>Bloc d\u2019Alimentation: r\u00e9seau \u00e9lectrique<\/li>\n<li>Couleur: Blanc<\/li>\n<li>vitesse: 1400 rpm<\/li>\n<li>Capacit\u00e9: 10,5 kg<\/li>\n<li>Classification \u00e9nerg\u00e9tique: A<\/li>\n<li>Caract\u00e9ristiques: Verrouillage pour enfants<\/li>\n<li>Technologie: LED<\/li>\n<li>\u00c9cran integr\u00e9: Oui<\/li>\n<li>Contr\u00f4le: Boutons, rotatif<\/li>\n<\/ul>","protected":false},"excerpt":{"rendered":"<p>Si vous \u00eates \u00e0 la recherche de nouvelles tendances sur le march\u00e9, nous vous pr\u00e9sentons Machine \u00e0 laver LG F4WV7010S2W Blanc 1400 rpm 10,5 kg! Type d&#8217;installation: Sous le plan de travail Bloc d\u2019Alimentation: r\u00e9seau \u00e9lectrique Couleur: Blanc vitesse: 1400 rpm Capacit\u00e9: 10,5 kg Classification \u00e9nerg\u00e9tique: A Caract\u00e9ristiques: Verrouillage pour enfants Technologie: LED \u00c9cran integr\u00e9: [&hellip;]<\/p>\n","protected":false},"featured_media":188908,"comment_status":"open","ping_status":"closed","template":"","meta":[],"product_brand":[662],"product_cat":[239,240,751],"product_tag":[],"class_list":{"0":"post-188911","1":"product","2":"type-product","3":"status-publish","4":"has-post-thumbnail","6":"product_brand-brandp_559","7":"product_cat-maison-jardin","8":"product_cat-nettoyage-aspirateur-et-repassage","9":"product_cat-seche-linge-fers-a-repasser-sechoirs","11":"first","12":"instock","13":"taxable","14":"shipping-taxable","15":"purchasable","16":"product-type-simple"},"_links":{"self":[{"href":"https:\/\/bigbuy.tupique.com\/en\/wp-json\/wp\/v2\/product\/188911","targetHints":{"allow":["GET"]}}],"collection":[{"href":"https:\/\/bigbuy.tupique.com\/en\/wp-json\/wp\/v2\/product"}],"about":[{"href":"https:\/\/bigbuy.tupique.com\/en\/wp-json\/wp\/v2\/types\/product"}],"replies":[{"embeddable":true,"href":"https:\/\/bigbuy.tupique.com\/en\/wp-json\/wp\/v2\/comments?post=188911"}],"wp:featuredmedia":[{"embeddable":true,"href":"https:\/\/bigbuy.tupique.com\/en\/wp-json\/wp\/v2\/media\/188908"}],"wp:attachment":[{"href":"https:\/\/bigbuy.tupique.com\/en\/wp-json\/wp\/v2\/media?parent=188911"}],"wp:term":[{"taxonomy":"product_brand","embeddable":true,"href":"https:\/\/bigbuy.tupique.com\/en\/wp-json\/wp\/v2\/product_brand?post=188911"},{"taxonomy":"product_cat","embeddable":true,"href":"https:\/\/bigbuy.tupique.com\/en\/wp-json\/wp\/v2\/product_cat?post=188911"},{"taxonomy":"product_tag","embeddable":true,"href":"https:\/\/bigbuy.tupique.com\/en\/wp-json\/wp\/v2\/product_tag?post=188911"}],"curies":[{"name":"wp","href":"https:\/\/api.w.org\/{rel}","templated":true}]}}