{"id":18888,"date":"2026-03-29T15:42:53","date_gmt":"2026-03-29T14:42:53","guid":{"rendered":"https:\/\/bigbuy.tupique.com\/produto\/dolls-house-rainbow-high-townhouse\/"},"modified":"2026-04-16T19:00:41","modified_gmt":"2026-04-16T18:00:41","slug":"dolls-house-rainbow-high-townhouse","status":"publish","type":"product","link":"https:\/\/bigbuy.tupique.com\/en\/produto\/dolls-house-rainbow-high-townhouse\/","title":{"rendered":"Maison de poup\u00e9e Rainbow High Townhouse"},"content":{"rendered":"<p>Les enfants m\u00e9ritent ce qu\u2019il y a de mieux, nous vous pr\u00e9sentons donc <b>Maison de poup\u00e9e Rainbow High Townhouse<\/b>, id\u00e9al pour ceux qui cherchent des produits de qualit\u00e9 pour les plus petits ! Procurez-vous <b>Rainbow High<\/b> aux meilleurs prix !<\/p>\n<ul>\n<li>Type: Maison de poup\u00e9e<\/li>\n<li>Couleur: Multicouleur<\/li>\n<li>Mat\u00e9riel:\n<ul>\n<li>Bois<\/li>\n<li>Plastique<\/li>\n<\/ul>\n<\/li>\n<li>Langue: Anglais<\/li>\n<li>Emballage: original (sin abrir)<\/li>\n<li>\u00c2ge recommand\u00e9:\n<ul>\n<li>+ 3 ans<\/li>\n<li>+ 6 Ans<\/li>\n<li>Enfant<\/li>\n<\/ul>\n<\/li>\n<li>Non inclut: Batterie<\/li>\n<li>Design: Moderne<\/li>\n<\/ul>","protected":false},"excerpt":{"rendered":"<p>Les enfants m\u00e9ritent ce qu\u2019il y a de mieux, nous vous pr\u00e9sentons donc Maison de poup\u00e9e Rainbow High Townhouse, id\u00e9al pour ceux qui cherchent des produits de qualit\u00e9 pour les plus petits ! Procurez-vous Rainbow High aux meilleurs prix ! Type: Maison de poup\u00e9e Couleur: Multicouleur Mat\u00e9riel: Bois Plastique Langue: Anglais Emballage: original (sin abrir) [&hellip;]<\/p>\n","protected":false},"featured_media":18883,"comment_status":"open","ping_status":"closed","template":"","meta":[],"product_brand":[994],"product_cat":[157,158,967],"product_tag":[57,59],"class_list":{"0":"post-18888","1":"product","2":"type-product","3":"status-publish","4":"has-post-thumbnail","6":"product_brand-brandp_5578","7":"product_cat-jouets-deguisements","8":"product_cat-jouets-et-jeux","9":"product_cat-poupees-et-peluches","10":"product_tag-tag_1275","11":"product_tag-tag_1304","13":"first","14":"instock","15":"taxable","16":"shipping-taxable","17":"purchasable","18":"product-type-simple"},"_links":{"self":[{"href":"https:\/\/bigbuy.tupique.com\/en\/wp-json\/wp\/v2\/product\/18888","targetHints":{"allow":["GET"]}}],"collection":[{"href":"https:\/\/bigbuy.tupique.com\/en\/wp-json\/wp\/v2\/product"}],"about":[{"href":"https:\/\/bigbuy.tupique.com\/en\/wp-json\/wp\/v2\/types\/product"}],"replies":[{"embeddable":true,"href":"https:\/\/bigbuy.tupique.com\/en\/wp-json\/wp\/v2\/comments?post=18888"}],"wp:featuredmedia":[{"embeddable":true,"href":"https:\/\/bigbuy.tupique.com\/en\/wp-json\/wp\/v2\/media\/18883"}],"wp:attachment":[{"href":"https:\/\/bigbuy.tupique.com\/en\/wp-json\/wp\/v2\/media?parent=18888"}],"wp:term":[{"taxonomy":"product_brand","embeddable":true,"href":"https:\/\/bigbuy.tupique.com\/en\/wp-json\/wp\/v2\/product_brand?post=18888"},{"taxonomy":"product_cat","embeddable":true,"href":"https:\/\/bigbuy.tupique.com\/en\/wp-json\/wp\/v2\/product_cat?post=18888"},{"taxonomy":"product_tag","embeddable":true,"href":"https:\/\/bigbuy.tupique.com\/en\/wp-json\/wp\/v2\/product_tag?post=18888"}],"curies":[{"name":"wp","href":"https:\/\/api.w.org\/{rel}","templated":true}]}}