{"id":188551,"date":"2026-04-15T10:53:08","date_gmt":"2026-04-15T09:53:08","guid":{"rendered":"https:\/\/bigbuy.tupique.com\/produto\/drap-housse-today-gris-90-x-190-cm-denim\/"},"modified":"2026-04-16T21:50:27","modified_gmt":"2026-04-16T20:50:27","slug":"drap-housse-today-gris-90-x-190-cm-denim","status":"publish","type":"product","link":"https:\/\/bigbuy.tupique.com\/en\/produto\/drap-housse-today-gris-90-x-190-cm-denim\/","title":{"rendered":"Drap housse TODAY Gris 90 x 190 cm Denim"},"content":{"rendered":"<p>Si vous aimez prendre soin de chaque d\u00e9tail de votre maison et d&#8217;\u00eatre \u00e0 la derni\u00e8re mode en mati\u00e8re de produits qui vous rendront la vie plus facile, achetez <b>Drap housse TODAY Gris 90 x 190 cm Denim<\/b> au meilleur prix.<\/p>\n<p>Le <b>drap-housse<\/b> de la marque <b>TODAY<\/b> est un \u00e9l\u00e9ment essentiel pour l\u2019\u00e9quipement de base de tout lit simple, avec des <b>dimensions approximatives de 90 x 190 cm<\/b>, s\u2019adaptant parfaitement aux matelas de taille standard pour une personne. Confectionn\u00e9 en <b>100 % coton<\/b>, ce drap garantit une grande respirabilit\u00e9, douceur et r\u00e9sistance, offrant une sensation naturelle qui aide \u00e0 maintenir une temp\u00e9rature agr\u00e9able pendant le repos. Disponible en couleurs <b>bleu et gris<\/b>, il pr\u00e9sente une finition simple et polyvalente qui s\u2019accorde avec diff\u00e9rents styles de d\u00e9coration et linge de lit. Son design pratique et fonctionnel s\u2019adresse \u00e0 ceux qui recherchent qualit\u00e9 et confort dans un produit basique, facilitant un ajustement ferme au matelas gr\u00e2ce \u00e0 sa confection en drap-housse, qui am\u00e9liore la tenue et \u00e9vite les d\u00e9placements. Cette pi\u00e8ce textile est id\u00e9ale pour renouveler le linge de lit de mani\u00e8re \u00e9conomique et efficace, tout en maintenant l\u2019hygi\u00e8ne et le confort du sommeil quotidien. Dans l\u2019ensemble, ce drap-housse TODAY repr\u00e9sente une solution solide et pratique pour habiller le matelas avec des mat\u00e9riaux naturels et des finitions fiables.<\/p>\n<ul>\n<li>Composition: 100 % coton<\/li>\n<li>Type: Drap housse<\/li>\n<li>Couleur:\n<ul>\n<li>Gris<\/li>\n<li>Denim<\/li>\n<\/ul>\n<\/li>\n<li>Dimensions approx.: 90 x 190 cm<\/li>\n<\/ul>","protected":false},"excerpt":{"rendered":"<p>Si vous aimez prendre soin de chaque d\u00e9tail de votre maison et d&#8217;\u00eatre \u00e0 la derni\u00e8re mode en mati\u00e8re de produits qui vous rendront la vie plus facile, achetez Drap housse TODAY Gris 90 x 190 cm Denim au meilleur prix. Le drap-housse de la marque TODAY est un \u00e9l\u00e9ment essentiel pour l\u2019\u00e9quipement de base [&hellip;]<\/p>\n","protected":false},"featured_media":188548,"comment_status":"open","ping_status":"closed","template":"","meta":[],"product_brand":[1535],"product_cat":[1788,1532,239],"product_tag":[59],"class_list":{"0":"post-188551","1":"product","2":"type-product","3":"status-publish","4":"has-post-thumbnail","6":"product_brand-brandp_6093","7":"product_cat-draps","8":"product_cat-linge-de-maison","9":"product_cat-maison-jardin","10":"product_tag-tag_1304","12":"first","13":"instock","14":"taxable","15":"shipping-taxable","16":"purchasable","17":"product-type-simple"},"_links":{"self":[{"href":"https:\/\/bigbuy.tupique.com\/en\/wp-json\/wp\/v2\/product\/188551","targetHints":{"allow":["GET"]}}],"collection":[{"href":"https:\/\/bigbuy.tupique.com\/en\/wp-json\/wp\/v2\/product"}],"about":[{"href":"https:\/\/bigbuy.tupique.com\/en\/wp-json\/wp\/v2\/types\/product"}],"replies":[{"embeddable":true,"href":"https:\/\/bigbuy.tupique.com\/en\/wp-json\/wp\/v2\/comments?post=188551"}],"wp:featuredmedia":[{"embeddable":true,"href":"https:\/\/bigbuy.tupique.com\/en\/wp-json\/wp\/v2\/media\/188548"}],"wp:attachment":[{"href":"https:\/\/bigbuy.tupique.com\/en\/wp-json\/wp\/v2\/media?parent=188551"}],"wp:term":[{"taxonomy":"product_brand","embeddable":true,"href":"https:\/\/bigbuy.tupique.com\/en\/wp-json\/wp\/v2\/product_brand?post=188551"},{"taxonomy":"product_cat","embeddable":true,"href":"https:\/\/bigbuy.tupique.com\/en\/wp-json\/wp\/v2\/product_cat?post=188551"},{"taxonomy":"product_tag","embeddable":true,"href":"https:\/\/bigbuy.tupique.com\/en\/wp-json\/wp\/v2\/product_tag?post=188551"}],"curies":[{"name":"wp","href":"https:\/\/api.w.org\/{rel}","templated":true}]}}