{"id":18824,"date":"2026-03-29T15:41:33","date_gmt":"2026-03-29T14:41:33","guid":{"rendered":"https:\/\/bigbuy.tupique.com\/produto\/thermal-printer-citizen-systems-cls631iinebxx-black\/"},"modified":"2026-04-15T01:25:35","modified_gmt":"2026-04-15T00:25:35","slug":"thermal-printer-citizen-systems-cls631iinebxx-black","status":"publish","type":"product","link":"https:\/\/bigbuy.tupique.com\/en\/produto\/thermal-printer-citizen-systems-cls631iinebxx-black\/","title":{"rendered":"Imprimante Thermique Citizen Systems CLS631IINEBXX Noir"},"content":{"rendered":"<p>Si vous \u00eates passionn\u00e9 d&#8217;<b>informatique et d&#8217;\u00e9lectronique<\/b>, si vous \u00eates \u00e0 la pointe de la technologie et qu&#8217;aucun d\u00e9tail ne vous \u00e9chappe, achetez <b>Imprimante Thermique Citizen Systems CLS631IINEBXX Noir<\/b> au meilleur prix.<\/p>\n<p>La <b>imprimante thermique Citizen CL-S631IINEBXX<\/b> est un appareil professionnel con\u00e7u pour offrir des solutions d\u2019impression fiables et polyvalentes dans les environnements commerciaux et industriels. Cette <b>imprimante thermique<\/b> combine les technologies d\u2019<b>impression thermique directe et transfert thermique<\/b>, permettant l\u2019impression d\u2019\u00e9tiquettes, codes-barres et re\u00e7us avec une qualit\u00e9 r\u00e9sistante et durable. Avec une <b>r\u00e9solution maximale de 300 x 300 dpi<\/b>, elle garantit une impression nette et pr\u00e9cise m\u00eame sur de petites pi\u00e8ces ou des d\u00e9tails complexes. Sa vitesse d\u2019impression atteint jusqu\u2019\u00e0 <b>100 mm par seconde<\/b>, facilitant des processus rapides dans des secteurs exigeant efficacit\u00e9, comme le commerce de d\u00e9tail, la logistique ou la sant\u00e9. C\u00f4t\u00e9 connectivit\u00e9, elle se distingue par l\u2019int\u00e9gration d\u2019options <b>sans fil<\/b> et <b>filaire<\/b>, incluant la connectivit\u00e9 <b>WiFi<\/b> et un port <b>USB 2.0<\/b>, ce qui facilite son int\u00e9gration dans diverses infrastructures r\u00e9seau et permet une installation flexible sans d\u00e9pendre uniquement des c\u00e2bles. Son design en <b>noir<\/b> lui conf\u00e8re une finition professionnelle et sobre, s\u2019adaptant ais\u00e9ment \u00e0 tout espace de travail. La Citizen CL-S631 est compatible avec diff\u00e9rents mat\u00e9riaux et formats d\u2019\u00e9tiquettes, en faisant un outil polyvalent pour de nombreux secteurs n\u00e9cessitant des impressions rapides et claires sans consommables d\u2019encre ou toner. La combinaison de sa technologie thermique, de sa connectivit\u00e9 avanc\u00e9e et de sa vitesse optimis\u00e9e fait de cette imprimante une solution fiable pour les utilisateurs recherchant efficacit\u00e9 op\u00e9rationnelle et adaptabilit\u00e9 dans des appareils d\u2019impression sp\u00e9cialis\u00e9s.<\/p>\n<p>Dans l\u2019ensemble, la Citizen CL-S631IINEBXX repr\u00e9sente une option \u00e9quilibr\u00e9e et fonctionnelle pour ceux qui ont besoin d\u2019une imprimante thermique compacte et technologique r\u00e9pondant aux exigences actuelles d\u2019impression professionnelle.<\/p>\n<ul>\n<li>Produit \u00e0 brancher: Oui<\/li>\n<li>Type de prise: Prise EU<\/li>\n<li>Type:\n<ul>\n<li>Imprimante Thermique<\/li>\n<li>Sans fil<\/li>\n<\/ul>\n<\/li>\n<li>Bloc d\u2019Alimentation: r\u00e9seau \u00e9lectrique<\/li>\n<li>Couleur: Noir<\/li>\n<li>Connexions: USB 2.0<\/li>\n<li>R\u00e9solution d&#8217;image maximale: 300 x 300 dpi<\/li>\n<li>Technologie: Thermique<\/li>\n<li>vitesse: 100 mm\/s<\/li>\n<li>M\u00e9moire Flash: 4 MB<\/li>\n<\/ul>","protected":false},"excerpt":{"rendered":"<p>Si vous \u00eates passionn\u00e9 d&#8217;informatique et d&#8217;\u00e9lectronique, si vous \u00eates \u00e0 la pointe de la technologie et qu&#8217;aucun d\u00e9tail ne vous \u00e9chappe, achetez Imprimante Thermique Citizen Systems CLS631IINEBXX Noir au meilleur prix. La imprimante thermique Citizen CL-S631IINEBXX est un appareil professionnel con\u00e7u pour offrir des solutions d\u2019impression fiables et polyvalentes dans les environnements commerciaux et [&hellip;]<\/p>\n","protected":false},"featured_media":18823,"comment_status":"open","ping_status":"closed","template":"","meta":[],"product_brand":[992],"product_cat":[592,65,581],"product_tag":[210],"class_list":{"0":"post-18824","1":"product","2":"type-product","3":"status-publish","4":"has-post-thumbnail","6":"product_brand-brandp_5128","7":"product_cat-imprimantes","8":"product_cat-informatique-electronique","9":"product_cat-informatique-peripheriques-et-consommables","10":"product_tag-tag_25","12":"first","13":"instock","14":"taxable","15":"shipping-taxable","16":"purchasable","17":"product-type-simple"},"_links":{"self":[{"href":"https:\/\/bigbuy.tupique.com\/en\/wp-json\/wp\/v2\/product\/18824","targetHints":{"allow":["GET"]}}],"collection":[{"href":"https:\/\/bigbuy.tupique.com\/en\/wp-json\/wp\/v2\/product"}],"about":[{"href":"https:\/\/bigbuy.tupique.com\/en\/wp-json\/wp\/v2\/types\/product"}],"replies":[{"embeddable":true,"href":"https:\/\/bigbuy.tupique.com\/en\/wp-json\/wp\/v2\/comments?post=18824"}],"wp:featuredmedia":[{"embeddable":true,"href":"https:\/\/bigbuy.tupique.com\/en\/wp-json\/wp\/v2\/media\/18823"}],"wp:attachment":[{"href":"https:\/\/bigbuy.tupique.com\/en\/wp-json\/wp\/v2\/media?parent=18824"}],"wp:term":[{"taxonomy":"product_brand","embeddable":true,"href":"https:\/\/bigbuy.tupique.com\/en\/wp-json\/wp\/v2\/product_brand?post=18824"},{"taxonomy":"product_cat","embeddable":true,"href":"https:\/\/bigbuy.tupique.com\/en\/wp-json\/wp\/v2\/product_cat?post=18824"},{"taxonomy":"product_tag","embeddable":true,"href":"https:\/\/bigbuy.tupique.com\/en\/wp-json\/wp\/v2\/product_tag?post=18824"}],"curies":[{"name":"wp","href":"https:\/\/api.w.org\/{rel}","templated":true}]}}