{"id":188190,"date":"2026-04-15T09:40:33","date_gmt":"2026-04-15T08:40:33","guid":{"rendered":"https:\/\/bigbuy.tupique.com\/produto\/protecteur-de-matelas-poyet-motte-blanc-120-x-190-cm\/"},"modified":"2026-05-11T20:02:29","modified_gmt":"2026-05-11T18:02:29","slug":"protecteur-de-matelas-poyet-motte-blanc-120-x-190-cm","status":"publish","type":"product","link":"https:\/\/bigbuy.tupique.com\/en\/produto\/protecteur-de-matelas-poyet-motte-blanc-120-x-190-cm\/","title":{"rendered":"Protecteur de matelas Poyet  Motte Blanc 120 x 190 cm"},"content":{"rendered":"<p>Si vous aimez prendre soin de chaque d\u00e9tail de votre maison et d&#8217;\u00eatre \u00e0 la derni\u00e8re mode en mati\u00e8re de produits qui vous rendront la vie plus facile, achetez <b>Protecteur de matelas Poyet  Motte Blanc 120 x 190 cm<\/b> au meilleur prix.<\/p>\n<p>La <b>housse de protection pour matelas<\/b> de la marque <b>Poyet Motte<\/b> est con\u00e7ue pour offrir une combinaison optimale de protection et de confort. Ce <b>prot\u00e8ge-matelas<\/b> se distingue par sa composition en <b>100 % coton<\/b>, un mat\u00e9riau naturel qui apporte douceur et respirabilit\u00e9, maintenant une atmosph\u00e8re agr\u00e9able pendant le repos. Il poss\u00e8de une couche imperm\u00e9able type Alese en molleton, microa\u00e9r\u00e9e gr\u00e2ce \u00e0 un rev\u00eatement en polyur\u00e9thane qui permet la respiration sans perdre la barri\u00e8re contre les liquides, \u00e9vitant ainsi les infiltrations et conservant le matelas en parfait \u00e9tat. La surface est finie avec un surjet overlock qui assure une meilleure durabilit\u00e9 et r\u00e9sistance \u00e0 l\u2019usage quotidien. Avec des dimensions pr\u00e9cises de <b>120 x 190 cm<\/b>, il s\u2019adapte aux lits standards et offre un ajustement s\u00fbr et confortable. Le prot\u00e8ge-matelas a un poids de <b>180 g\/m\u00b2<\/b>, \u00e9quilibrant protection et l\u00e9g\u00e8ret\u00e9 pour ne pas alt\u00e9rer la sensation de confort au sommeil. De plus, il est facilement lavable en machine \u00e0 <b>60\u00b0C<\/b>, facilitant son entretien hygi\u00e9nique et prolongeant sa dur\u00e9e de vie, ce qui est particuli\u00e8rement utile pour les personnes sensibles \u00e0 la poussi\u00e8re ou souffrant d\u2019allergies respiratoires. Ce mod\u00e8le de Poyet Motte repr\u00e9sente une solution pratique et fonctionnelle pour prot\u00e9ger le matelas contre les taches, l\u2019humidit\u00e9 et l\u2019usure, contribuant \u00e0 pr\u00e9server sa long\u00e9vit\u00e9 sans renoncer au confort naturel du coton.<\/p>\n<ul>\n<li>Type: Protecteur de matelas<\/li>\n<li>Couleur: Blanc<\/li>\n<li>Caract\u00e9ristiques:\n<ul>\n<li>Imperm\u00e9able<\/li>\n<li>Lavable en machine<\/li>\n<li>R\u00e9sistant \u00e0 l&#8217;eau<\/li>\n<li>Respirant<\/li>\n<\/ul>\n<\/li>\n<li>Composition: 100 % coton<\/li>\n<li>Grammage: 180 g\/m\u00b2<\/li>\n<li>Dimensions approx.: 120 x 190 cm<\/li>\n<\/ul>","protected":false},"excerpt":{"rendered":"<p>Si vous aimez prendre soin de chaque d\u00e9tail de votre maison et d&#8217;\u00eatre \u00e0 la derni\u00e8re mode en mati\u00e8re de produits qui vous rendront la vie plus facile, achetez Protecteur de matelas Poyet Motte Blanc 120 x 190 cm au meilleur prix. La housse de protection pour matelas de la marque Poyet Motte est con\u00e7ue [&hellip;]<\/p>\n","protected":false},"featured_media":192690,"comment_status":"open","ping_status":"closed","template":"","meta":[],"product_brand":[1765],"product_cat":[239,785,784],"product_tag":[59],"class_list":{"0":"post-188190","1":"product","2":"type-product","3":"status-publish","4":"has-post-thumbnail","6":"product_brand-brandp_6145","7":"product_cat-maison-jardin","8":"product_cat-matelas","9":"product_cat-repos","10":"product_tag-tag_1304","12":"first","13":"instock","14":"taxable","15":"shipping-taxable","16":"purchasable","17":"product-type-simple"},"_links":{"self":[{"href":"https:\/\/bigbuy.tupique.com\/en\/wp-json\/wp\/v2\/product\/188190","targetHints":{"allow":["GET"]}}],"collection":[{"href":"https:\/\/bigbuy.tupique.com\/en\/wp-json\/wp\/v2\/product"}],"about":[{"href":"https:\/\/bigbuy.tupique.com\/en\/wp-json\/wp\/v2\/types\/product"}],"replies":[{"embeddable":true,"href":"https:\/\/bigbuy.tupique.com\/en\/wp-json\/wp\/v2\/comments?post=188190"}],"wp:featuredmedia":[{"embeddable":true,"href":"https:\/\/bigbuy.tupique.com\/en\/wp-json\/wp\/v2\/media\/192690"}],"wp:attachment":[{"href":"https:\/\/bigbuy.tupique.com\/en\/wp-json\/wp\/v2\/media?parent=188190"}],"wp:term":[{"taxonomy":"product_brand","embeddable":true,"href":"https:\/\/bigbuy.tupique.com\/en\/wp-json\/wp\/v2\/product_brand?post=188190"},{"taxonomy":"product_cat","embeddable":true,"href":"https:\/\/bigbuy.tupique.com\/en\/wp-json\/wp\/v2\/product_cat?post=188190"},{"taxonomy":"product_tag","embeddable":true,"href":"https:\/\/bigbuy.tupique.com\/en\/wp-json\/wp\/v2\/product_tag?post=188190"}],"curies":[{"name":"wp","href":"https:\/\/api.w.org\/{rel}","templated":true}]}}