{"id":18819,"date":"2026-03-29T15:41:28","date_gmt":"2026-03-29T14:41:28","guid":{"rendered":"https:\/\/bigbuy.tupique.com\/produto\/lawn-mower-ryobi-18-v\/"},"modified":"2026-05-11T20:02:30","modified_gmt":"2026-05-11T18:02:30","slug":"lawn-mower-ryobi-18-v","status":"publish","type":"product","link":"https:\/\/bigbuy.tupique.com\/en\/produto\/lawn-mower-ryobi-18-v\/","title":{"rendered":"Lawn Mower Ryobi 18 V"},"content":{"rendered":"<p>Si vous aimez prendre soin de chaque d\u00e9tail de votre maison et d&#8217;\u00eatre \u00e0 la derni\u00e8re mode en mati\u00e8re de produits qui vous rendront la vie plus facile, achetez <b>Lawn Mower Ryobi 18 V<\/b> au meilleur prix.<\/p>\n<p>La <b>tondeuse \u00e0 gazon<\/b> Ryobi est sp\u00e9cialement con\u00e7ue pour ceux qui souhaitent entretenir leur jardin efficacement et sans effort, gr\u00e2ce \u00e0 sa combinaison de technologie avanc\u00e9e et de mat\u00e9riaux de haute qualit\u00e9. Ce mod\u00e8le int\u00e8gre un <b>moteur sans balais<\/b> aliment\u00e9 par un syst\u00e8me hybride, fonctionnant aussi bien avec une <b>batterie 18 V<\/b> qu\u2019avec le <b>secteur<\/b>, offrant ainsi une grande polyvalence. Sa <b>largeur de coupe de 37 cm<\/b> facilite l\u2019entretien des pelouses de taille moyenne, permettant un travail rapide et un r\u00e9sultat uniforme. Fabriqu\u00e9e en <b>ABS<\/b>, mat\u00e9riau reconnu pour sa robustesse et sa durabilit\u00e9, cette tondeuse r\u00e9siste \u00e0 un usage fr\u00e9quent et aux conditions ext\u00e9rieures variables. Son design ergonomique en <b>vert<\/b> r\u00e9pond \u00e0 des crit\u00e8res esth\u00e9tiques et de visibilit\u00e9 lors de l\u2019utilisation au jardin. Compatible avec la technologie de batteries <b>LithiumPlus<\/b> de Ryobi, elle offre une autonomie accrue et un temps de charge r\u00e9duit \u2014 certaines versions incluent une batterie 5,0 Ah et un chargeur rapide \u2014, optimisant le temps de travail et garantissant une puissance constante pendant toute la tonte. Cette alliance de fonctionnalit\u00e9 hybride, de mat\u00e9riaux solides et d\u2019un syst\u00e8me de coupe performant fait de la tondeuse Ryobi un choix pratique et fiable pour l\u2019entretien r\u00e9gulier des pelouses domestiques.<\/p>\n<ul>\n<li>Produit \u00e0 brancher: Oui<\/li>\n<li>Type: Tondeuse \u00e0 gazon<\/li>\n<li>Type de prise: Prise EU<\/li>\n<li>Bloc d\u2019Alimentation:\n<ul>\n<li>r\u00e9seau \u00e9lectrique<\/li>\n<li>Batterie<\/li>\n<\/ul>\n<\/li>\n<li>Couleur: Vert<\/li>\n<li>Tension: 18 V<\/li>\n<li>Taille de coupe: 37 cm<\/li>\n<li>Indice de r\u00e9parabilit\u00e9: 8.8<\/li>\n<\/ul>","protected":false},"excerpt":{"rendered":"<p>Si vous aimez prendre soin de chaque d\u00e9tail de votre maison et d&#8217;\u00eatre \u00e0 la derni\u00e8re mode en mati\u00e8re de produits qui vous rendront la vie plus facile, achetez Lawn Mower Ryobi 18 V au meilleur prix. La tondeuse \u00e0 gazon Ryobi est sp\u00e9cialement con\u00e7ue pour ceux qui souhaitent entretenir leur jardin efficacement et sans [&hellip;]<\/p>\n","protected":false},"featured_media":18818,"comment_status":"open","ping_status":"closed","template":"","meta":[],"product_brand":[830],"product_cat":[613,239],"product_tag":[59,210],"class_list":{"0":"post-18819","1":"product","2":"type-product","3":"status-publish","4":"has-post-thumbnail","6":"product_brand-brandp_3104","7":"product_cat-bricolage-et-materiel","8":"product_cat-maison-jardin","9":"product_tag-tag_1304","10":"product_tag-tag_25","12":"first","13":"instock","14":"taxable","15":"shipping-taxable","16":"purchasable","17":"product-type-simple"},"_links":{"self":[{"href":"https:\/\/bigbuy.tupique.com\/en\/wp-json\/wp\/v2\/product\/18819","targetHints":{"allow":["GET"]}}],"collection":[{"href":"https:\/\/bigbuy.tupique.com\/en\/wp-json\/wp\/v2\/product"}],"about":[{"href":"https:\/\/bigbuy.tupique.com\/en\/wp-json\/wp\/v2\/types\/product"}],"replies":[{"embeddable":true,"href":"https:\/\/bigbuy.tupique.com\/en\/wp-json\/wp\/v2\/comments?post=18819"}],"wp:featuredmedia":[{"embeddable":true,"href":"https:\/\/bigbuy.tupique.com\/en\/wp-json\/wp\/v2\/media\/18818"}],"wp:attachment":[{"href":"https:\/\/bigbuy.tupique.com\/en\/wp-json\/wp\/v2\/media?parent=18819"}],"wp:term":[{"taxonomy":"product_brand","embeddable":true,"href":"https:\/\/bigbuy.tupique.com\/en\/wp-json\/wp\/v2\/product_brand?post=18819"},{"taxonomy":"product_cat","embeddable":true,"href":"https:\/\/bigbuy.tupique.com\/en\/wp-json\/wp\/v2\/product_cat?post=18819"},{"taxonomy":"product_tag","embeddable":true,"href":"https:\/\/bigbuy.tupique.com\/en\/wp-json\/wp\/v2\/product_tag?post=18819"}],"curies":[{"name":"wp","href":"https:\/\/api.w.org\/{rel}","templated":true}]}}