{"id":187758,"date":"2026-04-15T08:30:37","date_gmt":"2026-04-15T07:30:37","guid":{"rendered":"https:\/\/bigbuy.tupique.com\/produto\/disque-dur-hpe-p28586-b21-25-12-tb\/"},"modified":"2026-05-11T19:55:57","modified_gmt":"2026-05-11T17:55:57","slug":"disque-dur-hpe-p28586-b21-25-12-tb","status":"publish","type":"product","link":"https:\/\/bigbuy.tupique.com\/en\/produto\/disque-dur-hpe-p28586-b21-25-12-tb\/","title":{"rendered":"Disque dur HPE P28586-B21 2,5&#8243; 1,2 TB"},"content":{"rendered":"<p>Si vous \u00eates passionn\u00e9 d&#8217;<b>informatique et d&#8217;\u00e9lectronique<\/b>, si vous \u00eates \u00e0 la pointe de la technologie et qu&#8217;aucun d\u00e9tail ne vous \u00e9chappe, achetez <b>Disque dur HPE P28586-B21 2,5&#8243; 1,2 TB<\/b> au meilleur prix.<\/p>\n<p>Le <b>disque dur<\/b> interne <b>HPE P28586-B21<\/b> est con\u00e7u pour les environnements professionnels qui exigent une haute fiabilit\u00e9 et des performances constantes dans les serveurs et baies de stockage de la marque. Avec une <b>capacit\u00e9 de 1,2 To<\/b>, il offre un espace suffisant pour les bases de donn\u00e9es, machines virtuelles et applications critiques, en maintenant un bon \u00e9quilibre entre volume de donn\u00e9es et vitesse d\u2019acc\u00e8s. Son format <b>2,5&#8243;<\/b> permet de l\u2019int\u00e9grer dans des ch\u00e2ssis compacts et des syst\u00e8mes haute densit\u00e9, optimisant l\u2019espace en rack. Le disque est un <b>HDD SAS<\/b> \u00e0 <b>10 000 tr\/min<\/b>, ce qui assure des temps d\u2019acc\u00e8s r\u00e9duits et des performances sup\u00e9rieures par rapport aux disques plus lents, adapt\u00e9 aux charges de travail intensives en lecture\/\u00e9criture. L\u2019<b>interface SAS 12 Gbit\/s<\/b> garantit une communication rapide et stable avec le contr\u00f4leur, am\u00e9liorant la bande passante disponible dans les syst\u00e8mes d\u2019entreprise ; la r\u00e9f\u00e9rence aux connexions <b>SATA<\/b> indique une compatibilit\u00e9 avec certains backplanes mixtes, lorsque le mat\u00e9riel HPE le prend en charge. Son poids d\u2019environ <b>390 g<\/b> est typique de cette cat\u00e9gorie, facilitant la manipulation et le remplacement dans les racks et tiroirs hot-swap. Ce mod\u00e8le est livr\u00e9 comme <b>disque dur interne<\/b> \u00e0 usage professionnel, adapt\u00e9 aux configurations RAID et \u00e0 l\u2019extension ou au renouvellement de la capacit\u00e9 des serveurs HPE tout en pr\u00e9servant la coh\u00e9rence de l\u2019infrastructure existante. Dans l\u2019ensemble, le HPE P28586-B21 se positionne comme une solution de stockage d\u2019entreprise fiable pour les syst\u00e8mes qui n\u00e9cessitent un \u00e9quilibre entre performances, capacit\u00e9 et compatibilit\u00e9 avec les plateformes HPE.<\/p>\n<ul>\n<li>Type:\n<ul>\n<li>Disque dur interne<\/li>\n<li>HDD<\/li>\n<\/ul>\n<\/li>\n<li>Couleur: Multicouleur<\/li>\n<li>Bloc d\u2019Alimentation: C\u00e2ble \u00e9lectrique<\/li>\n<li>Interface: SAS<\/li>\n<li>Disque dur: 1,2 TB<\/li>\n<li>Vitesse de rotation: 10000 rpm<\/li>\n<li>Connexions: SATA<\/li>\n<li>vitesse: 12 Gbps<\/li>\n<li>Taille: 2,5&#8243;<\/li>\n<li>Poids approx.: 390 g<\/li>\n<\/ul>","protected":false},"excerpt":{"rendered":"<p>Si vous \u00eates passionn\u00e9 d&#8217;informatique et d&#8217;\u00e9lectronique, si vous \u00eates \u00e0 la pointe de la technologie et qu&#8217;aucun d\u00e9tail ne vous \u00e9chappe, achetez Disque dur HPE P28586-B21 2,5&#8243; 1,2 TB au meilleur prix. Le disque dur interne HPE P28586-B21 est con\u00e7u pour les environnements professionnels qui exigent une haute fiabilit\u00e9 et des performances constantes dans [&hellip;]<\/p>\n","protected":false},"featured_media":187752,"comment_status":"open","ping_status":"closed","template":"","meta":[],"product_brand":[644],"product_cat":[588,65,584],"product_tag":[106],"class_list":{"0":"post-187758","1":"product","2":"type-product","3":"status-publish","4":"has-post-thumbnail","6":"product_brand-brandp_662","7":"product_cat-disques-durs","8":"product_cat-informatique-electronique","9":"product_cat-informatique-reseaux-et-composants","10":"product_tag-tag_1295","12":"first","13":"instock","14":"taxable","15":"shipping-taxable","16":"purchasable","17":"product-type-simple"},"_links":{"self":[{"href":"https:\/\/bigbuy.tupique.com\/en\/wp-json\/wp\/v2\/product\/187758","targetHints":{"allow":["GET"]}}],"collection":[{"href":"https:\/\/bigbuy.tupique.com\/en\/wp-json\/wp\/v2\/product"}],"about":[{"href":"https:\/\/bigbuy.tupique.com\/en\/wp-json\/wp\/v2\/types\/product"}],"replies":[{"embeddable":true,"href":"https:\/\/bigbuy.tupique.com\/en\/wp-json\/wp\/v2\/comments?post=187758"}],"wp:featuredmedia":[{"embeddable":true,"href":"https:\/\/bigbuy.tupique.com\/en\/wp-json\/wp\/v2\/media\/187752"}],"wp:attachment":[{"href":"https:\/\/bigbuy.tupique.com\/en\/wp-json\/wp\/v2\/media?parent=187758"}],"wp:term":[{"taxonomy":"product_brand","embeddable":true,"href":"https:\/\/bigbuy.tupique.com\/en\/wp-json\/wp\/v2\/product_brand?post=187758"},{"taxonomy":"product_cat","embeddable":true,"href":"https:\/\/bigbuy.tupique.com\/en\/wp-json\/wp\/v2\/product_cat?post=187758"},{"taxonomy":"product_tag","embeddable":true,"href":"https:\/\/bigbuy.tupique.com\/en\/wp-json\/wp\/v2\/product_tag?post=187758"}],"curies":[{"name":"wp","href":"https:\/\/api.w.org\/{rel}","templated":true}]}}