{"id":187744,"date":"2026-04-15T08:29:25","date_gmt":"2026-04-15T07:29:25","guid":{"rendered":"https:\/\/bigbuy.tupique.com\/produto\/disque-dur-kingston-kc600-1-tb-ssd\/"},"modified":"2026-04-15T08:29:25","modified_gmt":"2026-04-15T07:29:25","slug":"disque-dur-kingston-kc600-1-tb-ssd","status":"publish","type":"product","link":"https:\/\/bigbuy.tupique.com\/en\/produto\/disque-dur-kingston-kc600-1-tb-ssd\/","title":{"rendered":"Disque dur Kingston KC600 1 TB SSD"},"content":{"rendered":"<p>Si vous \u00eates passionn\u00e9 d&#8217;<b>informatique et d&#8217;\u00e9lectronique<\/b>, si vous \u00eates \u00e0 la pointe de la technologie et qu&#8217;aucun d\u00e9tail ne vous \u00e9chappe, achetez <b>Disque dur Kingston KC600 1 TB SSD<\/b> au meilleur prix.<\/p>\n<p>Le <b>Kingston SKC600MS\/1024G<\/b> est un <b>disque dur<\/b> SSD haute performance con\u00e7u pour ceux qui recherchent une am\u00e9lioration significative en termes de vitesse et de fiabilit\u00e9 pour leur \u00e9quipement. Ce mod\u00e8le offre une <b>capacit\u00e9 de stockage de 1 To au format SSD<\/b>, permettant de g\u00e9rer de grands volumes de donn\u00e9es, de programmes et de syst\u00e8mes d\u2019exploitation avec rapidit\u00e9, id\u00e9al aussi bien pour les ordinateurs portables que de bureau. Son interface <b>SATA III<\/b> assure une large compatibilit\u00e9 et garantit des taux de transfert de donn\u00e9es allant jusqu\u2019\u00e0 <b>520 Mo\/s en lecture<\/b> et une vitesse maximale de <b>6 Gbit\/s<\/b>, assurant des d\u00e9marrages rapides et des temps de chargement r\u00e9duits. La compatibilit\u00e9 avec <b>mSATA<\/b> et les formats M.2 offre une flexibilit\u00e9 d\u2019int\u00e9gration dans diverses configurations, facilitant l\u2019am\u00e9lioration des performances sur de nombreux appareils. Avec un design <b>noir<\/b> et l\u2019accent mis sur la <b>fiabilit\u00e9<\/b> propre \u00e0 Kingston, ce SSD se distingue non seulement par sa rapidit\u00e9 et sa capacit\u00e9, mais aussi par sa durabilit\u00e9 et la protection des donn\u00e9es, essentielles en environnement professionnel ou domestique. De plus, la technologie SSD \u00e9limine les pi\u00e8ces mobiles des disques durs traditionnels, r\u00e9duisant ainsi le risque de panne m\u00e9canique et assurant un fonctionnement silencieux et efficace. L\u2019alliance de la vitesse, de la robustesse et de la capacit\u00e9 fait de ce mod\u00e8le une alternative comp\u00e9titive pour les utilisateurs exigeant un stockage rapide et fiable. Le Kingston SKC600MS\/1024G s\u2019impose ainsi comme un choix solide pour mettre \u00e0 niveau ou \u00e9tendre le stockage interne avec tous les avantages de la technologie SSD moderne.<\/p>\n<ul>\n<li>vitesse:\n<ul>\n<li>520 MB\/s<\/li>\n<li>6 Gbit\/s<\/li>\n<li>550 MB\/s<\/li>\n<li>6 Gbps<\/li>\n<\/ul>\n<\/li>\n<li>Utilisation recommand\u00e9e:\n<ul>\n<li>Ordinateur Portable<\/li>\n<li>PC de bureau<\/li>\n<\/ul>\n<\/li>\n<li>Connexions:\n<ul>\n<li>PCIe<\/li>\n<li>M.2<\/li>\n<li>Sata III<\/li>\n<li>SATA<\/li>\n<li>mSATA<\/li>\n<li>USB x 3<\/li>\n<\/ul>\n<\/li>\n<li>Technologie: SSD<\/li>\n<li>Type:\n<ul>\n<li>SSD<\/li>\n<li>Interne<\/li>\n<\/ul>\n<\/li>\n<li>Disque dur: 1 TB SSD<\/li>\n<li>Transmission de donn\u00e9es: 6 Gbit\/s<\/li>\n<li>\u00c9lev\u00e9: 0,5 cm<\/li>\n<li>Largeur: 3 cm<\/li>\n<li>Dimensions approx.: 93 x 50,5 x 51 cm<\/li>\n<li>Couleur:\n<ul>\n<li>Noir<\/li>\n<li>Multicouleur<\/li>\n<\/ul>\n<\/li>\n<li>Caract\u00e9ristiques: Sans fil<\/li>\n<li>Taille: 2,5&#8243;<\/li>\n<li>Plage de temp\u00e9ratures de travail: 0\u00ba \/ 70\u00ba<\/li>\n<li>S\u00e9curit\u00e9: AES-XTS 256-bits<\/li>\n<li>Compatible: PC\/Notebook<\/li>\n<li>Contr\u00f4leur: SMI SM2259<\/li>\n<li>Type de m\u00e9moire: 3D TLC<\/li>\n<li>Type de stockage: SSD<\/li>\n<\/ul>\n<p><\/p>\n<p>Kingston Technology KC600. Capacit\u00e9 du Solid State Drive (SSD): 1024 Go, Facteur de forme SSD: mSATA, Vitesse de lecture: 550 Mo\/s, Vitesse d&#8217;\u00e9criture: 520 Mo\/s, Taux de transfert des donn\u00e9es: 6 Gbit\/s, composant pour: PC\/ordinateur portable<\/p>\n<p><\/p>\n<ul>\n<li>Facteur de forme SSD: mSATA<\/li>\n<li>Capacit\u00e9 du Solid State Drive (SSD): 1024 Go<\/li>\n<li>Interface: S\u00e9rie ATA III<\/li>\n<li>Type de m\u00e9moire: 3D TLC<\/li>\n<li>NVMe: Non<\/li>\n<li>composant pour: PC\/ordinateur portable<\/li>\n<li>Le chiffrement mat\u00e9riel: Oui<\/li>\n<li>Algorithme de s\u00e9curit\u00e9 soutenu: 256-bit AES-XTS<\/li>\n<li>Taux de transfert des donn\u00e9es: 6 Gbit\/s<\/li>\n<li>Vitesse de lecture: 550 Mo\/s<\/li>\n<li>Vitesse d&#8217;\u00e9criture: 520 Mo\/s<\/li>\n<li>Lecture al\u00e9atoire (4KB): 90000 IOPS<\/li>\n<li>\u00c9criture al\u00e9atoire (4KB): 80000 IOPS<\/li>\n<li>Type de contr\u00f4leur: SMI SM2259<\/li>\n<li>Temps moyen entre pannes: 1000000 h<\/li>\n<li>Classe TBW: 600<\/li>\n<li>Consommation \u00e9lectrique (Lecture): 1,2 W<\/li>\n<li>Consommation \u00e9lectrique (Ecriture): 2,4 W<\/li>\n<li>Consommation d&#8217;\u00e9nergie (moyenne): 0,1 W<\/li>\n<li>Consommation \u00e9lectrique (idle): 0,08 W<\/li>\n<li>Temp\u00e9rature d&#8217;op\u00e9ration: 0 &#8211; 70 \u00b0C<\/li>\n<li>Temp\u00e9rature hors fonctionnement: -40 &#8211; 85 \u00b0C<\/li>\n<li>Vibrations en fonctionnement: 2,17 G<\/li>\n<li>Vibrations hors fonctionnement: 20 G<\/li>\n<li>Largeur: 50,8 mm<\/li>\n<li>Profondeur: 9,8 mm<\/li>\n<li>Hauteur: 4,85 mm<\/li>\n<li>Poids: 7 g<\/li>\n<\/ul>","protected":false},"excerpt":{"rendered":"<p>Si vous \u00eates passionn\u00e9 d&#8217;informatique et d&#8217;\u00e9lectronique, si vous \u00eates \u00e0 la pointe de la technologie et qu&#8217;aucun d\u00e9tail ne vous \u00e9chappe, achetez Disque dur Kingston KC600 1 TB SSD au meilleur prix. Le Kingston SKC600MS\/1024G est un disque dur SSD haute performance con\u00e7u pour ceux qui recherchent une am\u00e9lioration significative en termes de vitesse [&hellip;]<\/p>\n","protected":false},"featured_media":187700,"comment_status":"open","ping_status":"closed","template":"","meta":[],"product_brand":[638],"product_cat":[588,65,584],"product_tag":[106],"class_list":{"0":"post-187744","1":"product","2":"type-product","3":"status-publish","4":"has-post-thumbnail","6":"product_brand-brandp_557","7":"product_cat-disques-durs","8":"product_cat-informatique-electronique","9":"product_cat-informatique-reseaux-et-composants","10":"product_tag-tag_1295","12":"first","13":"instock","14":"taxable","15":"shipping-taxable","16":"purchasable","17":"product-type-simple"},"_links":{"self":[{"href":"https:\/\/bigbuy.tupique.com\/en\/wp-json\/wp\/v2\/product\/187744","targetHints":{"allow":["GET"]}}],"collection":[{"href":"https:\/\/bigbuy.tupique.com\/en\/wp-json\/wp\/v2\/product"}],"about":[{"href":"https:\/\/bigbuy.tupique.com\/en\/wp-json\/wp\/v2\/types\/product"}],"replies":[{"embeddable":true,"href":"https:\/\/bigbuy.tupique.com\/en\/wp-json\/wp\/v2\/comments?post=187744"}],"wp:featuredmedia":[{"embeddable":true,"href":"https:\/\/bigbuy.tupique.com\/en\/wp-json\/wp\/v2\/media\/187700"}],"wp:attachment":[{"href":"https:\/\/bigbuy.tupique.com\/en\/wp-json\/wp\/v2\/media?parent=187744"}],"wp:term":[{"taxonomy":"product_brand","embeddable":true,"href":"https:\/\/bigbuy.tupique.com\/en\/wp-json\/wp\/v2\/product_brand?post=187744"},{"taxonomy":"product_cat","embeddable":true,"href":"https:\/\/bigbuy.tupique.com\/en\/wp-json\/wp\/v2\/product_cat?post=187744"},{"taxonomy":"product_tag","embeddable":true,"href":"https:\/\/bigbuy.tupique.com\/en\/wp-json\/wp\/v2\/product_tag?post=187744"}],"curies":[{"name":"wp","href":"https:\/\/api.w.org\/{rel}","templated":true}]}}