{"id":187476,"date":"2026-04-15T07:39:46","date_gmt":"2026-04-15T06:39:46","guid":{"rendered":"https:\/\/bigbuy.tupique.com\/produto\/parfum-homme-roja-parfums\/"},"modified":"2026-04-15T07:39:46","modified_gmt":"2026-04-15T06:39:46","slug":"parfum-homme-roja-parfums","status":"publish","type":"product","link":"https:\/\/bigbuy.tupique.com\/en\/produto\/parfum-homme-roja-parfums\/","title":{"rendered":"Parfum Homme Roja Parfums"},"content":{"rendered":"<p>Laissez-vous surprendre par le parfum de marque&nbsp;<strong>Parfum Homme Roja Parfums Vetiver EDP<\/strong>&nbsp;et laissez un souvenir imp&eacute;rissable de votre passage en portant ce&nbsp;<strong>parfum homme<\/strong><strong>&nbsp;<\/strong><strong>100 % authentique<\/strong>. Sa composition unique exalte un parfum &agrave; votre image. D&eacute;couvrez sans plus tarder nos produits&nbsp;<strong>Roja Parfums 100 % authentiques<\/strong>&nbsp;!<\/p>\n<ul>\n<li>Capacit\u00e9: 50 ml<\/li>\n<li>Nom du parfum: Vetiver<\/li>\n<li>Genre: Homme<\/li>\n<li>Informations importantes: La conception de l&#8217;emballage du produit peut varier en fonction des promotions publicitaires du fabricant ou de la p\u00e9riode de l&#8217;ann\u00e9e. Les diff\u00e9rents emballages sont conserv\u00e9s jusqu&#8217;\u00e0 la fin du stock.<\/li>\n<li>Type de fragrance: EDP<\/li>\n<li>Type: EDP (Eau de Parfum)<\/li>\n<\/ul>\n<p>Informations importantes: La conception de l&#8217;emballage du produit peut varier en fonction des promotions publicitaires du fabricant ou de la p\u00e9riode de l&#8217;ann\u00e9e. Les diff\u00e9rents emballages sont conserv\u00e9s jusqu&#8217;\u00e0 la fin du stock..<\/p>","protected":false},"excerpt":{"rendered":"<p><span class=\"unit-info\">631.9800 &euro; \/ 100 ml<\/span><\/p>","protected":false},"featured_media":187474,"comment_status":"open","ping_status":"closed","template":"","meta":[],"product_brand":[1499],"product_cat":[769,1056,1504],"product_tag":[722,103,723,1048],"class_list":{"0":"post-187476","1":"product","2":"type-product","3":"status-publish","4":"has-post-thumbnail","6":"product_brand-brandp_7505","7":"product_cat-parfum-cosmetique","8":"product_cat-parfums","9":"product_cat-parfums-pour-homme","10":"product_tag-tag_923","11":"product_tag-tag_1261","12":"product_tag-tag_1273","13":"product_tag-tag_1262","15":"first","16":"instock","17":"taxable","18":"shipping-taxable","19":"purchasable","20":"product-type-simple"},"_links":{"self":[{"href":"https:\/\/bigbuy.tupique.com\/en\/wp-json\/wp\/v2\/product\/187476","targetHints":{"allow":["GET"]}}],"collection":[{"href":"https:\/\/bigbuy.tupique.com\/en\/wp-json\/wp\/v2\/product"}],"about":[{"href":"https:\/\/bigbuy.tupique.com\/en\/wp-json\/wp\/v2\/types\/product"}],"replies":[{"embeddable":true,"href":"https:\/\/bigbuy.tupique.com\/en\/wp-json\/wp\/v2\/comments?post=187476"}],"wp:featuredmedia":[{"embeddable":true,"href":"https:\/\/bigbuy.tupique.com\/en\/wp-json\/wp\/v2\/media\/187474"}],"wp:attachment":[{"href":"https:\/\/bigbuy.tupique.com\/en\/wp-json\/wp\/v2\/media?parent=187476"}],"wp:term":[{"taxonomy":"product_brand","embeddable":true,"href":"https:\/\/bigbuy.tupique.com\/en\/wp-json\/wp\/v2\/product_brand?post=187476"},{"taxonomy":"product_cat","embeddable":true,"href":"https:\/\/bigbuy.tupique.com\/en\/wp-json\/wp\/v2\/product_cat?post=187476"},{"taxonomy":"product_tag","embeddable":true,"href":"https:\/\/bigbuy.tupique.com\/en\/wp-json\/wp\/v2\/product_tag?post=187476"}],"curies":[{"name":"wp","href":"https:\/\/api.w.org\/{rel}","templated":true}]}}