{"id":187331,"date":"2026-04-15T07:02:02","date_gmt":"2026-04-15T06:02:02","guid":{"rendered":"https:\/\/bigbuy.tupique.com\/produto\/applique-murale-brilliant-anthracite-plastique-60-w-e27\/"},"modified":"2026-04-16T16:22:40","modified_gmt":"2026-04-16T15:22:40","slug":"applique-murale-brilliant-anthracite-plastique-60-w-e27","status":"publish","type":"product","link":"https:\/\/bigbuy.tupique.com\/en\/produto\/applique-murale-brilliant-anthracite-plastique-60-w-e27\/","title":{"rendered":"Applique Murale Brilliant Anthracite Plastique 60 W E27"},"content":{"rendered":"<p>Si vous aimez prendre soin de chaque d\u00e9tail de votre maison et d&#8217;\u00eatre \u00e0 la derni\u00e8re mode en mati\u00e8re de produits qui vous rendront la vie plus facile, achetez <b>Applique Murale Brilliant Anthracite Plastique 60 W E27<\/b> au meilleur prix.<\/p>\n<ul>\n<li>Classification IP:\n<ul>\n<li>IP65<\/li>\n<li>IP44<\/li>\n<\/ul>\n<\/li>\n<li>Type: Applique Murale<\/li>\n<li>Couleur: Anthracite<\/li>\n<li>Mati\u00e8re: Plastique<\/li>\n<li>Caract\u00e9ristiques: R\u00e9sistant \u00e0 l&#8217;eau<\/li>\n<li>Pile incluse: Non<\/li>\n<li>Douille: E27<\/li>\n<li>Bloc d\u2019Alimentation: C\u00e2ble \u00e9lectrique<\/li>\n<li>Protection: IP65<\/li>\n<li>puissance: 60 W<\/li>\n<\/ul>","protected":false},"excerpt":{"rendered":"<p>Si vous aimez prendre soin de chaque d\u00e9tail de votre maison et d&#8217;\u00eatre \u00e0 la derni\u00e8re mode en mati\u00e8re de produits qui vous rendront la vie plus facile, achetez Applique Murale Brilliant Anthracite Plastique 60 W E27 au meilleur prix. Classification IP: IP65 IP44 Type: Applique Murale Couleur: Anthracite Mati\u00e8re: Plastique Caract\u00e9ristiques: R\u00e9sistant \u00e0 l&#8217;eau [&hellip;]<\/p>\n","protected":false},"featured_media":187323,"comment_status":"open","ping_status":"closed","template":"","meta":[],"product_brand":[1789],"product_cat":[767,759,239],"product_tag":[59,211],"class_list":{"0":"post-187331","1":"product","2":"type-product","3":"status-publish","4":"has-post-thumbnail","6":"product_brand-brandp_6209","7":"product_cat-eclairage-et-decoration-d-exterieur","8":"product_cat-jardin-et-terrasse","9":"product_cat-maison-jardin","10":"product_tag-tag_1304","11":"product_tag-tag_3","13":"first","14":"instock","15":"taxable","16":"shipping-taxable","17":"purchasable","18":"product-type-simple"},"_links":{"self":[{"href":"https:\/\/bigbuy.tupique.com\/en\/wp-json\/wp\/v2\/product\/187331","targetHints":{"allow":["GET"]}}],"collection":[{"href":"https:\/\/bigbuy.tupique.com\/en\/wp-json\/wp\/v2\/product"}],"about":[{"href":"https:\/\/bigbuy.tupique.com\/en\/wp-json\/wp\/v2\/types\/product"}],"replies":[{"embeddable":true,"href":"https:\/\/bigbuy.tupique.com\/en\/wp-json\/wp\/v2\/comments?post=187331"}],"wp:featuredmedia":[{"embeddable":true,"href":"https:\/\/bigbuy.tupique.com\/en\/wp-json\/wp\/v2\/media\/187323"}],"wp:attachment":[{"href":"https:\/\/bigbuy.tupique.com\/en\/wp-json\/wp\/v2\/media?parent=187331"}],"wp:term":[{"taxonomy":"product_brand","embeddable":true,"href":"https:\/\/bigbuy.tupique.com\/en\/wp-json\/wp\/v2\/product_brand?post=187331"},{"taxonomy":"product_cat","embeddable":true,"href":"https:\/\/bigbuy.tupique.com\/en\/wp-json\/wp\/v2\/product_cat?post=187331"},{"taxonomy":"product_tag","embeddable":true,"href":"https:\/\/bigbuy.tupique.com\/en\/wp-json\/wp\/v2\/product_tag?post=187331"}],"curies":[{"name":"wp","href":"https:\/\/api.w.org\/{rel}","templated":true}]}}