{"id":187041,"date":"2026-04-15T06:01:14","date_gmt":"2026-04-15T05:01:14","guid":{"rendered":"https:\/\/bigbuy.tupique.com\/produto\/drap-housse-today-essential-gris-90-x-190-cm\/"},"modified":"2026-04-16T21:45:38","modified_gmt":"2026-04-16T20:45:38","slug":"drap-housse-today-essential-gris-90-x-190-cm","status":"publish","type":"product","link":"https:\/\/bigbuy.tupique.com\/en\/produto\/drap-housse-today-essential-gris-90-x-190-cm\/","title":{"rendered":"Drap housse TODAY ESSENTIAL Gris 90 x 190 cm"},"content":{"rendered":"<p>Si vous aimez prendre soin de chaque d\u00e9tail de votre maison et d&#8217;\u00eatre \u00e0 la derni\u00e8re mode en mati\u00e8re de produits qui vous rendront la vie plus facile, achetez <b>Drap housse TODAY ESSENTIAL Gris 90 x 190 cm<\/b> au meilleur prix.<\/p>\n<p>Le <b>drap-housse ESSENTIAL<\/b> de la marque <b>TODAY<\/b> est con\u00e7u pour offrir une base de lit solide et confortable, sp\u00e9cialement fabriqu\u00e9 pour les matelas de <b>90 x 190 cm<\/b> et adapt\u00e9 pour <b>une personne<\/b>. Confectionn\u00e9 en <b>100 % coton<\/b>, il propose une texture douce et respirante qui favorise un sommeil agr\u00e9able toute la nuit. Il pr\u00e9sente une couleur <b>gris<\/b> neutre et moderne, facile \u00e0 assortir avec diff\u00e9rents styles de linge de lit et de d\u00e9coration. Son design ajustable de type drap-housse garantit un maintien ferme et stable sur le matelas, \u00e9vitant les d\u00e9placements et plis inconfortables qui pourraient nuire au confort. Ce produit allie qualit\u00e9 et fonctionnalit\u00e9 dans la gamme essentielle de TODAY, constituant un choix pratique pour ceux qui recherchent un compl\u00e9ment basique r\u00e9pondant aux standards indispensables pour la chambre. En r\u00e9sum\u00e9, ce drap-housse repr\u00e9sente une solution efficace et polyvalente pour l\u2019entretien du matelas, assurant hygi\u00e8ne et confort au quotidien.<\/p>\n<ul>\n<li>Type: Drap housse<\/li>\n<li>Couleur: Gris<\/li>\n<li>Composition: 100 % coton<\/li>\n<li>Dimensions approx.: 90 x 190 cm<\/li>\n<\/ul>","protected":false},"excerpt":{"rendered":"<p>Si vous aimez prendre soin de chaque d\u00e9tail de votre maison et d&#8217;\u00eatre \u00e0 la derni\u00e8re mode en mati\u00e8re de produits qui vous rendront la vie plus facile, achetez Drap housse TODAY ESSENTIAL Gris 90 x 190 cm au meilleur prix. Le drap-housse ESSENTIAL de la marque TODAY est con\u00e7u pour offrir une base de [&hellip;]<\/p>\n","protected":false},"featured_media":187038,"comment_status":"open","ping_status":"closed","template":"","meta":[],"product_brand":[1535],"product_cat":[1788,1532,239],"product_tag":[59],"class_list":{"0":"post-187041","1":"product","2":"type-product","3":"status-publish","4":"has-post-thumbnail","6":"product_brand-brandp_6093","7":"product_cat-draps","8":"product_cat-linge-de-maison","9":"product_cat-maison-jardin","10":"product_tag-tag_1304","12":"first","13":"instock","14":"taxable","15":"shipping-taxable","16":"purchasable","17":"product-type-simple"},"_links":{"self":[{"href":"https:\/\/bigbuy.tupique.com\/en\/wp-json\/wp\/v2\/product\/187041","targetHints":{"allow":["GET"]}}],"collection":[{"href":"https:\/\/bigbuy.tupique.com\/en\/wp-json\/wp\/v2\/product"}],"about":[{"href":"https:\/\/bigbuy.tupique.com\/en\/wp-json\/wp\/v2\/types\/product"}],"replies":[{"embeddable":true,"href":"https:\/\/bigbuy.tupique.com\/en\/wp-json\/wp\/v2\/comments?post=187041"}],"wp:featuredmedia":[{"embeddable":true,"href":"https:\/\/bigbuy.tupique.com\/en\/wp-json\/wp\/v2\/media\/187038"}],"wp:attachment":[{"href":"https:\/\/bigbuy.tupique.com\/en\/wp-json\/wp\/v2\/media?parent=187041"}],"wp:term":[{"taxonomy":"product_brand","embeddable":true,"href":"https:\/\/bigbuy.tupique.com\/en\/wp-json\/wp\/v2\/product_brand?post=187041"},{"taxonomy":"product_cat","embeddable":true,"href":"https:\/\/bigbuy.tupique.com\/en\/wp-json\/wp\/v2\/product_cat?post=187041"},{"taxonomy":"product_tag","embeddable":true,"href":"https:\/\/bigbuy.tupique.com\/en\/wp-json\/wp\/v2\/product_tag?post=187041"}],"curies":[{"name":"wp","href":"https:\/\/api.w.org\/{rel}","templated":true}]}}