{"id":187032,"date":"2026-04-15T06:00:49","date_gmt":"2026-04-15T05:00:49","guid":{"rendered":"https:\/\/bigbuy.tupique.com\/produto\/pot-eda-blanc-plastique-5-cm\/"},"modified":"2026-04-16T15:10:51","modified_gmt":"2026-04-16T14:10:51","slug":"pot-eda-blanc-plastique-5-cm","status":"publish","type":"product","link":"https:\/\/bigbuy.tupique.com\/en\/produto\/pot-eda-blanc-plastique-5-cm\/","title":{"rendered":"Pot EDA Blanc Plastique 5 cm"},"content":{"rendered":"<p>Si vous aimez prendre soin de chaque d\u00e9tail de votre maiosn et d&#8217;\u00eatre \u00e0 la derni\u00e8re mode en mati\u00e8re de produits qui vous rendront la vie plus facile, achetez <b>Pot EDA Blanc Plastique 5 cm<\/b> au meilleur prix.<\/p>\n<p>Le <b>pot carr\u00e9<\/b> de la marque <b>EDA<\/b> allie fonctionnalit\u00e9 et design adapt\u00e9s aussi bien pour l\u2019int\u00e9rieur que pour l\u2019ext\u00e9rieur, gr\u00e2ce \u00e0 sa fabrication en <b>plastique r\u00e9sistant<\/b> avec protection <b>anti-UV<\/b> garantissant durabilit\u00e9 face aux conditions climatiques et \u00e9vitant la d\u00e9t\u00e9rioration due \u00e0 l\u2019exposition solaire. Ce pot pr\u00e9sente des dimensions approximatives de <b>29,5 x 29,5 x 29,5 cm<\/b> et un volume de <b>21 litres<\/b>, ce qui le rend particuli\u00e8rement pratique pour des plantes moyennes ou petits arbres, offrant un espace ad\u00e9quat pour un d\u00e9veloppement optimal des racines. Sa forme <b>carr\u00e9e<\/b> facilite un placement ordonn\u00e9 et efficace dans diff\u00e9rents environnements, augmentant la polyvalence dans la d\u00e9coration d\u2019espaces. La finition en couleur <b>blanc chaux<\/b> offre un aspect propre et moderne qui s\u2019int\u00e8gre facilement \u00e0 plusieurs styles d\u00e9coratifs, tandis que la paroi simple avec un design ondul\u00e9 et un col d\u00e9coup\u00e9 apportent un d\u00e9tail esth\u00e9tique qui conf\u00e8re distinction sans perdre la fonctionnalit\u00e9 essentielle. Fabriqu\u00e9 en France, ce pot garantit des standards de qualit\u00e9 europ\u00e9ens, assurant solidit\u00e9 et fabrication soign\u00e9e \u00e0 chaque unit\u00e9. Dans l\u2019ensemble, ce produit de <b>EDA Plastique<\/b> constitue une option \u00e9quilibr\u00e9e pour ceux qui recherchent r\u00e9sistance, design et praticit\u00e9 dans un pot de taille moyenne pour jardinage ou d\u00e9coration.<\/p>\n<ul>\n<li>Couleur: Blanc<\/li>\n<li>Caract\u00e9ristiques: R\u00e9sistant aux UV<\/li>\n<li>Dimensions approx.: 5 cm<\/li>\n<li>Capacit\u00e9: 21 L<\/li>\n<li>Utilisation recommand\u00e9e: Int\u00e9rieur\/Ext\u00e9rieur<\/li>\n<li>Type: Pot<\/li>\n<li>Mat\u00e9riel: Plastique<\/li>\n<\/ul>","protected":false},"excerpt":{"rendered":"<p><span class=\"unit-info\">1.9043 &euro; \/ 1 l<\/span><\/p>","protected":false},"featured_media":187026,"comment_status":"open","ping_status":"closed","template":"","meta":[],"product_brand":[1436],"product_cat":[759,760,239],"product_tag":[59],"class_list":{"0":"post-187032","1":"product","2":"type-product","3":"status-publish","4":"has-post-thumbnail","6":"product_brand-brandp_6034","7":"product_cat-jardin-et-terrasse","8":"product_cat-jardinage","9":"product_cat-maison-jardin","10":"product_tag-tag_1304","12":"first","13":"instock","14":"taxable","15":"shipping-taxable","16":"purchasable","17":"product-type-simple"},"_links":{"self":[{"href":"https:\/\/bigbuy.tupique.com\/en\/wp-json\/wp\/v2\/product\/187032","targetHints":{"allow":["GET"]}}],"collection":[{"href":"https:\/\/bigbuy.tupique.com\/en\/wp-json\/wp\/v2\/product"}],"about":[{"href":"https:\/\/bigbuy.tupique.com\/en\/wp-json\/wp\/v2\/types\/product"}],"replies":[{"embeddable":true,"href":"https:\/\/bigbuy.tupique.com\/en\/wp-json\/wp\/v2\/comments?post=187032"}],"wp:featuredmedia":[{"embeddable":true,"href":"https:\/\/bigbuy.tupique.com\/en\/wp-json\/wp\/v2\/media\/187026"}],"wp:attachment":[{"href":"https:\/\/bigbuy.tupique.com\/en\/wp-json\/wp\/v2\/media?parent=187032"}],"wp:term":[{"taxonomy":"product_brand","embeddable":true,"href":"https:\/\/bigbuy.tupique.com\/en\/wp-json\/wp\/v2\/product_brand?post=187032"},{"taxonomy":"product_cat","embeddable":true,"href":"https:\/\/bigbuy.tupique.com\/en\/wp-json\/wp\/v2\/product_cat?post=187032"},{"taxonomy":"product_tag","embeddable":true,"href":"https:\/\/bigbuy.tupique.com\/en\/wp-json\/wp\/v2\/product_tag?post=187032"}],"curies":[{"name":"wp","href":"https:\/\/api.w.org\/{rel}","templated":true}]}}