{"id":187002,"date":"2026-04-15T05:46:07","date_gmt":"2026-04-15T04:46:07","guid":{"rendered":"https:\/\/bigbuy.tupique.com\/produto\/appareil-a-hot-dogs-livoo-doc238rc\/"},"modified":"2026-04-16T18:41:21","modified_gmt":"2026-04-16T17:41:21","slug":"appareil-a-hot-dogs-livoo-doc238rc","status":"publish","type":"product","link":"https:\/\/bigbuy.tupique.com\/en\/produto\/appareil-a-hot-dogs-livoo-doc238rc\/","title":{"rendered":"Appareil \u00e0 Hot Dogs Livoo DOC238RC"},"content":{"rendered":"<p>Si vous recherchez des \u00e9lectrom\u00e9nagers pour votre maison aux meilleurs prix, ne manquez pas <b>Appareil \u00e0 Hot Dogs Livoo DOC238RC<\/b> et une large s\u00e9lection de petits \u00e9lectrom\u00e9nagers de qualit\u00e9 !<\/p>\n<p>La <b>machine \u00e0 hot-dogs Livoo DOC238RC<\/b> est un appareil \u00e9lectrom\u00e9nager con\u00e7u pour pr\u00e9parer jusqu\u2019\u00e0 <b>6 saucisses simultan\u00e9ment<\/b> gr\u00e2ce \u00e0 un syst\u00e8me de <b>cuisson \u00e0 la vapeur<\/b>, qui pr\u00e9serve la saveur et le moelleux des ingr\u00e9dients. Avec une puissance de <b>340 W<\/b>, elle permet de cuire les hot-dogs en environ <b>15 minutes<\/b>, offrant une utilisation rapide et efficace \u00e0 la maison ou lors d\u2019\u00e9v\u00e9nements informels. Sa structure combine des mat\u00e9riaux en <b>acier inoxydable<\/b> et en <b>plastique<\/b>, assurant \u00e0 la fois robustesse et l\u00e9g\u00e8ret\u00e9, tout en facilitant le nettoyage. Ce mod\u00e8le se distingue par sa <b>couleur rouge<\/b>, apportant une touche moderne et attrayante \u00e0 la cuisine. De plus, cet appareil est con\u00e7u pour le confort de l\u2019utilisateur, car il est <b>compatible lave-vaisselle<\/b>, simplifiant son entretien apr\u00e8s usage. L\u2019alliance de la fonctionnalit\u00e9 et du design en fait une option pratique pour ceux qui souhaitent pr\u00e9parer des hot-dogs rapidement, proprement et uniform\u00e9ment, sans sacrifier d\u2019espace ni d\u2019effort. En r\u00e9sum\u00e9, la Livoo DOC238RC r\u00e9pond aux besoins essentiels de cuisson des hot-dogs avec un design simple et des mat\u00e9riaux durables, id\u00e9ale pour un usage domestique.<\/p>\n<ul>\n<li>Type: Cam\u00e9ra\/Appareil Photo<\/li>\n<li>Couleur: Rouge<\/li>\n<li>Mati\u00e8re:\n<ul>\n<li>Acier inoxydable<\/li>\n<li>Plastique<\/li>\n<\/ul>\n<\/li>\n<\/ul>","protected":false},"excerpt":{"rendered":"<p>Si vous recherchez des \u00e9lectrom\u00e9nagers pour votre maison aux meilleurs prix, ne manquez pas Appareil \u00e0 Hot Dogs Livoo DOC238RC et une large s\u00e9lection de petits \u00e9lectrom\u00e9nagers de qualit\u00e9 ! La machine \u00e0 hot-dogs Livoo DOC238RC est un appareil \u00e9lectrom\u00e9nager con\u00e7u pour pr\u00e9parer jusqu\u2019\u00e0 6 saucisses simultan\u00e9ment gr\u00e2ce \u00e0 un syst\u00e8me de cuisson \u00e0 la [&hellip;]<\/p>\n","protected":false},"featured_media":186996,"comment_status":"open","ping_status":"closed","template":"","meta":[],"product_brand":[301],"product_cat":[393,60,77],"product_tag":[59,56],"class_list":{"0":"post-187002","1":"product","2":"type-product","3":"status-publish","4":"has-post-thumbnail","6":"product_brand-brandp_5530","7":"product_cat-autres-appareils-de-cuisines","8":"product_cat-cuisine-gourmet","9":"product_cat-petit-electromenager","10":"product_tag-tag_1304","11":"product_tag-tag_930","13":"first","14":"instock","15":"taxable","16":"shipping-taxable","17":"purchasable","18":"product-type-simple"},"_links":{"self":[{"href":"https:\/\/bigbuy.tupique.com\/en\/wp-json\/wp\/v2\/product\/187002","targetHints":{"allow":["GET"]}}],"collection":[{"href":"https:\/\/bigbuy.tupique.com\/en\/wp-json\/wp\/v2\/product"}],"about":[{"href":"https:\/\/bigbuy.tupique.com\/en\/wp-json\/wp\/v2\/types\/product"}],"replies":[{"embeddable":true,"href":"https:\/\/bigbuy.tupique.com\/en\/wp-json\/wp\/v2\/comments?post=187002"}],"wp:featuredmedia":[{"embeddable":true,"href":"https:\/\/bigbuy.tupique.com\/en\/wp-json\/wp\/v2\/media\/186996"}],"wp:attachment":[{"href":"https:\/\/bigbuy.tupique.com\/en\/wp-json\/wp\/v2\/media?parent=187002"}],"wp:term":[{"taxonomy":"product_brand","embeddable":true,"href":"https:\/\/bigbuy.tupique.com\/en\/wp-json\/wp\/v2\/product_brand?post=187002"},{"taxonomy":"product_cat","embeddable":true,"href":"https:\/\/bigbuy.tupique.com\/en\/wp-json\/wp\/v2\/product_cat?post=187002"},{"taxonomy":"product_tag","embeddable":true,"href":"https:\/\/bigbuy.tupique.com\/en\/wp-json\/wp\/v2\/product_tag?post=187002"}],"curies":[{"name":"wp","href":"https:\/\/api.w.org\/{rel}","templated":true}]}}