{"id":186714,"date":"2026-04-15T04:46:20","date_gmt":"2026-04-15T03:46:20","guid":{"rendered":"https:\/\/bigbuy.tupique.com\/produto\/mosaique-aquabeads-35090\/"},"modified":"2026-05-11T20:01:13","modified_gmt":"2026-05-11T18:01:13","slug":"mosaique-aquabeads-35090","status":"publish","type":"product","link":"https:\/\/bigbuy.tupique.com\/en\/produto\/mosaique-aquabeads-35090\/","title":{"rendered":"Mosa\u00efque Aquabeads 35090"},"content":{"rendered":"<p>Si vous \u00eates \u00e0 la recherche de nouvelles tendances sur le march\u00e9, nous vous pr\u00e9sentons <b>Mosa\u00efque Aquabeads 35090<\/b> !<\/p>\n<p>Le <b>mosa\u00efque Aquabeads mod\u00e8le 35090<\/b> est un kit cr\u00e9atif con\u00e7u pour les enfants \u00e0 partir de <b>4 ans<\/b> qui permet de d\u00e9velopper l\u2019imagination et la motricit\u00e9 fine en cr\u00e9ant des motifs color\u00e9s et personnalis\u00e9s. Ce produit, inspir\u00e9 par des tons <b>roses<\/b> et au style <b>fran\u00e7ais<\/b>, se compose de petites perles qui se regroupent et se fixent sans chaleur, utilisant uniquement de l\u2019eau pour coller les pi\u00e8ces, garantissant une exp\u00e9rience s\u00fbre et propre pour les plus jeunes. Son format mosa\u00efque favorise l\u2019apprentissage ludique, stimulant la coordination \u0153il-main et la concentration pendant le processus artistique. De plus, le th\u00e8me de cr\u00e9ation \u00ab Mes doux accessoires \u00bb invite \u00e0 r\u00e9aliser des compl\u00e9ments et figures d\u00e9licats et attrayants, id\u00e9aux pour les amateurs de loisirs cr\u00e9atifs d\u00e9taill\u00e9s et \u00e0 th\u00e8me doux et f\u00e9minin. La marque <b>Aquabeads<\/b> est reconnue pour ses mat\u00e9riaux non toxiques et s\u00fbrs, adapt\u00e9s au jeune public, avec une large palette de couleurs qui stimule la cr\u00e9ativit\u00e9. Ce kit allie divertissement et d\u00e9veloppement cognitif, constituant une option pratique et \u00e9ducative pour initier les enfants aux activit\u00e9s manuelles avec un r\u00e9sultat visuel attractif. En r\u00e9sum\u00e9, le mosa\u00efque Aquabeads 35090 offre une exp\u00e9rience cr\u00e9ative s\u00fbre, pr\u00e9cise et amusante, particuli\u00e8rement appr\u00e9ci\u00e9e des enfants de plus de quatre ans souhaitant cr\u00e9er des motifs d\u00e9licats et personnalis\u00e9s en tons roses avec une touche de style fran\u00e7ais.<\/p>\n<ul>\n<li>Langue: Fran\u00e7ais<\/li>\n<li>Couleur: Rose<\/li>\n<li>\u00c2ge recommand\u00e9: + 4 Ans<\/li>\n<\/ul>","protected":false},"excerpt":{"rendered":"<p>Si vous \u00eates \u00e0 la recherche de nouvelles tendances sur le march\u00e9, nous vous pr\u00e9sentons Mosa\u00efque Aquabeads 35090 ! Le mosa\u00efque Aquabeads mod\u00e8le 35090 est un kit cr\u00e9atif con\u00e7u pour les enfants \u00e0 partir de 4 ans qui permet de d\u00e9velopper l\u2019imagination et la motricit\u00e9 fine en cr\u00e9ant des motifs color\u00e9s et personnalis\u00e9s. Ce produit, [&hellip;]<\/p>\n","protected":false},"featured_media":186708,"comment_status":"open","ping_status":"closed","template":"","meta":[],"product_brand":[1786],"product_cat":[157,158,761],"product_tag":[59],"class_list":{"0":"post-186714","1":"product","2":"type-product","3":"status-publish","4":"has-post-thumbnail","6":"product_brand-brandp_7686","7":"product_cat-jouets-deguisements","8":"product_cat-jouets-et-jeux","9":"product_cat-puzzles-et-constructions","10":"product_tag-tag_1304","12":"first","13":"instock","14":"taxable","15":"shipping-taxable","16":"purchasable","17":"product-type-simple"},"_links":{"self":[{"href":"https:\/\/bigbuy.tupique.com\/en\/wp-json\/wp\/v2\/product\/186714","targetHints":{"allow":["GET"]}}],"collection":[{"href":"https:\/\/bigbuy.tupique.com\/en\/wp-json\/wp\/v2\/product"}],"about":[{"href":"https:\/\/bigbuy.tupique.com\/en\/wp-json\/wp\/v2\/types\/product"}],"replies":[{"embeddable":true,"href":"https:\/\/bigbuy.tupique.com\/en\/wp-json\/wp\/v2\/comments?post=186714"}],"wp:featuredmedia":[{"embeddable":true,"href":"https:\/\/bigbuy.tupique.com\/en\/wp-json\/wp\/v2\/media\/186708"}],"wp:attachment":[{"href":"https:\/\/bigbuy.tupique.com\/en\/wp-json\/wp\/v2\/media?parent=186714"}],"wp:term":[{"taxonomy":"product_brand","embeddable":true,"href":"https:\/\/bigbuy.tupique.com\/en\/wp-json\/wp\/v2\/product_brand?post=186714"},{"taxonomy":"product_cat","embeddable":true,"href":"https:\/\/bigbuy.tupique.com\/en\/wp-json\/wp\/v2\/product_cat?post=186714"},{"taxonomy":"product_tag","embeddable":true,"href":"https:\/\/bigbuy.tupique.com\/en\/wp-json\/wp\/v2\/product_tag?post=186714"}],"curies":[{"name":"wp","href":"https:\/\/api.w.org\/{rel}","templated":true}]}}