{"id":18646,"date":"2026-03-29T15:37:42","date_gmt":"2026-03-29T14:37:42","guid":{"rendered":"https:\/\/bigbuy.tupique.com\/produto\/uninterruptible-power-supply-system-interactive-ups-salicru-slc-2000-2000-w\/"},"modified":"2026-04-15T01:24:58","modified_gmt":"2026-04-15T00:24:58","slug":"uninterruptible-power-supply-system-interactive-ups-salicru-slc-2000-2000-w","status":"publish","type":"product","link":"https:\/\/bigbuy.tupique.com\/en\/produto\/uninterruptible-power-supply-system-interactive-ups-salicru-slc-2000-2000-w\/","title":{"rendered":"Syst\u00e8me d&#8217;Alimentation Sans Interruption Interactif Salicru SLC-2000 2000 W"},"content":{"rendered":"<p>Si vous \u00eates passionn\u00e9 d&#8217;<b>informatique et d&#8217;\u00e9lectronique<\/b>, si vous \u00eates \u00e0 la pointe de la technologie et qu&#8217;aucun d\u00e9tail ne vous \u00e9chappe, achetez <b>Syst\u00e8me d&#8217;Alimentation Sans Interruption Interactif Salicru SLC-2000 2000 W<\/b> au meilleur prix.<\/p>\n<ul>\n<li>puissance:\n<ul>\n<li>2000 W<\/li>\n<li>2000 VA<\/li>\n<\/ul>\n<\/li>\n<li>Produit \u00e0 brancher: Oui<\/li>\n<li>Type de prise: Prise EU<\/li>\n<li>Type:\n<ul>\n<li>Syst\u00e8me d&#8217;Alimentation Sans Interruption Interactif<\/li>\n<li>Tuner<\/li>\n<li>Tour<\/li>\n<\/ul>\n<\/li>\n<li>Temps de charge approx.: 3 heures<\/li>\n<li>Bloc d\u2019Alimentation: r\u00e9seau \u00e9lectrique<\/li>\n<li>Couleur: Noir<\/li>\n<li>Largeur: 438 mm<\/li>\n<li>Connexions:\n<ul>\n<li>USB 2.0<\/li>\n<li>USB<\/li>\n<li>RJ45<\/li>\n<\/ul>\n<\/li>\n<li>Puissance nominale: 3 kVA<\/li>\n<li>Fr\u00e9quence: 50\/60 Hz<\/li>\n<li>Niveau sonore: 45 dB<\/li>\n<li>Tension de sortie: 240 V<\/li>\n<li>Tension d&#8217;entr\u00e9e AC: 240 V<\/li>\n<li>Fonctions: ECO<\/li>\n<\/ul>","protected":false},"excerpt":{"rendered":"<p>Si vous \u00eates passionn\u00e9 d&#8217;informatique et d&#8217;\u00e9lectronique, si vous \u00eates \u00e0 la pointe de la technologie et qu&#8217;aucun d\u00e9tail ne vous \u00e9chappe, achetez Syst\u00e8me d&#8217;Alimentation Sans Interruption Interactif Salicru SLC-2000 2000 W au meilleur prix. puissance: 2000 W 2000 VA Produit \u00e0 brancher: Oui Type de prise: Prise EU Type: Syst\u00e8me d&#8217;Alimentation Sans Interruption Interactif [&hellip;]<\/p>\n","protected":false},"featured_media":18645,"comment_status":"open","ping_status":"closed","template":"","meta":[],"product_brand":[650],"product_cat":[65,581,603],"product_tag":[106],"class_list":{"0":"post-18646","1":"product","2":"type-product","3":"status-publish","4":"has-post-thumbnail","6":"product_brand-brandp_575","7":"product_cat-informatique-electronique","8":"product_cat-informatique-peripheriques-et-consommables","9":"product_cat-ups","10":"product_tag-tag_1295","12":"first","13":"instock","14":"taxable","15":"shipping-taxable","16":"purchasable","17":"product-type-simple"},"_links":{"self":[{"href":"https:\/\/bigbuy.tupique.com\/en\/wp-json\/wp\/v2\/product\/18646","targetHints":{"allow":["GET"]}}],"collection":[{"href":"https:\/\/bigbuy.tupique.com\/en\/wp-json\/wp\/v2\/product"}],"about":[{"href":"https:\/\/bigbuy.tupique.com\/en\/wp-json\/wp\/v2\/types\/product"}],"replies":[{"embeddable":true,"href":"https:\/\/bigbuy.tupique.com\/en\/wp-json\/wp\/v2\/comments?post=18646"}],"wp:featuredmedia":[{"embeddable":true,"href":"https:\/\/bigbuy.tupique.com\/en\/wp-json\/wp\/v2\/media\/18645"}],"wp:attachment":[{"href":"https:\/\/bigbuy.tupique.com\/en\/wp-json\/wp\/v2\/media?parent=18646"}],"wp:term":[{"taxonomy":"product_brand","embeddable":true,"href":"https:\/\/bigbuy.tupique.com\/en\/wp-json\/wp\/v2\/product_brand?post=18646"},{"taxonomy":"product_cat","embeddable":true,"href":"https:\/\/bigbuy.tupique.com\/en\/wp-json\/wp\/v2\/product_cat?post=18646"},{"taxonomy":"product_tag","embeddable":true,"href":"https:\/\/bigbuy.tupique.com\/en\/wp-json\/wp\/v2\/product_tag?post=18646"}],"curies":[{"name":"wp","href":"https:\/\/api.w.org\/{rel}","templated":true}]}}