{"id":186418,"date":"2026-04-15T03:31:49","date_gmt":"2026-04-15T02:31:49","guid":{"rendered":"https:\/\/bigbuy.tupique.com\/produto\/machine-a-pop-corn-livoo-dom497-bleu\/"},"modified":"2026-04-16T19:25:29","modified_gmt":"2026-04-16T18:25:29","slug":"machine-a-pop-corn-livoo-dom497-bleu","status":"publish","type":"product","link":"https:\/\/bigbuy.tupique.com\/en\/produto\/machine-a-pop-corn-livoo-dom497-bleu\/","title":{"rendered":"Machine \u00e0 pop-corn Livoo DOM497 Bleu"},"content":{"rendered":"<p>Si vous recherchez des \u00e9lectrom\u00e9nagers pour votre maison aux meilleurs prix, ne manquez pas <b>Machine \u00e0 pop-corn Livoo DOM497 Bleu<\/b> et une large s\u00e9lection de petits \u00e9lectrom\u00e9nagers de qualit\u00e9 !<\/p>\n<p>La <b>machine \u00e0 popcorn DOM497<\/b> de la marque <b>Livoo<\/b> est un appareil con\u00e7u pour pr\u00e9parer rapidement et facilement du popcorn \u00e0 la maison. Son corps de <b>couleur bleue<\/b> apporte une touche moderne et attrayante qui s\u2019int\u00e8gre ais\u00e9ment dans toute cuisine ou espace de divertissement. Elle dispose d\u2019une puissance de <b>1200 W<\/b>, garantissant un chauffage efficace pour pr\u00e9parer jusqu\u2019\u00e0 <b>100 grammes de grains de ma\u00efs<\/b> par cycle, offrant une capacit\u00e9 id\u00e9ale pour les r\u00e9unions en famille ou entre amis. Son design compact, avec des dimensions d\u2019environ <b>30 cm de haut, 15 cm de large et 15 cm de profondeur<\/b>, facilite son installation et son rangement sans prendre beaucoup de place. Ce mod\u00e8le utilise sa puissance pour r\u00e9partir la chaleur uniform\u00e9ment, ce qui permet d\u2019obtenir des popcorns bien \u00e9clat\u00e9s avec moins de risque de br\u00fblure. De plus, son fonctionnement est s\u00fbr et simple, permettant de savourer rapidement ce snack classique sans complication. La combinaison de sa taille, puissance et capacit\u00e9 en fait un appareil pratique et fonctionnel pour ceux qui cherchent une solution efficace pour pr\u00e9parer du popcorn occasionnellement ou r\u00e9guli\u00e8rement. En r\u00e9sum\u00e9, la <b>machine \u00e0 popcorn Livoo DOM497<\/b> repr\u00e9sente une option fiable et confortable pour ceux qui appr\u00e9cient la rapidit\u00e9 et la qualit\u00e9 dans la pr\u00e9paration de ce snack populaire.<\/p>\n<ul>\n<li>Couleur: Bleu<\/li>\n<li>puissance: 1200 W<\/li>\n<\/ul>","protected":false},"excerpt":{"rendered":"<p>Si vous recherchez des \u00e9lectrom\u00e9nagers pour votre maison aux meilleurs prix, ne manquez pas Machine \u00e0 pop-corn Livoo DOM497 Bleu et une large s\u00e9lection de petits \u00e9lectrom\u00e9nagers de qualit\u00e9 ! La machine \u00e0 popcorn DOM497 de la marque Livoo est un appareil con\u00e7u pour pr\u00e9parer rapidement et facilement du popcorn \u00e0 la maison. Son corps [&hellip;]<\/p>\n","protected":false},"featured_media":186412,"comment_status":"open","ping_status":"closed","template":"","meta":[],"product_brand":[301],"product_cat":[393,60,77],"product_tag":[59],"class_list":{"0":"post-186418","1":"product","2":"type-product","3":"status-publish","4":"has-post-thumbnail","6":"product_brand-brandp_5530","7":"product_cat-autres-appareils-de-cuisines","8":"product_cat-cuisine-gourmet","9":"product_cat-petit-electromenager","10":"product_tag-tag_1304","12":"first","13":"instock","14":"taxable","15":"shipping-taxable","16":"purchasable","17":"product-type-simple"},"_links":{"self":[{"href":"https:\/\/bigbuy.tupique.com\/en\/wp-json\/wp\/v2\/product\/186418","targetHints":{"allow":["GET"]}}],"collection":[{"href":"https:\/\/bigbuy.tupique.com\/en\/wp-json\/wp\/v2\/product"}],"about":[{"href":"https:\/\/bigbuy.tupique.com\/en\/wp-json\/wp\/v2\/types\/product"}],"replies":[{"embeddable":true,"href":"https:\/\/bigbuy.tupique.com\/en\/wp-json\/wp\/v2\/comments?post=186418"}],"wp:featuredmedia":[{"embeddable":true,"href":"https:\/\/bigbuy.tupique.com\/en\/wp-json\/wp\/v2\/media\/186412"}],"wp:attachment":[{"href":"https:\/\/bigbuy.tupique.com\/en\/wp-json\/wp\/v2\/media?parent=186418"}],"wp:term":[{"taxonomy":"product_brand","embeddable":true,"href":"https:\/\/bigbuy.tupique.com\/en\/wp-json\/wp\/v2\/product_brand?post=186418"},{"taxonomy":"product_cat","embeddable":true,"href":"https:\/\/bigbuy.tupique.com\/en\/wp-json\/wp\/v2\/product_cat?post=186418"},{"taxonomy":"product_tag","embeddable":true,"href":"https:\/\/bigbuy.tupique.com\/en\/wp-json\/wp\/v2\/product_tag?post=186418"}],"curies":[{"name":"wp","href":"https:\/\/api.w.org\/{rel}","templated":true}]}}