{"id":18641,"date":"2026-03-29T15:37:36","date_gmt":"2026-03-29T14:37:36","guid":{"rendered":"https:\/\/bigbuy.tupique.com\/produto\/printer-labels-zebra-800264-505-white-12-units\/"},"modified":"2026-04-15T01:24:57","modified_gmt":"2026-04-15T00:24:57","slug":"printer-labels-zebra-800264-505-white-12-units","status":"publish","type":"product","link":"https:\/\/bigbuy.tupique.com\/en\/produto\/printer-labels-zebra-800264-505-white-12-units\/","title":{"rendered":"Etiquettes pour Imprimante Zebra 800264-505 Blanc (12 Unit\u00e9s)"},"content":{"rendered":"<p>Si vous \u00eates passionn\u00e9 d&#8217;<b>informatique et d&#8217;\u00e9lectronique<\/b>, si vous \u00eates \u00e0 la pointe de la technologie et qu&#8217;aucun d\u00e9tail ne vous \u00e9chappe, achetez <b>Etiquettes pour Imprimante Zebra 800264-505 Blanc (12 Unit\u00e9s)<\/b> au meilleur prix.<\/p>\n<p>Le mod\u00e8le <b>Z-Select 2000D 800264-505<\/b> de <b>Zebra<\/b> est un rouleau d\u2019<b>\u00e9tiquettes adh\u00e9sives pour imprimante thermique<\/b>, fabriqu\u00e9es en <b>papier blanc<\/b> de haute qualit\u00e9, id\u00e9al pour des applications n\u00e9cessitant des \u00e9tiquettes durables et nettes. Ces \u00e9tiquettes ont un format <b>d\u00e9coup\u00e9 rectangulaire de 10,2 cm de large sur 12,7 cm de haut<\/b>, facilitant leur impression et leur usage dans divers secteurs comme la logistique, la gestion des stocks ou l\u2019\u00e9tiquetage de produits. Le rouleau pr\u00e9sente un <b>diam\u00e8tre de noyau standard de 2,54 cm<\/b>, compatible avec la plupart des imprimantes thermiques Zebra, optimisant ainsi son int\u00e9gration. Chaque paquet contient un total de <b>6780 \u00e9tiquettes r\u00e9parties en 12 unit\u00e9s<\/b>, avec environ <b>565 \u00e9tiquettes par rouleau<\/b>, offrant un volume important pour des besoins professionnels et commerciaux. La technologie de <b>ruban thermique<\/b> utilis\u00e9e permet une impression directe, sans encre, r\u00e9duisant les co\u00fbts et assurant un processus propre et efficace. De plus, la surface est recouverte d\u2019un adh\u00e9sif acrylique haute adh\u00e9rence garantissant une fixation s\u00fbre sur diverses surfaces, maintenant l\u2019int\u00e9grit\u00e9 de l\u2019\u00e9tiquette en conditions normales de stockage et d\u2019utilisation. Ce produit allie la fiabilit\u00e9 et la pr\u00e9cision qui caract\u00e9risent la marque Zebra, reconnue pour ses solutions d\u2019identification et d\u2019\u00e9tiquetage professionnelles. En r\u00e9sum\u00e9, cet ensemble d\u2019<b>\u00e9tiquettes thermiques blanches autocollantes<\/b> offre une solution pratique et durable pour ceux qui recherchent un mat\u00e9riel d\u2019\u00e9tiquetage efficace, compatible et soutenu par une marque leader du secteur.<\/p>\n<ul>\n<li>Type:\n<ul>\n<li>Bande thermique<\/li>\n<li>\u00c9tiquettes adh\u00e9sives<\/li>\n<\/ul>\n<\/li>\n<li>Couleur: Blanc<\/li>\n<li>Mati\u00e8re:\n<ul>\n<li>Papier<\/li>\n<li>Acrylique<\/li>\n<\/ul>\n<\/li>\n<li>Technologie: Thermique<\/li>\n<li>Unit\u00e9s: 12 Unit\u00e9s<\/li>\n<li>diam\u00e8tre approx.: \u00d8 25 mm<\/li>\n<li>Forme: Hexagonal<\/li>\n<\/ul>","protected":false},"excerpt":{"rendered":"<p><span class=\"unit-info\">24.7492 &euro; \/ 1 unit<\/span><\/p>","protected":false},"featured_media":18640,"comment_status":"open","ping_status":"closed","template":"","meta":[],"product_brand":[812],"product_cat":[65,581,757],"product_tag":[213,106],"class_list":{"0":"post-18641","1":"product","2":"type-product","3":"status-publish","4":"has-post-thumbnail","6":"product_brand-brandp_590","7":"product_cat-informatique-electronique","8":"product_cat-informatique-peripheriques-et-consommables","9":"product_cat-papier-pour-imprimantes","10":"product_tag-tag_933","11":"product_tag-tag_1295","13":"first","14":"instock","15":"taxable","16":"shipping-taxable","17":"purchasable","18":"product-type-simple"},"_links":{"self":[{"href":"https:\/\/bigbuy.tupique.com\/en\/wp-json\/wp\/v2\/product\/18641","targetHints":{"allow":["GET"]}}],"collection":[{"href":"https:\/\/bigbuy.tupique.com\/en\/wp-json\/wp\/v2\/product"}],"about":[{"href":"https:\/\/bigbuy.tupique.com\/en\/wp-json\/wp\/v2\/types\/product"}],"replies":[{"embeddable":true,"href":"https:\/\/bigbuy.tupique.com\/en\/wp-json\/wp\/v2\/comments?post=18641"}],"wp:featuredmedia":[{"embeddable":true,"href":"https:\/\/bigbuy.tupique.com\/en\/wp-json\/wp\/v2\/media\/18640"}],"wp:attachment":[{"href":"https:\/\/bigbuy.tupique.com\/en\/wp-json\/wp\/v2\/media?parent=18641"}],"wp:term":[{"taxonomy":"product_brand","embeddable":true,"href":"https:\/\/bigbuy.tupique.com\/en\/wp-json\/wp\/v2\/product_brand?post=18641"},{"taxonomy":"product_cat","embeddable":true,"href":"https:\/\/bigbuy.tupique.com\/en\/wp-json\/wp\/v2\/product_cat?post=18641"},{"taxonomy":"product_tag","embeddable":true,"href":"https:\/\/bigbuy.tupique.com\/en\/wp-json\/wp\/v2\/product_tag?post=18641"}],"curies":[{"name":"wp","href":"https:\/\/api.w.org\/{rel}","templated":true}]}}