{"id":186292,"date":"2026-04-15T02:58:47","date_gmt":"2026-04-15T01:58:47","guid":{"rendered":"https:\/\/bigbuy.tupique.com\/produto\/point-dacces-d-link-dap-x3060ou-blanc\/"},"modified":"2026-05-11T19:59:54","modified_gmt":"2026-05-11T17:59:54","slug":"point-dacces-d-link-dap-x3060ou-blanc","status":"publish","type":"product","link":"https:\/\/bigbuy.tupique.com\/en\/produto\/point-dacces-d-link-dap-x3060ou-blanc\/","title":{"rendered":"Point d&#8217;Acc\u00e8s D-Link DAP-X3060OU Blanc"},"content":{"rendered":"<p>Si vous \u00eates passionn\u00e9 d&#8217;<b>informatique et d&#8217;\u00e9lectronique<\/b>, si vous \u00eates \u00e0 la pointe de la technologie et qu&#8217;aucun d\u00e9tail ne vous \u00e9chappe, achetez <b>Point d&#8217;Acc\u00e8s D-Link DAP-X3060OU Blanc<\/b> au meilleur prix.<\/p>\n<ul>\n<li>Produit \u00e0 brancher: Oui<\/li>\n<li>Type de prise: Prise EU<\/li>\n<li>Type: Point d&#8217;Acc\u00e8s<\/li>\n<li>Bloc d\u2019Alimentation: r\u00e9seau \u00e9lectrique<\/li>\n<li>Couleur: Blanc<\/li>\n<li>Connexions:\n<ul>\n<li>RJ45<\/li>\n<li>PoE x 1<\/li>\n<\/ul>\n<\/li>\n<li>Fr\u00e9quence:\n<ul>\n<li>2.4 GHz-5 GHz<\/li>\n<li>5 GHz<\/li>\n<li>2,4 GHz<\/li>\n<\/ul>\n<\/li>\n<li>Connectivit\u00e9: Wi-Fi<\/li>\n<li>Plage d&#8217;humidit\u00e9 de travail: 10 % &#8211; 90 %<\/li>\n<\/ul>","protected":false},"excerpt":{"rendered":"<p>Si vous \u00eates passionn\u00e9 d&#8217;informatique et d&#8217;\u00e9lectronique, si vous \u00eates \u00e0 la pointe de la technologie et qu&#8217;aucun d\u00e9tail ne vous \u00e9chappe, achetez Point d&#8217;Acc\u00e8s D-Link DAP-X3060OU Blanc au meilleur prix. Produit \u00e0 brancher: Oui Type de prise: Prise EU Type: Point d&#8217;Acc\u00e8s Bloc d\u2019Alimentation: r\u00e9seau \u00e9lectrique Couleur: Blanc Connexions: RJ45 PoE x 1 Fr\u00e9quence: [&hellip;]<\/p>\n","protected":false},"featured_media":186291,"comment_status":"open","ping_status":"closed","template":"","meta":[],"product_brand":[640],"product_cat":[65,584,591],"product_tag":[106],"class_list":{"0":"post-186292","1":"product","2":"type-product","3":"status-publish","4":"has-post-thumbnail","6":"product_brand-brandp_543","7":"product_cat-informatique-electronique","8":"product_cat-informatique-reseaux-et-composants","9":"product_cat-points-d-acces","10":"product_tag-tag_1295","12":"first","13":"instock","14":"taxable","15":"shipping-taxable","16":"purchasable","17":"product-type-simple"},"_links":{"self":[{"href":"https:\/\/bigbuy.tupique.com\/en\/wp-json\/wp\/v2\/product\/186292","targetHints":{"allow":["GET"]}}],"collection":[{"href":"https:\/\/bigbuy.tupique.com\/en\/wp-json\/wp\/v2\/product"}],"about":[{"href":"https:\/\/bigbuy.tupique.com\/en\/wp-json\/wp\/v2\/types\/product"}],"replies":[{"embeddable":true,"href":"https:\/\/bigbuy.tupique.com\/en\/wp-json\/wp\/v2\/comments?post=186292"}],"wp:featuredmedia":[{"embeddable":true,"href":"https:\/\/bigbuy.tupique.com\/en\/wp-json\/wp\/v2\/media\/186291"}],"wp:attachment":[{"href":"https:\/\/bigbuy.tupique.com\/en\/wp-json\/wp\/v2\/media?parent=186292"}],"wp:term":[{"taxonomy":"product_brand","embeddable":true,"href":"https:\/\/bigbuy.tupique.com\/en\/wp-json\/wp\/v2\/product_brand?post=186292"},{"taxonomy":"product_cat","embeddable":true,"href":"https:\/\/bigbuy.tupique.com\/en\/wp-json\/wp\/v2\/product_cat?post=186292"},{"taxonomy":"product_tag","embeddable":true,"href":"https:\/\/bigbuy.tupique.com\/en\/wp-json\/wp\/v2\/product_tag?post=186292"}],"curies":[{"name":"wp","href":"https:\/\/api.w.org\/{rel}","templated":true}]}}