{"id":186277,"date":"2026-04-15T02:57:09","date_gmt":"2026-04-15T01:57:09","guid":{"rendered":"https:\/\/bigbuy.tupique.com\/produto\/carte-reseau-intel-x710da2blk\/"},"modified":"2026-04-16T09:01:12","modified_gmt":"2026-04-16T08:01:12","slug":"carte-reseau-intel-x710da2blk","status":"publish","type":"product","link":"https:\/\/bigbuy.tupique.com\/en\/produto\/carte-reseau-intel-x710da2blk\/","title":{"rendered":"Carte R\u00e9seau Intel X710DA2BLK"},"content":{"rendered":"<p>Si vous \u00eates passionn\u00e9 d&#8217;<b>informatique et d&#8217;\u00e9lectronique<\/b>, si vous \u00eates \u00e0 la pointe de la technologie et qu&#8217;aucun d\u00e9tail ne vous \u00e9chappe, achetez <b>Carte R\u00e9seau Intel X710DA2BLK<\/b> au meilleur prix.<\/p>\n<ul>\n<li>Couleur:\n<ul>\n<li>Noir<\/li>\n<li>Vert<\/li>\n<li>Multicouleur<\/li>\n<\/ul>\n<\/li>\n<li>Connexions:\n<ul>\n<li>SFP+<\/li>\n<li>2<\/li>\n<li>RJ45<\/li>\n<li>PCI Express<\/li>\n<\/ul>\n<\/li>\n<li>Transmission de donn\u00e9es: 10000 Mbit\/s<\/li>\n<li>Type:\n<ul>\n<li>Avec fil<\/li>\n<li>Carte R\u00e9seau<\/li>\n<\/ul>\n<\/li>\n<li>Interface: PCI Express<\/li>\n<li>Quantit\u00e9: 1<\/li>\n<li>Caract\u00e9ristiques:\n<ul>\n<li>T\u00e9moin LED<\/li>\n<li>T\u00e9moin de fonctionnement LED<\/li>\n<\/ul>\n<\/li>\n<li>Mati\u00e8re: Acier inoxydable<\/li>\n<li>Largeur: 6,7 cm<\/li>\n<li>Bloc d\u2019Alimentation: Avec fil<\/li>\n<li>Compatible: Ordinateurs<\/li>\n<li>Pr\u00e9cision (humidit\u00e9 relative): 0 % &#8211; 90 %<\/li>\n<li>Temp\u00e9rature approximative: -40\u00ba \/ 70\u00ba<\/li>\n<\/ul>","protected":false},"excerpt":{"rendered":"<p>Si vous \u00eates passionn\u00e9 d&#8217;informatique et d&#8217;\u00e9lectronique, si vous \u00eates \u00e0 la pointe de la technologie et qu&#8217;aucun d\u00e9tail ne vous \u00e9chappe, achetez Carte R\u00e9seau Intel X710DA2BLK au meilleur prix. Couleur: Noir Vert Multicouleur Connexions: SFP+ 2 RJ45 PCI Express Transmission de donn\u00e9es: 10000 Mbit\/s Type: Avec fil Carte R\u00e9seau Interface: PCI Express Quantit\u00e9: 1 [&hellip;]<\/p>\n","protected":false},"featured_media":186274,"comment_status":"open","ping_status":"closed","template":"","meta":[],"product_brand":[982],"product_cat":[604,65,584],"product_tag":[106],"class_list":{"0":"post-186277","1":"product","2":"type-product","3":"status-publish","4":"has-post-thumbnail","6":"product_brand-brandp_555","7":"product_cat-cartes-pci","8":"product_cat-informatique-electronique","9":"product_cat-informatique-reseaux-et-composants","10":"product_tag-tag_1295","12":"first","13":"instock","14":"taxable","15":"shipping-taxable","16":"purchasable","17":"product-type-simple"},"_links":{"self":[{"href":"https:\/\/bigbuy.tupique.com\/en\/wp-json\/wp\/v2\/product\/186277","targetHints":{"allow":["GET"]}}],"collection":[{"href":"https:\/\/bigbuy.tupique.com\/en\/wp-json\/wp\/v2\/product"}],"about":[{"href":"https:\/\/bigbuy.tupique.com\/en\/wp-json\/wp\/v2\/types\/product"}],"replies":[{"embeddable":true,"href":"https:\/\/bigbuy.tupique.com\/en\/wp-json\/wp\/v2\/comments?post=186277"}],"wp:featuredmedia":[{"embeddable":true,"href":"https:\/\/bigbuy.tupique.com\/en\/wp-json\/wp\/v2\/media\/186274"}],"wp:attachment":[{"href":"https:\/\/bigbuy.tupique.com\/en\/wp-json\/wp\/v2\/media?parent=186277"}],"wp:term":[{"taxonomy":"product_brand","embeddable":true,"href":"https:\/\/bigbuy.tupique.com\/en\/wp-json\/wp\/v2\/product_brand?post=186277"},{"taxonomy":"product_cat","embeddable":true,"href":"https:\/\/bigbuy.tupique.com\/en\/wp-json\/wp\/v2\/product_cat?post=186277"},{"taxonomy":"product_tag","embeddable":true,"href":"https:\/\/bigbuy.tupique.com\/en\/wp-json\/wp\/v2\/product_tag?post=186277"}],"curies":[{"name":"wp","href":"https:\/\/api.w.org\/{rel}","templated":true}]}}