{"id":186273,"date":"2026-04-15T02:56:34","date_gmt":"2026-04-15T01:56:34","guid":{"rendered":"https:\/\/bigbuy.tupique.com\/produto\/trackball-the-g-lab\/"},"modified":"2026-04-16T21:41:36","modified_gmt":"2026-04-16T20:41:36","slug":"trackball-the-g-lab","status":"publish","type":"product","link":"https:\/\/bigbuy.tupique.com\/en\/produto\/trackball-the-g-lab\/","title":{"rendered":"Trackball The G-Lab"},"content":{"rendered":"<p>Si vous \u00eates passionn\u00e9 d&#8217;<b>informatique et d&#8217;\u00e9lectronique<\/b>, si vous \u00eates \u00e0 la pointe de la technologie et qu&#8217;aucun d\u00e9tail ne vous \u00e9chappe, achetez <b>Trackball The G-Lab<\/b> au meilleur prix.<\/p>\n<p>La <b>souris sans fil gaming THE G-LAB KULT HELIUM<\/b> est un appareil con\u00e7u pour offrir pr\u00e9cision et confort lors de longues sessions de jeu. Elle pr\u00e9sente un design ergonomique disponible en <b>blanc et noir<\/b>, s\u2019adaptant \u00e0 diff\u00e9rentes pr\u00e9f\u00e9rences esth\u00e9tiques. Son capteur avanc\u00e9 permet une sensibilit\u00e9 r\u00e9glable jusqu\u2019\u00e0 <b>6400 DPI<\/b>, garantissant un suivi optimal et une r\u00e9ponse rapide, indispensables pour les jeux n\u00e9cessitant une grande pr\u00e9cision. Elle dispose de <b>6 boutons programmables<\/b> facilitant la personnalisation des commandes et raccourcis, am\u00e9liorant l\u2019efficacit\u00e9 et le contr\u00f4le en jeu. La souris utilise une technologie sans fil, \u00e9liminant les c\u00e2bles pour plus de libert\u00e9 de mouvement, et est fournie avec un c\u00e2ble de <b>1,8 m\u00e8tre<\/b> pour la charge ou la connexion si besoin, offrant une utilisation polyvalente. De plus, elle int\u00e8gre un \u00e9clairage RGB configurable pour une exp\u00e9rience visuelle attrayante et personnalisable selon le style de chaque joueur ou setup gaming. Sa conception cible les gamers recherchant un outil fiable avec des caract\u00e9ristiques techniques comp\u00e9titives sans sacrifier un design moderne et fonctionnel. Le KULT HELIUM se distingue par sa combinaison de performance, ergonomie et esth\u00e9tique, se positionnant comme une option \u00e9quilibr\u00e9e dans le segment des souris sans fil gaming milieu et haut de gamme.<\/p>\n<ul>\n<li>Couleur:\n<ul>\n<li>Blanc<\/li>\n<li>Noir<\/li>\n<\/ul>\n<\/li>\n<li>Caract\u00e9ristiques:\n<ul>\n<li>Contr\u00f4le facile avec 6 bouton<\/li>\n<li>RGB<\/li>\n<\/ul>\n<\/li>\n<li>Boutons: 6<\/li>\n<\/ul>","protected":false},"excerpt":{"rendered":"<p>Si vous \u00eates passionn\u00e9 d&#8217;informatique et d&#8217;\u00e9lectronique, si vous \u00eates \u00e0 la pointe de la technologie et qu&#8217;aucun d\u00e9tail ne vous \u00e9chappe, achetez Trackball The G-Lab au meilleur prix. La souris sans fil gaming THE G-LAB KULT HELIUM est un appareil con\u00e7u pour offrir pr\u00e9cision et confort lors de longues sessions de jeu. Elle pr\u00e9sente [&hellip;]<\/p>\n","protected":false},"featured_media":186268,"comment_status":"open","ping_status":"closed","template":"","meta":[],"product_brand":[1774],"product_cat":[65,581,1773],"product_tag":[59,106],"class_list":{"0":"post-186273","1":"product","2":"type-product","3":"status-publish","4":"has-post-thumbnail","6":"product_brand-brandp_3385","7":"product_cat-informatique-electronique","8":"product_cat-informatique-peripheriques-et-consommables","9":"product_cat-tapis-de-souris-et-la-souris","10":"product_tag-tag_1304","11":"product_tag-tag_1295","13":"first","14":"instock","15":"taxable","16":"shipping-taxable","17":"purchasable","18":"product-type-simple"},"_links":{"self":[{"href":"https:\/\/bigbuy.tupique.com\/en\/wp-json\/wp\/v2\/product\/186273","targetHints":{"allow":["GET"]}}],"collection":[{"href":"https:\/\/bigbuy.tupique.com\/en\/wp-json\/wp\/v2\/product"}],"about":[{"href":"https:\/\/bigbuy.tupique.com\/en\/wp-json\/wp\/v2\/types\/product"}],"replies":[{"embeddable":true,"href":"https:\/\/bigbuy.tupique.com\/en\/wp-json\/wp\/v2\/comments?post=186273"}],"wp:featuredmedia":[{"embeddable":true,"href":"https:\/\/bigbuy.tupique.com\/en\/wp-json\/wp\/v2\/media\/186268"}],"wp:attachment":[{"href":"https:\/\/bigbuy.tupique.com\/en\/wp-json\/wp\/v2\/media?parent=186273"}],"wp:term":[{"taxonomy":"product_brand","embeddable":true,"href":"https:\/\/bigbuy.tupique.com\/en\/wp-json\/wp\/v2\/product_brand?post=186273"},{"taxonomy":"product_cat","embeddable":true,"href":"https:\/\/bigbuy.tupique.com\/en\/wp-json\/wp\/v2\/product_cat?post=186273"},{"taxonomy":"product_tag","embeddable":true,"href":"https:\/\/bigbuy.tupique.com\/en\/wp-json\/wp\/v2\/product_tag?post=186273"}],"curies":[{"name":"wp","href":"https:\/\/api.w.org\/{rel}","templated":true}]}}