{"id":185928,"date":"2026-04-15T01:27:05","date_gmt":"2026-04-15T00:27:05","guid":{"rendered":"https:\/\/bigbuy.tupique.com\/produto\/projecteur-mobile-fisher-price-blanc-multicouleur-plastique\/"},"modified":"2026-04-16T19:35:36","modified_gmt":"2026-04-16T18:35:36","slug":"projecteur-mobile-fisher-price-blanc-multicouleur-plastique","status":"publish","type":"product","link":"https:\/\/bigbuy.tupique.com\/en\/produto\/projecteur-mobile-fisher-price-blanc-multicouleur-plastique\/","title":{"rendered":"Projecteur mobile Fisher Price Blanc Multicouleur Plastique"},"content":{"rendered":"<p>Les enfants m\u00e9ritent ce qu\u2019il y a de mieux, nous vous pr\u00e9sentons donc <b>Projecteur mobile Fisher Price Blanc Multicouleur Plastique<\/b>, id\u00e9al pour ceux qui cherchent des produits de qualit\u00e9 pour les plus petits ! Procurez-vous <b>Fisher Price<\/b> aux meilleurs prix !<\/p>\n<ul>\n<li>\u00c2ge recommand\u00e9:\n<ul>\n<li>+ 0 Ans<\/li>\n<li>+ 0 Mois<\/li>\n<\/ul>\n<\/li>\n<li>Couleur:\n<ul>\n<li>Blanc<\/li>\n<li>Multicouleur<\/li>\n<\/ul>\n<\/li>\n<li>Mat\u00e9riel: Plastique<\/li>\n<li>Fonctionne \u00e0 piles: Oui<\/li>\n<li>Nombre de batteries: 4 x AA<\/li>\n<\/ul>","protected":false},"excerpt":{"rendered":"<p>Les enfants m\u00e9ritent ce qu\u2019il y a de mieux, nous vous pr\u00e9sentons donc Projecteur mobile Fisher Price Blanc Multicouleur Plastique, id\u00e9al pour ceux qui cherchent des produits de qualit\u00e9 pour les plus petits ! Procurez-vous Fisher Price aux meilleurs prix ! \u00c2ge recommand\u00e9: + 0 Ans + 0 Mois Couleur: Blanc Multicouleur Mat\u00e9riel: Plastique Fonctionne [&hellip;]<\/p>\n","protected":false},"featured_media":185920,"comment_status":"open","ping_status":"closed","template":"","meta":[],"product_brand":[117],"product_cat":[157,158,1767],"product_tag":[59],"class_list":{"0":"post-185928","1":"product","2":"type-product","3":"status-publish","4":"has-post-thumbnail","6":"product_brand-brandp_9695","7":"product_cat-jouets-deguisements","8":"product_cat-jouets-et-jeux","9":"product_cat-jouets-pour-bebes","10":"product_tag-tag_1304","12":"first","13":"instock","14":"taxable","15":"shipping-taxable","16":"purchasable","17":"product-type-simple"},"_links":{"self":[{"href":"https:\/\/bigbuy.tupique.com\/en\/wp-json\/wp\/v2\/product\/185928","targetHints":{"allow":["GET"]}}],"collection":[{"href":"https:\/\/bigbuy.tupique.com\/en\/wp-json\/wp\/v2\/product"}],"about":[{"href":"https:\/\/bigbuy.tupique.com\/en\/wp-json\/wp\/v2\/types\/product"}],"replies":[{"embeddable":true,"href":"https:\/\/bigbuy.tupique.com\/en\/wp-json\/wp\/v2\/comments?post=185928"}],"wp:featuredmedia":[{"embeddable":true,"href":"https:\/\/bigbuy.tupique.com\/en\/wp-json\/wp\/v2\/media\/185920"}],"wp:attachment":[{"href":"https:\/\/bigbuy.tupique.com\/en\/wp-json\/wp\/v2\/media?parent=185928"}],"wp:term":[{"taxonomy":"product_brand","embeddable":true,"href":"https:\/\/bigbuy.tupique.com\/en\/wp-json\/wp\/v2\/product_brand?post=185928"},{"taxonomy":"product_cat","embeddable":true,"href":"https:\/\/bigbuy.tupique.com\/en\/wp-json\/wp\/v2\/product_cat?post=185928"},{"taxonomy":"product_tag","embeddable":true,"href":"https:\/\/bigbuy.tupique.com\/en\/wp-json\/wp\/v2\/product_tag?post=185928"}],"curies":[{"name":"wp","href":"https:\/\/api.w.org\/{rel}","templated":true}]}}