{"id":185915,"date":"2026-04-15T01:24:51","date_gmt":"2026-04-15T00:24:51","guid":{"rendered":"https:\/\/bigbuy.tupique.com\/produto\/jouet-educatif-lisciani-giochi-educational-game-collection-fr\/"},"modified":"2026-04-16T15:55:34","modified_gmt":"2026-04-16T14:55:34","slug":"jouet-educatif-lisciani-giochi-educational-game-collection-fr","status":"publish","type":"product","link":"https:\/\/bigbuy.tupique.com\/en\/produto\/jouet-educatif-lisciani-giochi-educational-game-collection-fr\/","title":{"rendered":"Jouet Educatif Lisciani Giochi Educational Game Collection (FR)"},"content":{"rendered":"<p>Les enfants m\u00e9ritent ce qu\u2019il y a de mieux, nous vous pr\u00e9sentons donc <b>Jouet Educatif Lisciani Giochi Educational Game Collection (FR)<\/b>, id\u00e9al pour ceux qui cherchent des produits de qualit\u00e9 pour les plus petits ! Procurez-vous <b>Lisciani Giochi<\/b> et bien d\u2019autres marques et licences aux meilleurs prix !<\/p>\n<ul>\n<li>Mat\u00e9riel: Carton<\/li>\n<li>Langue: Fran\u00e7ais<\/li>\n<li>\u00c2ge recommand\u00e9: + 2 Ans<\/li>\n<li>Type: Jouet Educatif<\/li>\n<\/ul>","protected":false},"excerpt":{"rendered":"<p>Les enfants m\u00e9ritent ce qu\u2019il y a de mieux, nous vous pr\u00e9sentons donc Jouet Educatif Lisciani Giochi Educational Game Collection (FR), id\u00e9al pour ceux qui cherchent des produits de qualit\u00e9 pour les plus petits ! Procurez-vous Lisciani Giochi et bien d\u2019autres marques et licences aux meilleurs prix ! Mat\u00e9riel: Carton Langue: Fran\u00e7ais \u00c2ge recommand\u00e9: + [&hellip;]<\/p>\n","protected":false},"featured_media":185911,"comment_status":"open","ping_status":"closed","template":"","meta":[],"product_brand":[1768],"product_cat":[1376,157,158],"product_tag":[57,59],"class_list":{"0":"post-185915","1":"product","2":"type-product","3":"status-publish","4":"has-post-thumbnail","6":"product_brand-brandp_6167","7":"product_cat-jeux-educatifs","8":"product_cat-jouets-deguisements","9":"product_cat-jouets-et-jeux","10":"product_tag-tag_1275","11":"product_tag-tag_1304","13":"first","14":"instock","15":"taxable","16":"shipping-taxable","17":"purchasable","18":"product-type-simple"},"_links":{"self":[{"href":"https:\/\/bigbuy.tupique.com\/en\/wp-json\/wp\/v2\/product\/185915","targetHints":{"allow":["GET"]}}],"collection":[{"href":"https:\/\/bigbuy.tupique.com\/en\/wp-json\/wp\/v2\/product"}],"about":[{"href":"https:\/\/bigbuy.tupique.com\/en\/wp-json\/wp\/v2\/types\/product"}],"replies":[{"embeddable":true,"href":"https:\/\/bigbuy.tupique.com\/en\/wp-json\/wp\/v2\/comments?post=185915"}],"wp:featuredmedia":[{"embeddable":true,"href":"https:\/\/bigbuy.tupique.com\/en\/wp-json\/wp\/v2\/media\/185911"}],"wp:attachment":[{"href":"https:\/\/bigbuy.tupique.com\/en\/wp-json\/wp\/v2\/media?parent=185915"}],"wp:term":[{"taxonomy":"product_brand","embeddable":true,"href":"https:\/\/bigbuy.tupique.com\/en\/wp-json\/wp\/v2\/product_brand?post=185915"},{"taxonomy":"product_cat","embeddable":true,"href":"https:\/\/bigbuy.tupique.com\/en\/wp-json\/wp\/v2\/product_cat?post=185915"},{"taxonomy":"product_tag","embeddable":true,"href":"https:\/\/bigbuy.tupique.com\/en\/wp-json\/wp\/v2\/product_tag?post=185915"}],"curies":[{"name":"wp","href":"https:\/\/api.w.org\/{rel}","templated":true}]}}