{"id":18583,"date":"2026-03-29T15:26:02","date_gmt":"2026-03-29T14:26:02","guid":{"rendered":"https:\/\/bigbuy.tupique.com\/produto\/superautomatic-coffee-maker-melitta-e950-222-black-1400-w-15-bar\/"},"modified":"2026-04-16T19:30:50","modified_gmt":"2026-04-16T18:30:50","slug":"superautomatic-coffee-maker-melitta-e950-222-black-1400-w-15-bar","status":"publish","type":"product","link":"https:\/\/bigbuy.tupique.com\/en\/produto\/superautomatic-coffee-maker-melitta-e950-222-black-1400-w-15-bar\/","title":{"rendered":"Cafeti\u00e8re superautomatique Melitta E950-222 Noir 1400 W 15 bar"},"content":{"rendered":"<p>Si vous recherchez des \u00e9lectrom\u00e9nagers pour votre maison aux meilleurs prix, ne manquez pas <b>Cafeti\u00e8re superautomatique Melitta E950-222 Noir 1400 W 15 bar<\/b> et une large s\u00e9lection de petits \u00e9lectrom\u00e9nagers de qualit\u00e9 !<\/p>\n<p>La <b>Melitta E 950-222<\/b> est une <b>cafeti\u00e8re super-automatique<\/b> con\u00e7ue pour ceux qui recherchent confort et pr\u00e9cision dans la pr\u00e9paration quotidienne de l\u2019espresso \u00e0 la maison. Sa finition \u00e9l\u00e9gante <b>noire<\/b> et sa structure en <b>plastique r\u00e9sistant<\/b> s\u2019int\u00e8grent discr\u00e8tement dans toute cuisine moderne, tandis que sa <b>largeur compacte de 20 cm<\/b> facilite son installation m\u00eame dans les espaces r\u00e9duits. \u00c9quip\u00e9e d\u2019un &lt;b;moulin int\u00e9gr\u00e9<\/b>, elle permet de moudre le caf\u00e9 en grains \u00e0 l\u2019instant, garantissant toujours fra\u00eecheur de go\u00fbt et d\u2019ar\u00f4me dans chaque tasse. Son <b>r\u00e9servoir d\u2019eau amovible de 1,2 litre<\/b> offre une autonomie suffisante pour plusieurs services sans recharges fr\u00e9quentes, et le <b>r\u00e9servoir \u00e0 caf\u00e9 de 120 g<\/b> facilite la gestion des grains. L\u2019<b>\u00e9cran LCD<\/b> intuitif assure une utilisation facile, permettant de s\u00e9lectionner les fonctions et de personnaliser chaque pr\u00e9paration avec pr\u00e9cision. La <b>puissance de 1400 W<\/b> garantit un chauffage rapide et une extraction efficace, tant pour les espressos que pour d\u2019autres vari\u00e9t\u00e9s de caf\u00e9 pr\u00e9par\u00e9es automatiquement d\u2019une simple pression. La combinaison de ces \u00e9l\u00e9ments fait de la Melitta E 950-222 une solution compl\u00e8te pour ceux qui appr\u00e9cient la qualit\u00e9 professionnelle du caf\u00e9, la praticit\u00e9 du syst\u00e8me super-automatique et la facilit\u00e9 d\u2019entretien gr\u00e2ce \u00e0 ses composants amovibles. Cette cafeti\u00e8re est id\u00e9ale pour l\u2019utilisateur qui privil\u00e9gie l\u2019excellence du r\u00e9sultat et la simplicit\u00e9 d\u2019utilisation au quotidien.<\/p>\n<ul>\n<li>Type:\n<ul>\n<li>Cafeti\u00e8re superautomatique<\/li>\n<li>Machine \u00e0 espresso<\/li>\n<\/ul>\n<\/li>\n<li>Produit \u00e0 brancher: Oui<\/li>\n<li>Bloc d\u2019Alimentation: r\u00e9seau \u00e9lectrique<\/li>\n<li>Couleur: Noir<\/li>\n<li>Largeur: 20 cm<\/li>\n<li>puissance: 1400 W<\/li>\n<li>\u00c9lev\u00e9: 32,5 cm<\/li>\n<li>Long:\n<ul>\n<li>45,5 cm<\/li>\n<li>1 m<\/li>\n<\/ul>\n<\/li>\n<li>Pression: 15 bar<\/li>\n<li>Capacit\u00e9:\n<ul>\n<li>125 g<\/li>\n<li>1,2 L<\/li>\n<\/ul>\n<\/li>\n<li>Mati\u00e8re: Plastique<\/li>\n<li>Caract\u00e9ristiques:\n<ul>\n<li>R\u00e9servoir d&#8217;eau amovible<\/li>\n<li>Indicateur de niveau d&#8217;eau<\/li>\n<\/ul>\n<\/li>\n<li>Tension: 240 V<\/li>\n<li>Inclut: Ecran<\/li>\n<li>Niveau sonore: 44 dB<\/li>\n<li>Technologie: LCD<\/li>\n<\/ul>","protected":false},"excerpt":{"rendered":"<p><span class=\"unit-info\">298.3920 &euro; \/ 100 gr<\/span><\/p>","protected":false},"featured_media":18580,"comment_status":"open","ping_status":"closed","template":"","meta":[],"product_brand":[305],"product_cat":[725,60,77],"product_tag":[59,56],"class_list":{"0":"post-18583","1":"product","2":"type-product","3":"status-publish","4":"has-post-thumbnail","6":"product_brand-brandp_4976","7":"product_cat-cafetieres","8":"product_cat-cuisine-gourmet","9":"product_cat-petit-electromenager","10":"product_tag-tag_1304","11":"product_tag-tag_930","13":"first","14":"instock","15":"taxable","16":"shipping-taxable","17":"purchasable","18":"product-type-simple"},"_links":{"self":[{"href":"https:\/\/bigbuy.tupique.com\/en\/wp-json\/wp\/v2\/product\/18583","targetHints":{"allow":["GET"]}}],"collection":[{"href":"https:\/\/bigbuy.tupique.com\/en\/wp-json\/wp\/v2\/product"}],"about":[{"href":"https:\/\/bigbuy.tupique.com\/en\/wp-json\/wp\/v2\/types\/product"}],"replies":[{"embeddable":true,"href":"https:\/\/bigbuy.tupique.com\/en\/wp-json\/wp\/v2\/comments?post=18583"}],"wp:featuredmedia":[{"embeddable":true,"href":"https:\/\/bigbuy.tupique.com\/en\/wp-json\/wp\/v2\/media\/18580"}],"wp:attachment":[{"href":"https:\/\/bigbuy.tupique.com\/en\/wp-json\/wp\/v2\/media?parent=18583"}],"wp:term":[{"taxonomy":"product_brand","embeddable":true,"href":"https:\/\/bigbuy.tupique.com\/en\/wp-json\/wp\/v2\/product_brand?post=18583"},{"taxonomy":"product_cat","embeddable":true,"href":"https:\/\/bigbuy.tupique.com\/en\/wp-json\/wp\/v2\/product_cat?post=18583"},{"taxonomy":"product_tag","embeddable":true,"href":"https:\/\/bigbuy.tupique.com\/en\/wp-json\/wp\/v2\/product_tag?post=18583"}],"curies":[{"name":"wp","href":"https:\/\/api.w.org\/{rel}","templated":true}]}}