{"id":185742,"date":"2026-04-15T00:50:55","date_gmt":"2026-04-14T23:50:55","guid":{"rendered":"https:\/\/bigbuy.tupique.com\/produto\/lecteur-de-codes-barres-honeywell-orbit-7120\/"},"modified":"2026-05-11T19:58:49","modified_gmt":"2026-05-11T17:58:49","slug":"lecteur-de-codes-barres-honeywell-orbit-7120","status":"publish","type":"product","link":"https:\/\/bigbuy.tupique.com\/en\/produto\/lecteur-de-codes-barres-honeywell-orbit-7120\/","title":{"rendered":"Lecteur de Codes Barres Honeywell Orbit 7120"},"content":{"rendered":"<p>Si vous \u00eates passionn\u00e9 d&#8217;<b>informatique et d&#8217;\u00e9lectronique<\/b>, si vous \u00eates \u00e0 la pointe de la technologie et qu&#8217;aucun d\u00e9tail ne vous \u00e9chappe, achetez <b>Lecteur de Codes Barres Honeywell Orbit 7120<\/b> au meilleur prix.<\/p>\n<ul>\n<li>Type:\n<ul>\n<li>Lecteur de Codes Barres<\/li>\n<li>1D<\/li>\n<\/ul>\n<\/li>\n<li>Couleur: Noir<\/li>\n<li>Connexions: USB<\/li>\n<li>Laser: 650 nm<\/li>\n<\/ul>","protected":false},"excerpt":{"rendered":"<p>Si vous \u00eates passionn\u00e9 d&#8217;informatique et d&#8217;\u00e9lectronique, si vous \u00eates \u00e0 la pointe de la technologie et qu&#8217;aucun d\u00e9tail ne vous \u00e9chappe, achetez Lecteur de Codes Barres Honeywell Orbit 7120 au meilleur prix. Type: Lecteur de Codes Barres 1D Couleur: Noir Connexions: USB Laser: 650 nm<\/p>","protected":false},"featured_media":185741,"comment_status":"open","ping_status":"closed","template":"","meta":[],"product_brand":[1066],"product_cat":[65,584,625],"product_tag":[210],"class_list":{"0":"post-185742","1":"product","2":"type-product","3":"status-publish","4":"has-post-thumbnail","6":"product_brand-brandp_591","7":"product_cat-informatique-electronique","8":"product_cat-informatique-reseaux-et-composants","9":"product_cat-multilecteurs","10":"product_tag-tag_25","12":"first","13":"instock","14":"taxable","15":"shipping-taxable","16":"purchasable","17":"product-type-simple"},"_links":{"self":[{"href":"https:\/\/bigbuy.tupique.com\/en\/wp-json\/wp\/v2\/product\/185742","targetHints":{"allow":["GET"]}}],"collection":[{"href":"https:\/\/bigbuy.tupique.com\/en\/wp-json\/wp\/v2\/product"}],"about":[{"href":"https:\/\/bigbuy.tupique.com\/en\/wp-json\/wp\/v2\/types\/product"}],"replies":[{"embeddable":true,"href":"https:\/\/bigbuy.tupique.com\/en\/wp-json\/wp\/v2\/comments?post=185742"}],"wp:featuredmedia":[{"embeddable":true,"href":"https:\/\/bigbuy.tupique.com\/en\/wp-json\/wp\/v2\/media\/185741"}],"wp:attachment":[{"href":"https:\/\/bigbuy.tupique.com\/en\/wp-json\/wp\/v2\/media?parent=185742"}],"wp:term":[{"taxonomy":"product_brand","embeddable":true,"href":"https:\/\/bigbuy.tupique.com\/en\/wp-json\/wp\/v2\/product_brand?post=185742"},{"taxonomy":"product_cat","embeddable":true,"href":"https:\/\/bigbuy.tupique.com\/en\/wp-json\/wp\/v2\/product_cat?post=185742"},{"taxonomy":"product_tag","embeddable":true,"href":"https:\/\/bigbuy.tupique.com\/en\/wp-json\/wp\/v2\/product_tag?post=185742"}],"curies":[{"name":"wp","href":"https:\/\/api.w.org\/{rel}","templated":true}]}}