{"id":185556,"date":"2026-04-15T00:13:56","date_gmt":"2026-04-14T23:13:56","guid":{"rendered":"https:\/\/bigbuy.tupique.com\/produto\/disque-dur-externe-seagate-stkm5000400\/"},"modified":"2026-04-16T21:20:57","modified_gmt":"2026-04-16T20:20:57","slug":"disque-dur-externe-seagate-stkm5000400","status":"publish","type":"product","link":"https:\/\/bigbuy.tupique.com\/en\/produto\/disque-dur-externe-seagate-stkm5000400\/","title":{"rendered":"Disque Dur Externe Seagate STKM5000400"},"content":{"rendered":"<p>Si vous \u00eates passionn\u00e9 d&#8217;<b>informatique et d&#8217;\u00e9lectronique<\/b>, si vous \u00eates \u00e0 la pointe de la technologie et qu&#8217;aucun d\u00e9tail ne vous \u00e9chappe, achetez <b>Disque Dur Externe Seagate STKM5000400<\/b> au meilleur prix.<\/p>\n<ul>\n<li>Type: Disque Dur Externe<\/li>\n<li>Couleur: Noir<\/li>\n<li>Connexions:\n<ul>\n<li>USB<\/li>\n<li>USB 3.2<\/li>\n<li>USB x 3<\/li>\n<\/ul>\n<\/li>\n<li>Connectivit\u00e9: Bluetooth<\/li>\n<li>Compatible:\n<ul>\n<li>Windows<\/li>\n<li>macOS<\/li>\n<\/ul>\n<\/li>\n<li>Taille:\n<ul>\n<li>3,5&#8243;<\/li>\n<li>2,5&#8243;<\/li>\n<\/ul>\n<\/li>\n<li>puissance: 3600 W<\/li>\n<li>Non inclut: Wi-Fi<\/li>\n<li>Disque dur: 5 TB<\/li>\n<\/ul>","protected":false},"excerpt":{"rendered":"<p>Si vous \u00eates passionn\u00e9 d&#8217;informatique et d&#8217;\u00e9lectronique, si vous \u00eates \u00e0 la pointe de la technologie et qu&#8217;aucun d\u00e9tail ne vous \u00e9chappe, achetez Disque Dur Externe Seagate STKM5000400 au meilleur prix. Type: Disque Dur Externe Couleur: Noir Connexions: USB USB 3.2 USB x 3 Connectivit\u00e9: Bluetooth Compatible: Windows macOS Taille: 3,5&#8243; 2,5&#8243; puissance: 3600 W [&hellip;]<\/p>\n","protected":false},"featured_media":185555,"comment_status":"open","ping_status":"closed","template":"","meta":[],"product_brand":[641],"product_cat":[588,65,584],"product_tag":[59,106],"class_list":{"0":"post-185556","1":"product","2":"type-product","3":"status-publish","4":"has-post-thumbnail","6":"product_brand-brandp_578","7":"product_cat-disques-durs","8":"product_cat-informatique-electronique","9":"product_cat-informatique-reseaux-et-composants","10":"product_tag-tag_1304","11":"product_tag-tag_1295","13":"first","14":"instock","15":"taxable","16":"shipping-taxable","17":"purchasable","18":"product-type-simple"},"_links":{"self":[{"href":"https:\/\/bigbuy.tupique.com\/en\/wp-json\/wp\/v2\/product\/185556","targetHints":{"allow":["GET"]}}],"collection":[{"href":"https:\/\/bigbuy.tupique.com\/en\/wp-json\/wp\/v2\/product"}],"about":[{"href":"https:\/\/bigbuy.tupique.com\/en\/wp-json\/wp\/v2\/types\/product"}],"replies":[{"embeddable":true,"href":"https:\/\/bigbuy.tupique.com\/en\/wp-json\/wp\/v2\/comments?post=185556"}],"wp:featuredmedia":[{"embeddable":true,"href":"https:\/\/bigbuy.tupique.com\/en\/wp-json\/wp\/v2\/media\/185555"}],"wp:attachment":[{"href":"https:\/\/bigbuy.tupique.com\/en\/wp-json\/wp\/v2\/media?parent=185556"}],"wp:term":[{"taxonomy":"product_brand","embeddable":true,"href":"https:\/\/bigbuy.tupique.com\/en\/wp-json\/wp\/v2\/product_brand?post=185556"},{"taxonomy":"product_cat","embeddable":true,"href":"https:\/\/bigbuy.tupique.com\/en\/wp-json\/wp\/v2\/product_cat?post=185556"},{"taxonomy":"product_tag","embeddable":true,"href":"https:\/\/bigbuy.tupique.com\/en\/wp-json\/wp\/v2\/product_tag?post=185556"}],"curies":[{"name":"wp","href":"https:\/\/api.w.org\/{rel}","templated":true}]}}